{"id":8036,"date":"2023-09-30T10:27:35","date_gmt":"2023-09-30T10:27:35","guid":{"rendered":"https:\/\/artigosvip.com\/?page_id=8036"},"modified":"2023-10-07T08:35:02","modified_gmt":"2023-10-07T08:35:02","slug":"politica-de-privacitat","status":"publish","type":"page","link":"https:\/\/artigosvip.com\/ca\/politica-de-privacidade\/","title":{"rendered":"Pol\u00edtica de privacitat"},"content":{"rendered":"<p>La vostra privadesa \u00e9s important per a nosaltres. La pol\u00edtica d&#039;Artigos Vip \u00e9s respectar la vostra privadesa pel que fa a qualsevol informaci\u00f3 que puguem recopilar al lloc web. <a href=\"https:\/\/artigosvip.com\/ca\/\">Articles VIP<\/a>, i altres llocs web que posse\u00efm i operem.<\/p>\n\n\n\n<p>Nom\u00e9s demanem informaci\u00f3 personal quan realment la necessitem per oferir-vos un servei. La recopilem per mitjans justos i legals, amb el vostre coneixement i consentiment. Tamb\u00e9 us informem per qu\u00e8 la recopilem i com s&#039;utilitzar\u00e0.<\/p>\n\n\n\n<p>Nom\u00e9s conservem la informaci\u00f3 recopilada durant el temps necessari per proporcionar-vos el servei que heu sol\u00b7licitat. Les dades que emmagatzemem, les protegim dins dels mitjans comercialment acceptables per evitar la p\u00e8rdua i el robatori, aix\u00ed com l&#039;acc\u00e9s, la divulgaci\u00f3, la c\u00f2pia, l&#039;\u00fas o la modificaci\u00f3 no autoritzats.<\/p>\n\n\n\n<p>No compartim informaci\u00f3 personal identificable p\u00fablicament ni amb tercers, excepte quan ho exigeixi la llei.<\/p>\n\n\n\n<p>El nostre lloc web pot contenir enlla\u00e7os a llocs externs que no gestionem. Tingueu en compte que no tenim cap control sobre el contingut i les pr\u00e0ctiques d&#039;aquests llocs i no podem acceptar cap responsabilitat per les seves respectives pol\u00edtiques de privadesa.<\/p>\n\n\n\n<p>Sou lliure de rebutjar la nostra sol\u00b7licitud de la vostra informaci\u00f3 personal, amb el benent\u00e8s que \u00e9s possible que no puguem proporcionar-vos alguns dels serveis que desitgeu.<\/p>\n\n\n\n<p>L&#039;\u00fas continuat del nostre lloc web es considerar\u00e0 una acceptaci\u00f3 de les nostres pr\u00e0ctiques de privadesa i informaci\u00f3 personal. Si teniu cap pregunta sobre com gestionem les dades dels usuaris i la informaci\u00f3 personal, poseu-vos en contacte amb nosaltres.<\/p>\n\n\n\n<h3 class=\"wp-block-heading\" data-no-translation=\"\">Pol\u00edtica de Cookies Artigos Vip<\/h3>\n\n\n\n<h3 class=\"wp-block-heading\" data-no-translation=\"\">O que s\u00e3o cookies?<\/h3>\n\n\n\n<p>Com \u00e9s pr\u00e0ctica habitual a gaireb\u00e9 tots els llocs web professionals, aquest lloc utilitza cookies, que s\u00f3n petits fitxers que es descarreguen a l&#039;ordinador per millorar la vostra experi\u00e8ncia. Aquesta p\u00e0gina descriu quina informaci\u00f3 recopilen, com la fem servir i per qu\u00e8 de vegades necessitem emmagatzemar aquestes cookies. Tamb\u00e9 compartirem com podeu evitar que s&#039;emmagatzemin aquestes cookies; tanmateix, aix\u00f2 pot degradar o &quot;trencar&quot; certs elements de la funcionalitat del lloc.<\/p>\n\n\n\n<h3 class=\"wp-block-heading\" data-no-translation=\"\">Como usamos os cookies?<\/h3>\n\n\n\n<p>Fem servir galetes (cookies) per diversos motius, que es detallen a continuaci\u00f3. Malauradament, en la majoria dels casos, no hi ha opcions est\u00e0ndard del sector per desactivar les galetes sense desactivar completament la funcionalitat i les caracter\u00edstiques que afegeixen a aquest lloc. Es recomana que deixeu activades totes les galetes si no esteu segurs de si les necessiteu o no, en cas que s&#039;utilitzin per proporcionar un servei que feu servir.<\/p>\n\n\n\n<h3 class=\"wp-block-heading\" data-no-translation=\"\">Desativar cookies<\/h3>\n\n\n\n<p>Podeu evitar que s&#039;instal\u00b7lin galetes (cookies) ajustant la configuraci\u00f3 del navegador (consulteu l&#039;ajuda del navegador per saber com fer-ho). Tingueu en compte que la desactivaci\u00f3 de les galetes afectar\u00e0 la funcionalitat d&#039;aquest i de molts altres llocs web que visiteu. La desactivaci\u00f3 de les galetes normalment tamb\u00e9 comportar\u00e0 la desactivaci\u00f3 de certes funcionalitats i caracter\u00edstiques d&#039;aquest lloc. Per tant, es recomana que no desactiveu les galetes.<\/p>\n\n\n\n<h3 class=\"wp-block-heading\" data-no-translation=\"\">Cookies que definimos<\/h3>\n\n\n\n<ul class=\"wp-block-list\">\n<li>Galetes relacionades amb el compte: Si creeu un compte amb nosaltres, farem servir galetes per a la gesti\u00f3 del proc\u00e9s de registre i l&#039;administraci\u00f3 general. Aquestes galetes generalment s&#039;eliminaran quan tanqueu la sessi\u00f3; tanmateix, en alguns casos poden romandre despr\u00e9s per recordar les vostres prefer\u00e8ncies del lloc quan tanqueu la sessi\u00f3.<\/li>\n\n\n\n<li>Galetes relacionades amb l&#039;inici de sessi\u00f3: Fem servir galetes quan esteu connectats per recordar-ho. Aix\u00f2 us evita haver d&#039;iniciar sessi\u00f3 cada vegada que visiteu una p\u00e0gina nova. Aquestes galetes normalment s&#039;eliminen o s&#039;esborren quan tanqueu la sessi\u00f3 per garantir que nom\u00e9s pugueu accedir a funcions i \u00e0rees restringides quan h\u00e0giu iniciat la sessi\u00f3.<\/li>\n\n\n\n<li>Galetes relacionades amb butlletins informatius per correu electr\u00f2nic Aquest lloc ofereix serveis de subscripci\u00f3 a butlletins informatius o correu electr\u00f2nic i les galetes es poden utilitzar per recordar si ja esteu registrat i si voleu mostrar certes notificacions que nom\u00e9s poden ser v\u00e0lides per a usuaris subscrits\/no subscrits.<\/li>\n\n\n\n<li>Galetes relacionades amb el processament de comandes Aquest lloc ofereix serveis de comer\u00e7 electr\u00f2nic o de pagament i algunes galetes s\u00f3n essencials per garantir que la vostra comanda es recordi entre p\u00e0gines perqu\u00e8 puguem processar-la correctament.<\/li>\n\n\n\n<li>Galetes relacionades amb enquestes: Peri\u00f2dicament oferim enquestes i q\u00fcestionaris per proporcionar-vos informaci\u00f3 interessant, eines \u00fatils o per entendre la nostra base d&#039;usuaris amb m\u00e9s precisi\u00f3. Aquestes enquestes poden utilitzar galetes per recordar qui ja ha participat en una enquesta o per proporcionar-vos resultats precisos despr\u00e9s que canvieu de p\u00e0gina.<\/li>\n\n\n\n<li>Galetes relacionades amb formularis Quan envieu dades a trav\u00e9s d&#039;un formulari com els que es troben a les p\u00e0gines de contacte o als formularis de comentaris, es poden configurar galetes per recordar les vostres dades d&#039;usuari per a futures correspond\u00e8ncies.<\/li>\n\n\n\n<li>Galetes de prefer\u00e8ncies del lloc web: Per tal d&#039;oferir-vos una experi\u00e8ncia excel\u00b7lent en aquest lloc, us oferim la funcionalitat de definir les vostres prefer\u00e8ncies sobre com funciona aquest lloc quan l&#039;utilitzeu. Per recordar les vostres prefer\u00e8ncies, necessitem configurar galetes perqu\u00e8 aquesta informaci\u00f3 es pugui consultar cada vegada que interactueu amb una p\u00e0gina que estigui afectada per les vostres prefer\u00e8ncies.<\/li>\n<\/ul>\n\n\n\n<h3 class=\"wp-block-heading\" data-no-translation=\"\">Publicidade Personalizada<\/h3>\n\n\n\n<p>Els usuaris poden desactivar la publicitat personalitzada visitant la <a href=\"https:\/\/adssettings.google.com\/authenticated\">Configuraci\u00f3 d&#039;anuncis<\/a>Alternativament, podeu dirigir els usuaris perqu\u00e8 accedeixin al lloc web <a href=\"http:\/\/www.aboutads.info\">www.aboutads.info<\/a> per desactivar l&#039;\u00fas de cookies de publicitat personalitzada de tercers.<\/p>\n\n\n\n<h3 class=\"wp-block-heading\" data-no-translation=\"\">Cookies de Terceiros<\/h3>\n\n\n\n<p>En alguns casos especials, tamb\u00e9 fem servir cookies proporcionades per tercers de confian\u00e7a. La secci\u00f3 seg\u00fcent detalla quines cookies de tercers podeu trobar a trav\u00e9s d&#039;aquest lloc web.<\/p>\n\n\n\n<ul class=\"wp-block-list\">\n<li>Aquest lloc web utilitza Google Analytics, una de les solucions d&#039;an\u00e0lisi m\u00e9s esteses i fiables del web, per ajudar-nos a entendre com utilitzeu el lloc i com podem millorar la vostra experi\u00e8ncia. Aquestes galetes poden fer un seguiment de coses com ara quant de temps passeu al lloc i les p\u00e0gines que visiteu, de manera que puguem continuar produint contingut atractiu.<\/li>\n<\/ul>\n\n\n\n<p>Per obtenir m\u00e9s informaci\u00f3 sobre les galetes de Google Analytics, consulteu la p\u00e0gina oficial de Google Analytics.<\/p>\n\n\n\n<ul class=\"wp-block-list\">\n<li>Les an\u00e0lisis de tercers s&#039;utilitzen per rastrejar i mesurar l&#039;\u00fas d&#039;aquest lloc web per tal que puguem continuar produint contingut atractiu. Aquestes galetes poden rastrejar coses com ara quant de temps passeu al lloc web o les p\u00e0gines que visiteu, cosa que ens ajuda a entendre com podem millorar el lloc web per a vosaltres.<\/li>\n\n\n\n<li>Peri\u00f2dicament provem noves funcions i fem canvis subtils en la manera com es proporciona el lloc web. Quan encara estem provant noves funcions, aquestes galetes es poden utilitzar per garantir que rebeu una experi\u00e8ncia coherent mentre esteu al lloc web, alhora que entenem quines optimitzacions aprecien m\u00e9s els nostres usuaris.<\/li>\n\n\n\n<li>A mesura que venem productes, \u00e9s important que entenem les estad\u00edstiques sobre quants visitants del nostre lloc web realment fan una compra i, per tant, aquest \u00e9s el tipus de dades que rastrejaran aquestes galetes. Aix\u00f2 \u00e9s important per a vosaltres, ja que significa que podem fer prediccions comercials precises que ens permeten controlar els costos de la nostra publicitat i dels productes per garantir el millor preu possible.<\/li>\n\n\n\n<li>El servei Google AdSense que fem servir per publicar publicitat utilitza una galeta de DoubleClick per publicar anuncis m\u00e9s rellevants a la web i limitar el nombre de vegades que es mostra un anunci determinat.<br>Per obtenir m\u00e9s informaci\u00f3 sobre Google AdSense, consulteu les preguntes freq\u00fcents sobre la privadesa oficial de Google AdSense.<\/li>\n\n\n\n<li>Fem servir la publicitat per compensar els costos de funcionament d&#039;aquest lloc web i per proporcionar finan\u00e7ament per al desenvolupament futur. Les galetes de publicitat comportamental que utilitza aquest lloc web estan dissenyades per garantir que us proporcionem la publicitat m\u00e9s rellevant possible mitjan\u00e7ant un seguiment an\u00f2nim dels vostres interessos i la presentaci\u00f3 de contingut similar que us pugui interessar.<\/li>\n\n\n\n<li>Diversos socis anuncien en nom nostre, i les galetes de seguiment d&#039;afiliats simplement ens permeten veure si els nostres clients han arribat al lloc a trav\u00e9s d&#039;un dels llocs dels nostres socis per tal que puguem acreditar-los adequadament i, si escau, permetre que els nostres socis afiliats us proporcionin qualsevol incentiu que us puguin proporcionar per fer una compra.<\/li>\n<\/ul>\n\n\n\n<h3 class=\"wp-block-heading\" data-no-translation=\"\">Compromisso do Usu\u00e1rio<\/h3>\n\n\n\n<p>L&#039;usuari es compromet a fer un \u00fas adequat del contingut i la informaci\u00f3 que Artigos Vip ofereix al lloc web i, a tall d&#039;exemple per\u00f2 no limitatiu a:<\/p>\n\n\n\n<ul class=\"wp-block-list\">\n<li>A) No inc\u00f3rrer en activitats il\u00b7legals o contr\u00e0ries a la bona fe i a l&#039;ordre p\u00fablic;<\/li>\n\n\n\n<li>B) No difondre propaganda o continguts de car\u00e0cter racista, xen\u00f2fob o desagradable, cap tipus de pornografia il\u00b7legal, d&#039;apologia del terrorisme o atemptadora contra els drets humans;<\/li>\n\n\n\n<li>C) No causar danys als sistemes f\u00edsics (maquinari) i l\u00f2gics (programari) d&#039;Artigos Vip, dels seus prove\u00efdors o de tercers, introduir o difondre virus inform\u00e0tics o qualsevol altre sistema de maquinari o programari que sigui capa\u00e7 de causar els danys esmentats.<\/li>\n<\/ul>\n\n\n\n<h3 class=\"wp-block-heading\" data-no-translation=\"\">Mais informa\u00e7\u00f5es<\/h3>\n\n\n\n<p>Esperem que aix\u00f2 us hagi aclarit les coses i, com s&#039;ha esmentat anteriorment, si hi ha alguna cosa que no esteu segur de si necessiteu o no, normalment \u00e9s m\u00e9s segur deixar les galetes activades en cas que interactu\u00ef amb alguna de les funcions que feu servir al nostre lloc.<\/p>\n\n\n\n<p>Aquesta pol\u00edtica entra en vigor a partir de <strong>Gener<\/strong>\/<strong>2022<\/strong>.<\/p>","protected":false},"excerpt":{"rendered":"<p>A sua privacidade \u00e9 importante para n\u00f3s. \u00c9 pol\u00edtica do Artigos Vip respeitar a sua privacidade em rela\u00e7\u00e3o a qualquer informa\u00e7\u00e3o sua que possamos coletar no site Artigos Vip, e outros sites que possu\u00edmos e operamos. Solicitamos informa\u00e7\u00f5es pessoais apenas quando realmente precisamos delas para lhe fornecer um servi\u00e7o. Fazemo-lo por meios justos e legais,<\/p>","protected":false},"author":1,"featured_media":0,"parent":0,"menu_order":0,"comment_status":"closed","ping_status":"closed","template":"","meta":{"footnotes":""},"class_list":["post-8036","page","type-page","status-publish"],"_links":{"self":[{"href":"https:\/\/artigosvip.com\/ca\/wp-json\/wp\/v2\/pages\/8036","targetHints":{"allow":["GET"]}}],"collection":[{"href":"https:\/\/artigosvip.com\/ca\/wp-json\/wp\/v2\/pages"}],"about":[{"href":"https:\/\/artigosvip.com\/ca\/wp-json\/wp\/v2\/types\/page"}],"author":[{"embeddable":true,"href":"https:\/\/artigosvip.com\/ca\/wp-json\/wp\/v2\/users\/1"}],"replies":[{"embeddable":true,"href":"https:\/\/artigosvip.com\/ca\/wp-json\/wp\/v2\/comments?post=8036"}],"version-history":[{"count":2,"href":"https:\/\/artigosvip.com\/ca\/wp-json\/wp\/v2\/pages\/8036\/revisions"}],"predecessor-version":[{"id":8111,"href":"https:\/\/artigosvip.com\/ca\/wp-json\/wp\/v2\/pages\/8036\/revisions\/8111"}],"wp:attachment":[{"href":"https:\/\/artigosvip.com\/ca\/wp-json\/wp\/v2\/media?parent=8036"}],"curies":[{"name":"wp","href":"https:\/\/api.w.org\/{rel}","templated":true}]}}