{"id":8038,"date":"2023-09-30T10:27:48","date_gmt":"2023-09-30T10:27:48","guid":{"rendered":"https:\/\/artigosvip.com\/?page_id=8038"},"modified":"2023-10-07T08:36:49","modified_gmt":"2023-10-07T08:36:49","slug":"condicions-dus","status":"publish","type":"page","link":"https:\/\/artigosvip.com\/ca\/termos-de-uso\/","title":{"rendered":"Condicions d&#039;\u00fas"},"content":{"rendered":"<h3 class=\"wp-block-heading\" id=\"1-termos\" data-no-translation=\"\">1. Termos<\/h3>\n\n\n\n<p>En accedir al lloc web <a href=\"https:\/\/justmobs.com\">Articles VIP<\/a>, accepteu complir aquestes condicions del servei, totes les lleis i regulacions aplicables i accepteu que sou responsable del compliment de totes les lleis locals aplicables. Si no esteu d&#039;acord amb alguna d&#039;aquestes condicions, teniu prohibit utilitzar o accedir a aquest lloc. Els materials continguts en aquest lloc estan protegits per les lleis de drets d&#039;autor i marques comercials aplicables.<\/p>\n\n\n\n<h3 class=\"wp-block-heading\" id=\"2-uso-de-licenca\" data-no-translation=\"\">2. Uso de Licen\u00e7a<\/h3>\n\n\n\n<p>Es concedeix perm\u00eds per descarregar temporalment una c\u00f2pia dels materials (informaci\u00f3 o programari) del lloc web d&#039;Artigos Vip nom\u00e9s per a la visualitzaci\u00f3 transit\u00f2ria personal i no comercial. Aix\u00f2 \u00e9s la concessi\u00f3 d&#039;una llic\u00e8ncia, no una transfer\u00e8ncia de titularitat, i sota aquesta llic\u00e8ncia, no podeu:\u00a0<\/p>\n\n\n\n<ol class=\"wp-block-list\">\n<li>modificar o copiar els materials;&nbsp;<\/li>\n\n\n\n<li>utilitzar els materials per a qualsevol finalitat comercial o per a qualsevol exhibici\u00f3 p\u00fablica (comercial o no comercial);&nbsp;<\/li>\n\n\n\n<li>intentar descompilar o aplicar enginyeria inversa a qualsevol programari contingut al lloc web d&#039;Artigos Vip;\u00a0<\/li>\n\n\n\n<li>eliminar qualsevol copyright o altres anotacions de propietat dels materials; o&nbsp;<\/li>\n\n\n\n<li>transferir els materials a una altra persona o &quot;replicar&quot; els materials en qualsevol altre servidor.<\/li>\n<\/ol>\n\n\n\n<p>Aquesta llic\u00e8ncia rescindir\u00e0 autom\u00e0ticament si incompleixes alguna d&#039;aquestes restriccions i Artigos Vip podr\u00e0 rescindir-la en qualsevol moment. En finalitzar la visualitzaci\u00f3 d&#039;aquests materials o en finalitzar aquesta llic\u00e8ncia, has de destruir tots els materials descarregats que tinguis en possessi\u00f3, ja siguin en format electr\u00f2nic o impr\u00e8s.<\/p>\n\n\n\n<h3 class=\"wp-block-heading\" id=\"3-isencao-de-responsabilidade\" data-no-translation=\"\">3. Isen\u00e7\u00e3o de responsabilidade<\/h3>\n\n\n\n<ol class=\"wp-block-list\">\n<li>Els materials del lloc web d&#039;Artigos Vip es proporcionen &quot;tal qual&quot;. Artigos Vip no ofereix cap garantia, expl\u00edcita o impl\u00edcita, i per la present renuncia i nega totes les altres garanties, incloses, entre d&#039;altres, les garanties o condicions impl\u00edcites de comerciabilitat, idone\u00eftat per a un prop\u00f2sit particular o no infracci\u00f3 de la propietat intel\u00b7lectual o altres violacions de drets.<\/li>\n\n\n\n<li>A m\u00e9s, Artigos Vip no garanteix ni fa cap declaraci\u00f3 sobre l&#039;exactitud, els resultats probables o la fiabilitat de l&#039;\u00fas dels materials del seu lloc web o relacionats amb aquests materials o amb qualsevol lloc enlla\u00e7at a aquest lloc.<\/li>\n<\/ol>\n\n\n\n<h3 class=\"wp-block-heading\" id=\"4-limitacoes\" data-no-translation=\"\">4. Limita\u00e7\u00f5es<\/h3>\n\n\n\n<p>En cap cas Artigos Vip o els seus prove\u00efdors seran responsables de cap dany (inclosos, entre d&#039;altres, danys per p\u00e8rdua de dades o beneficis, o per interrupci\u00f3 del negoci) derivats de l&#039;\u00fas o la impossibilitat d&#039;utilitzar els materials d&#039;Artigos Vip, fins i tot si Artigos Vip o un representant autoritzat d&#039;Artigos Vip ha estat notificat oralment o per escrit de la possibilitat d&#039;aquests danys. Com que algunes jurisdiccions no permeten limitacions de garanties impl\u00edcites ni limitacions de responsabilitat per danys conseq\u00fcents o incidentals, \u00e9s possible que aquestes limitacions no s&#039;apliquin al vostre cas.<\/p>\n\n\n\n<h3 class=\"wp-block-heading\" id=\"5-precisao-dos-materiais\" data-no-translation=\"\">5. Precis\u00e3o dos materiais<\/h3>\n\n\n\n<p>Els materials que es mostren al lloc web d&#039;Artigos Vip poden incloure errors t\u00e8cnics, tipogr\u00e0fics o fotogr\u00e0fics. Artigos Vip no garanteix que cap dels materials del seu lloc web sigui prec\u00eds, complet o actual. Artigos Vip pot fer canvis als materials continguts al seu lloc web en qualsevol moment sense previ av\u00eds. Tanmateix, Artigos Vip no es compromet a actualitzar els materials.<\/p>\n\n\n\n<h3 class=\"wp-block-heading\" id=\"6-links\" data-no-translation=\"\">6. Links<\/h3>\n\n\n\n<p>Artigos Vip no ha revisat tots els llocs enlla\u00e7ats al seu lloc web i no es responsabilitza del contingut de cap lloc enlla\u00e7at. La inclusi\u00f3 de qualsevol enlla\u00e7 no implica l&#039;aprovaci\u00f3 del lloc per part d&#039;Artigos Vip. L&#039;\u00fas de qualsevol lloc enlla\u00e7at \u00e9s responsabilitat de l&#039;usuari.<\/p>\n\n\n\n<h3 class=\"wp-block-heading\" id=\"modificacoes\" data-no-translation=\"\">Modifica\u00e7\u00f5es<\/h3>\n\n\n\n<p>Artigos Vip pot revisar aquestes condicions de servei del seu lloc web en qualsevol moment sense previ av\u00eds. En utilitzar aquest lloc web, accepteu quedar vinculat per la versi\u00f3 actual d&#039;aquestes condicions de servei.<\/p>\n\n\n\n<h3 class=\"wp-block-heading\" id=\"lei-aplicavel\" data-no-translation=\"\">Lei aplic\u00e1vel<\/h3>\n\n\n\n<p>Aquests termes i condicions es regeixen i s&#039;interpreten d&#039;acord amb les lleis d&#039;Artigos Vip i vost\u00e8 se sotmet irrevocablement a la jurisdicci\u00f3 exclusiva dels tribunals d&#039;aquest estat o ubicaci\u00f3.<\/p>","protected":false},"excerpt":{"rendered":"<p>1. Termos Ao acessar ao site Artigos Vip, concorda em cumprir estes termos de servi\u00e7o, todas as leis e regulamentos aplic\u00e1veis \u200b\u200be concorda que \u00e9 respons\u00e1vel pelo cumprimento de todas as leis locais aplic\u00e1veis. Se voc\u00ea n\u00e3o concordar com algum desses termos, est\u00e1 proibido de usar ou acessar este site. Os materiais contidos neste site<\/p>","protected":false},"author":1,"featured_media":0,"parent":0,"menu_order":0,"comment_status":"closed","ping_status":"closed","template":"","meta":{"footnotes":""},"class_list":["post-8038","page","type-page","status-publish"],"_links":{"self":[{"href":"https:\/\/artigosvip.com\/ca\/wp-json\/wp\/v2\/pages\/8038","targetHints":{"allow":["GET"]}}],"collection":[{"href":"https:\/\/artigosvip.com\/ca\/wp-json\/wp\/v2\/pages"}],"about":[{"href":"https:\/\/artigosvip.com\/ca\/wp-json\/wp\/v2\/types\/page"}],"author":[{"embeddable":true,"href":"https:\/\/artigosvip.com\/ca\/wp-json\/wp\/v2\/users\/1"}],"replies":[{"embeddable":true,"href":"https:\/\/artigosvip.com\/ca\/wp-json\/wp\/v2\/comments?post=8038"}],"version-history":[{"count":2,"href":"https:\/\/artigosvip.com\/ca\/wp-json\/wp\/v2\/pages\/8038\/revisions"}],"predecessor-version":[{"id":8113,"href":"https:\/\/artigosvip.com\/ca\/wp-json\/wp\/v2\/pages\/8038\/revisions\/8113"}],"wp:attachment":[{"href":"https:\/\/artigosvip.com\/ca\/wp-json\/wp\/v2\/media?parent=8038"}],"curies":[{"name":"wp","href":"https:\/\/api.w.org\/{rel}","templated":true}]}}