{"id":8036,"date":"2023-09-30T10:27:35","date_gmt":"2023-09-30T10:27:35","guid":{"rendered":"https:\/\/artigosvip.com\/?page_id=8036"},"modified":"2023-10-07T08:35:02","modified_gmt":"2023-10-07T08:35:02","slug":"privatlivspolitik","status":"publish","type":"page","link":"https:\/\/artigosvip.com\/da\/politica-de-privacidade\/","title":{"rendered":"Fortrolighedspolitik"},"content":{"rendered":"<p>Dit privatliv er vigtigt for os. Det er Artigos Vips politik at respektere dit privatliv i forbindelse med alle oplysninger, vi m\u00e5tte indsamle p\u00e5 hjemmesiden. <a href=\"https:\/\/artigosvip.com\/da\/\">VIP artikler<\/a>og andre websteder, vi ejer og driver.<\/p>\n\n\n\n<p>Vi beder kun om personlige oplysninger, n\u00e5r vi virkelig har brug for dem for at kunne levere en service til dig. Vi indsamler dem p\u00e5 retf\u00e6rdig og lovlig vis med din viden og dit samtykke. Vi informerer dig ogs\u00e5 om, hvorfor vi indsamler dem, og hvordan de vil blive brugt.<\/p>\n\n\n\n<p>Vi opbevarer kun indsamlede oplysninger, s\u00e5 l\u00e6nge det er n\u00f8dvendigt for at levere den service, du har anmodet om. De data, vi opbevarer, beskytter vi inden for kommercielt acceptable midler for at forhindre tab og tyveri, samt uautoriseret adgang, videregivelse, kopiering, brug eller \u00e6ndring.<\/p>\n\n\n\n<p>Vi deler ikke personligt identificerbare oplysninger offentligt eller med tredjeparter, undtagen n\u00e5r det er p\u00e5kr\u00e6vet ved lov.<\/p>\n\n\n\n<p>Vores hjemmeside kan indeholde links til eksterne websteder, som ikke drives af os. V\u00e6r opm\u00e6rksom p\u00e5, at vi ikke har nogen kontrol over indholdet og praksis p\u00e5 disse websteder, og vi kan ikke p\u00e5tage os ansvar for deres respektive privatlivspolitikker.<\/p>\n\n\n\n<p>Du er velkommen til at afvise vores anmodning om dine personlige oplysninger, med den forst\u00e5else, at vi muligvis ikke kan levere nogle af de tjenester, du \u00f8nsker.<\/p>\n\n\n\n<p>Din fortsatte brug af vores hjemmeside vil blive betragtet som accept af vores privatlivs- og persondatapolitik. Hvis du har sp\u00f8rgsm\u00e5l om, hvordan vi h\u00e5ndterer brugerdata og personlige oplysninger, bedes du kontakte os.<\/p>\n\n\n\n<h3 class=\"wp-block-heading\" data-no-translation=\"\">Pol\u00edtica de Cookies Artigos Vip<\/h3>\n\n\n\n<h3 class=\"wp-block-heading\" data-no-translation=\"\">O que s\u00e3o cookies?<\/h3>\n\n\n\n<p>Som det er almindelig praksis med n\u00e6sten alle professionelle websteder, bruger dette websted cookies, som er sm\u00e5 filer, der downloades til din computer for at forbedre din oplevelse. Denne side beskriver, hvilke oplysninger de indsamler, hvordan vi bruger dem, og hvorfor vi nogle gange er n\u00f8dt til at gemme disse cookies. Vi vil ogs\u00e5 dele, hvordan du kan forhindre, at disse cookies gemmes; dette kan dog nedgradere eller &#039;\u00f8del\u00e6gge&#039; visse elementer af webstedets funktionalitet.<\/p>\n\n\n\n<h3 class=\"wp-block-heading\" data-no-translation=\"\">Como usamos os cookies?<\/h3>\n\n\n\n<p>Vi bruger cookies af en r\u00e6kke forskellige \u00e5rsager, som er beskrevet nedenfor. Desv\u00e6rre er der i de fleste tilf\u00e6lde ingen branchestandardmuligheder for at deaktivere cookies uden helt at deaktivere den funktionalitet og de funktioner, de tilf\u00f8jer til dette websted. Det anbefales, at du lader alle cookies v\u00e6re aktiveret, hvis du ikke er sikker p\u00e5, om du har brug for dem eller ej, i tilf\u00e6lde af at de bruges til at levere en tjeneste, du bruger.<\/p>\n\n\n\n<h3 class=\"wp-block-heading\" data-no-translation=\"\">Desativar cookies<\/h3>\n\n\n\n<p>Du kan forhindre, at cookies gemmes ved at justere dine browserindstillinger (se din browsers hj\u00e6lp for at f\u00e5 oplysninger om, hvordan du g\u00f8r dette). V\u00e6r opm\u00e6rksom p\u00e5, at deaktivering af cookies vil p\u00e5virke funktionaliteten af dette og mange andre websteder, du bes\u00f8ger. Deaktivering af cookies vil normalt ogs\u00e5 resultere i deaktivering af visse funktioner og funktioner p\u00e5 dette websted. Derfor anbefales det, at du ikke deaktiverer cookies.<\/p>\n\n\n\n<h3 class=\"wp-block-heading\" data-no-translation=\"\">Cookies que definimos<\/h3>\n\n\n\n<ul class=\"wp-block-list\">\n<li>Kontorelaterede cookies: Hvis du opretter en konto hos os, bruger vi cookies til at administrere tilmeldingsprocessen og generel administration. Disse cookies slettes generelt, n\u00e5r du logger ud. I nogle tilf\u00e6lde kan de dog forblive gemt bagefter for at huske dine webstedspr\u00e6ferencer, n\u00e5r du er logget ud.<\/li>\n\n\n\n<li>Login-relaterede cookies: Vi bruger cookies, n\u00e5r du er logget ind, s\u00e5 vi kan huske dette. Dette forhindrer dig i at skulle logge ind, hver gang du bes\u00f8ger en ny side. Disse cookies fjernes eller ryddes typisk, n\u00e5r du logger ud, for at sikre, at du kun kan f\u00e5 adgang til begr\u00e6nsede funktioner og omr\u00e5der, n\u00e5r du er logget ind.<\/li>\n\n\n\n<li>Cookies relateret til e-mail-nyhedsbreve Dette websted tilbyder nyhedsbrevs- eller e-mailabonnementstjenester, og cookies kan bruges til at huske, om du allerede er registreret, og om der skal vises bestemte meddelelser, som muligvis kun er gyldige for abonnenter\/afmeldte brugere.<\/li>\n\n\n\n<li>Cookies relateret til ordrebehandling Dette websted tilbyder e-handel eller betalingsfaciliteter, og nogle cookies er vigtige for at sikre, at din ordre huskes mellem sider, s\u00e5 vi kan behandle den korrekt.<\/li>\n\n\n\n<li>Cookies relateret til unders\u00f8gelser: Vi tilbyder med j\u00e6vne mellemrum unders\u00f8gelser og sp\u00f8rgeskemaer for at give dig interessante indsigter, nyttige v\u00e6rkt\u00f8jer eller for at forst\u00e5 vores brugerbase mere pr\u00e6cist. Disse unders\u00f8gelser kan bruge cookies til at huske, hvem der allerede har deltaget i en unders\u00f8gelse, eller for at give dig n\u00f8jagtige resultater, n\u00e5r du har skiftet side.<\/li>\n\n\n\n<li>Formularrelaterede cookies N\u00e5r du indsender data via en formular, f.eks. dem, der findes p\u00e5 kontaktsider eller kommentarformularer, kan cookies blive indstillet til at huske dine brugeroplysninger til fremtidig korrespondance.<\/li>\n\n\n\n<li>Cookies til hjemmesidepr\u00e6ferencer: For at give dig en god oplevelse p\u00e5 dette websted, tilbyder vi funktionaliteten til at indstille dine pr\u00e6ferencer for, hvordan webstedet k\u00f8rer, n\u00e5r du bruger det. For at huske dine pr\u00e6ferencer skal vi indstille cookies, s\u00e5 disse oplysninger kan hentes, hver gang du interagerer med en side, der p\u00e5virkes af dine pr\u00e6ferencer.<\/li>\n<\/ul>\n\n\n\n<h3 class=\"wp-block-heading\" data-no-translation=\"\">Publicidade Personalizada<\/h3>\n\n\n\n<p>Brugere kan frav\u00e6lge personligt tilpasset annoncering ved at bes\u00f8ge <a href=\"https:\/\/adssettings.google.com\/authenticated\">Annonceindstillinger<\/a>Alternativt kan du henvise brugerne til at f\u00e5 adgang til webstedet <a href=\"http:\/\/www.aboutads.info\">www.aboutads.info<\/a> at frav\u00e6lge brugen af tredjepartscookies til personligt tilpasset annoncering.<\/p>\n\n\n\n<h3 class=\"wp-block-heading\" data-no-translation=\"\">Cookies de Terceiros<\/h3>\n\n\n\n<p>I nogle s\u00e6rlige tilf\u00e6lde bruger vi ogs\u00e5 cookies leveret af betroede tredjeparter. F\u00f8lgende afsnit beskriver, hvilke tredjepartscookies du kan st\u00f8de p\u00e5 via denne hjemmeside.<\/p>\n\n\n\n<ul class=\"wp-block-list\">\n<li>Dette websted bruger Google Analytics, en af de mest udbredte og p\u00e5lidelige analysel\u00f8sninger p\u00e5 nettet, til at hj\u00e6lpe os med at forst\u00e5, hvordan du bruger webstedet, og hvordan vi kan forbedre din oplevelse. Disse cookies kan spore ting som f.eks. hvor l\u00e6nge du bruger p\u00e5 webstedet, og hvilke sider du bes\u00f8ger, s\u00e5 vi kan forts\u00e6tte med at producere engagerende indhold.<\/li>\n<\/ul>\n\n\n\n<p>For mere information om Google Analytics-cookies, se den officielle Google Analytics-side.<\/p>\n\n\n\n<ul class=\"wp-block-list\">\n<li>Tredjepartsanalyser bruges til at spore og m\u00e5le brugen af dette websted, s\u00e5 vi kan forts\u00e6tte med at producere engagerende indhold. Disse cookies kan spore ting som hvor l\u00e6nge du bruger p\u00e5 webstedet, eller de sider, du bes\u00f8ger, hvilket hj\u00e6lper os med at forst\u00e5, hvordan vi kan forbedre webstedet for dig.<\/li>\n\n\n\n<li>Vi tester med j\u00e6vne mellemrum nye funktioner og foretager sm\u00e5 \u00e6ndringer i den m\u00e5de, webstedet leveres p\u00e5. Mens vi stadig tester nye funktioner, kan disse cookies bruges til at sikre, at du f\u00e5r en ensartet oplevelse, mens du er p\u00e5 webstedet, samtidig med at vi forst\u00e5r, hvilke optimeringer vores brugere s\u00e6tter mest pris p\u00e5.<\/li>\n\n\n\n<li>Da vi s\u00e6lger produkter, er det vigtigt for os at forst\u00e5 statistikker om, hvor mange af vores hjemmesides bes\u00f8gende rent faktisk foretager et k\u00f8b, og derfor er det den type data, disse cookies vil spore. Dette er vigtigt for dig, da det betyder, at vi kan lave pr\u00e6cise forretningsforudsigelser, der giver os mulighed for at overv\u00e5ge vores annoncerings- og produktomkostninger for at sikre den bedst mulige pris.<\/li>\n\n\n\n<li>Den Google AdSense-tjeneste, vi bruger til at vise annoncer, bruger en DoubleClick-cookie til at vise mere relevante annoncer p\u00e5 tv\u00e6rs af nettet og begr\u00e6nse antallet af gange, en given annonce vises til dig.<br>For mere information om Google AdSense, se de officielle ofte stillede sp\u00f8rgsm\u00e5l om privatliv i Google AdSense.<\/li>\n\n\n\n<li>Vi bruger annoncering til at udligne omkostningerne ved at drive denne hjemmeside og til at finansiere fremtidig udvikling. De adf\u00e6rdsm\u00e6ssige annonceringscookies, der bruges af denne hjemmeside, er designet til at sikre, at vi giver dig den mest relevante annoncering muligt ved anonymt at spore dine interesser og pr\u00e6sentere lignende indhold, der kan v\u00e6re af interesse for dig.<\/li>\n\n\n\n<li>Flere partnere annoncerer p\u00e5 vores vegne, og affiliate tracking cookies giver os blot mulighed for at se, om vores kunder er kommet til webstedet via et af vores partnerwebsteder, s\u00e5 vi kan kreditere dem passende og, hvor det er relevant, give vores affiliate partnere mulighed for at give dig ethvert incitament, de m\u00e5tte give dig for at foretage et k\u00f8b.<\/li>\n<\/ul>\n\n\n\n<h3 class=\"wp-block-heading\" data-no-translation=\"\">Compromisso do Usu\u00e1rio<\/h3>\n\n\n\n<p>Brugeren forpligter sig til at anvende det indhold og de oplysninger, som Artigos Vip tilbyder p\u00e5 hjemmesiden, p\u00e5 passende vis, og f.eks., men ikke begr\u00e6nset til:<\/p>\n\n\n\n<ul class=\"wp-block-list\">\n<li>A) Ikke at deltage i aktiviteter, der er ulovlige eller i strid med god tro og offentlig orden;<\/li>\n\n\n\n<li>B) Spred ikke propaganda eller indhold af racistisk, fremmedfjendsk eller uheldig karakter, nogen form for ulovlig pornografi, til st\u00f8tte for terrorisme eller imod menneskerettigheder;<\/li>\n\n\n\n<li>C) Ikke at for\u00e5rsage skade p\u00e5 Artigos Vips, dets leverand\u00f8rers eller tredjeparters fysiske (hardware) og logiske (software) systemer, at introducere eller sprede computervirusser eller andre hardware- eller softwaresystemer, der er i stand til at for\u00e5rsage den f\u00f8rn\u00e6vnte skade.<\/li>\n<\/ul>\n\n\n\n<h3 class=\"wp-block-heading\" data-no-translation=\"\">Mais informa\u00e7\u00f5es<\/h3>\n\n\n\n<p>Forh\u00e5bentlig har det afklaret tingene for dig, og som tidligere n\u00e6vnt, hvis der er noget, du ikke er sikker p\u00e5, om du har brug for eller ej, er det normalt sikrere at lade cookies v\u00e6re aktiveret, i tilf\u00e6lde af at de interagerer med en af de funktioner, du bruger p\u00e5 vores hjemmeside.<\/p>\n\n\n\n<p>Denne politik tr\u00e6der i kraft fra <strong>januar<\/strong>\/<strong>2022<\/strong>.<\/p>","protected":false},"excerpt":{"rendered":"<p>A sua privacidade \u00e9 importante para n\u00f3s. \u00c9 pol\u00edtica do Artigos Vip respeitar a sua privacidade em rela\u00e7\u00e3o a qualquer informa\u00e7\u00e3o sua que possamos coletar no site Artigos Vip, e outros sites que possu\u00edmos e operamos. Solicitamos informa\u00e7\u00f5es pessoais apenas quando realmente precisamos delas para lhe fornecer um servi\u00e7o. Fazemo-lo por meios justos e legais,<\/p>","protected":false},"author":1,"featured_media":0,"parent":0,"menu_order":0,"comment_status":"closed","ping_status":"closed","template":"","meta":{"footnotes":""},"class_list":["post-8036","page","type-page","status-publish"],"_links":{"self":[{"href":"https:\/\/artigosvip.com\/da\/wp-json\/wp\/v2\/pages\/8036","targetHints":{"allow":["GET"]}}],"collection":[{"href":"https:\/\/artigosvip.com\/da\/wp-json\/wp\/v2\/pages"}],"about":[{"href":"https:\/\/artigosvip.com\/da\/wp-json\/wp\/v2\/types\/page"}],"author":[{"embeddable":true,"href":"https:\/\/artigosvip.com\/da\/wp-json\/wp\/v2\/users\/1"}],"replies":[{"embeddable":true,"href":"https:\/\/artigosvip.com\/da\/wp-json\/wp\/v2\/comments?post=8036"}],"version-history":[{"count":2,"href":"https:\/\/artigosvip.com\/da\/wp-json\/wp\/v2\/pages\/8036\/revisions"}],"predecessor-version":[{"id":8111,"href":"https:\/\/artigosvip.com\/da\/wp-json\/wp\/v2\/pages\/8036\/revisions\/8111"}],"wp:attachment":[{"href":"https:\/\/artigosvip.com\/da\/wp-json\/wp\/v2\/media?parent=8036"}],"curies":[{"name":"wp","href":"https:\/\/api.w.org\/{rel}","templated":true}]}}