{"id":8038,"date":"2023-09-30T10:27:48","date_gmt":"2023-09-30T10:27:48","guid":{"rendered":"https:\/\/artigosvip.com\/?page_id=8038"},"modified":"2023-10-07T08:36:49","modified_gmt":"2023-10-07T08:36:49","slug":"brugsbetingelser","status":"publish","type":"page","link":"https:\/\/artigosvip.com\/da\/termos-de-uso\/","title":{"rendered":"Vilk\u00e5r for brug"},"content":{"rendered":"<h3 class=\"wp-block-heading\" id=\"1-termos\" data-no-translation=\"\">1. Termos<\/h3>\n\n\n\n<p>N\u00e5r du tilg\u00e5r hjemmesiden <a href=\"https:\/\/justmobs.com\">VIP artikler<\/a>, accepterer at overholde disse servicevilk\u00e5r, alle g\u00e6ldende love og bestemmelser, og accepterer, at du er ansvarlig for overholdelse af alle g\u00e6ldende lokale love. Hvis du ikke accepterer nogen af disse vilk\u00e5r, er det forbudt for dig at bruge eller tilg\u00e5 dette websted. Materialerne p\u00e5 dette websted er beskyttet af g\u00e6ldende ophavsrets- og varem\u00e6rkelovgivning.<\/p>\n\n\n\n<h3 class=\"wp-block-heading\" id=\"2-uso-de-licenca\" data-no-translation=\"\">2. Uso de Licen\u00e7a<\/h3>\n\n\n\n<p>Der gives tilladelse til midlertidigt at downloade \u00e9n kopi af materialerne (information eller software) p\u00e5 Artigos Vip-webstedet til personlig, ikke-kommerciel og midlertidig visning. Dette er tildeling af en licens, ikke en overdragelse af ejendomsret, og under denne licens m\u00e5 du ikke:\u00a0<\/p>\n\n\n\n<ol class=\"wp-block-list\">\n<li>\u00e6ndre eller kopiere materialerne;&nbsp;<\/li>\n\n\n\n<li>bruge materialerne til kommercielle form\u00e5l eller til offentlig fremvisning (kommerciel eller ikke-kommerciel);&nbsp;<\/li>\n\n\n\n<li>fors\u00f8ge at dekompilere eller reverse engineere software p\u00e5 Artigos Vip-webstedet;\u00a0<\/li>\n\n\n\n<li>fjerne enhver ophavsretslig eller anden propriet\u00e6r bem\u00e6rkning fra materialerne; eller&nbsp;<\/li>\n\n\n\n<li>overf\u00f8re materialerne til en anden person eller &#039;spejle&#039; materialerne p\u00e5 en anden server.<\/li>\n<\/ol>\n\n\n\n<p>Denne licens oph\u00f8rer automatisk, hvis du overtr\u00e6der nogen af disse begr\u00e6nsninger, og kan til enhver tid opsiges af Artigos Vip. N\u00e5r du oph\u00f8rer med at se disse materialer, eller n\u00e5r denne licens oph\u00f8rer, skal du destruere alt downloadet materiale i din besiddelse, uanset om det er i elektronisk eller trykt format.<\/p>\n\n\n\n<h3 class=\"wp-block-heading\" id=\"3-isencao-de-responsabilidade\" data-no-translation=\"\">3. Isen\u00e7\u00e3o de responsabilidade<\/h3>\n\n\n\n<ol class=\"wp-block-list\">\n<li>Materialerne p\u00e5 Artigos Vip-webstedet leveres &quot;som de er&quot;. Artigos Vip giver ingen garantier, hverken udtrykkelige eller underforst\u00e5ede, og fraskriver sig hermed alle andre garantier, herunder, uden begr\u00e6nsning, underforst\u00e5ede garantier eller betingelser for salgbarhed, egnethed til et bestemt form\u00e5l eller ikke-kr\u00e6nkelse af intellektuel ejendomsret eller anden kr\u00e6nkelse af rettigheder.<\/li>\n\n\n\n<li>Derudover garanterer eller afgiver Artigos Vip ingen erkl\u00e6ringer vedr\u00f8rende n\u00f8jagtigheden, sandsynlige resultater eller p\u00e5lideligheden af brugen af materialerne p\u00e5 sit websted eller p\u00e5 anden m\u00e5de relateret til s\u00e5danne materialer eller p\u00e5 websteder, der er linket til dette websted.<\/li>\n<\/ol>\n\n\n\n<h3 class=\"wp-block-heading\" id=\"4-limitacoes\" data-no-translation=\"\">4. Limita\u00e7\u00f5es<\/h3>\n\n\n\n<p>Artigos Vip eller dets leverand\u00f8rer er under ingen omst\u00e6ndigheder ansvarlige for skader (herunder, uden begr\u00e6nsning, skader for tab af data eller fortjeneste eller p\u00e5 grund af driftsafbrydelse) som f\u00f8lge af brugen eller manglende evne til at bruge materialerne p\u00e5 Artigos Vip, selvom Artigos Vip eller en autoriseret repr\u00e6sentant for Artigos Vip er blevet underrettet mundtligt eller skriftligt om muligheden for s\u00e5dan skade. Da nogle jurisdiktioner ikke tillader begr\u00e6nsninger af implicitte garantier eller begr\u00e6nsninger af ansvar for f\u00f8lgeskader eller h\u00e6ndelige skader, g\u00e6lder disse begr\u00e6nsninger muligvis ikke for dig.<\/p>\n\n\n\n<h3 class=\"wp-block-heading\" id=\"5-precisao-dos-materiais\" data-no-translation=\"\">5. Precis\u00e3o dos materiais<\/h3>\n\n\n\n<p>Materialerne p\u00e5 Artigos Vip-webstedet kan indeholde tekniske, typografiske eller fotografiske fejl. Artigos Vip garanterer ikke, at materialerne p\u00e5 webstedet er n\u00f8jagtige, fuldst\u00e6ndige eller aktuelle. Artigos Vip kan til enhver tid foretage \u00e6ndringer i materialerne p\u00e5 webstedet uden varsel. Artigos Vip forpligter sig dog ikke til at opdatere materialerne.<\/p>\n\n\n\n<h3 class=\"wp-block-heading\" id=\"6-links\" data-no-translation=\"\">6. Links<\/h3>\n\n\n\n<p>Artigos Vip har ikke gennemg\u00e5et alle de websteder, der linkes til p\u00e5 sin hjemmeside, og er ikke ansvarlig for indholdet af de linkede websteder. Medtagelsen af et link indeb\u00e6rer ikke Artigos Vips godkendelse af webstedet. Brug af linkede websteder sker p\u00e5 brugerens eget ansvar.<\/p>\n\n\n\n<h3 class=\"wp-block-heading\" id=\"modificacoes\" data-no-translation=\"\">Modifica\u00e7\u00f5es<\/h3>\n\n\n\n<p>Artigos Vip kan til enhver tid revidere disse servicevilk\u00e5r for sit websted uden forudg\u00e5ende varsel. Ved at bruge dette websted accepterer du at v\u00e6re bundet af den aktuelle version af disse servicevilk\u00e5r.<\/p>\n\n\n\n<h3 class=\"wp-block-heading\" id=\"lei-aplicavel\" data-no-translation=\"\">Lei aplic\u00e1vel<\/h3>\n\n\n\n<p>Disse vilk\u00e5r og betingelser er underlagt og fortolkes i overensstemmelse med lovgivningen i Artigos Vip, og du accepterer uigenkaldeligt domstolenes eksklusive jurisdiktion i den p\u00e5g\u00e6ldende stat eller p\u00e5 det p\u00e5g\u00e6ldende sted.<\/p>","protected":false},"excerpt":{"rendered":"<p>1. Termos Ao acessar ao site Artigos Vip, concorda em cumprir estes termos de servi\u00e7o, todas as leis e regulamentos aplic\u00e1veis \u200b\u200be concorda que \u00e9 respons\u00e1vel pelo cumprimento de todas as leis locais aplic\u00e1veis. Se voc\u00ea n\u00e3o concordar com algum desses termos, est\u00e1 proibido de usar ou acessar este site. Os materiais contidos neste site<\/p>","protected":false},"author":1,"featured_media":0,"parent":0,"menu_order":0,"comment_status":"closed","ping_status":"closed","template":"","meta":{"footnotes":""},"class_list":["post-8038","page","type-page","status-publish"],"_links":{"self":[{"href":"https:\/\/artigosvip.com\/da\/wp-json\/wp\/v2\/pages\/8038","targetHints":{"allow":["GET"]}}],"collection":[{"href":"https:\/\/artigosvip.com\/da\/wp-json\/wp\/v2\/pages"}],"about":[{"href":"https:\/\/artigosvip.com\/da\/wp-json\/wp\/v2\/types\/page"}],"author":[{"embeddable":true,"href":"https:\/\/artigosvip.com\/da\/wp-json\/wp\/v2\/users\/1"}],"replies":[{"embeddable":true,"href":"https:\/\/artigosvip.com\/da\/wp-json\/wp\/v2\/comments?post=8038"}],"version-history":[{"count":2,"href":"https:\/\/artigosvip.com\/da\/wp-json\/wp\/v2\/pages\/8038\/revisions"}],"predecessor-version":[{"id":8113,"href":"https:\/\/artigosvip.com\/da\/wp-json\/wp\/v2\/pages\/8038\/revisions\/8113"}],"wp:attachment":[{"href":"https:\/\/artigosvip.com\/da\/wp-json\/wp\/v2\/media?parent=8038"}],"curies":[{"name":"wp","href":"https:\/\/api.w.org\/{rel}","templated":true}]}}