{"id":8038,"date":"2023-09-30T10:27:48","date_gmt":"2023-09-30T10:27:48","guid":{"rendered":"https:\/\/artigosvip.com\/?page_id=8038"},"modified":"2023-10-07T08:36:49","modified_gmt":"2023-10-07T08:36:49","slug":"nutzungsbedingungen","status":"publish","type":"page","link":"https:\/\/artigosvip.com\/de_ch\/termos-de-uso\/","title":{"rendered":"Nutzungsbedingungen"},"content":{"rendered":"<h3 class=\"wp-block-heading\" id=\"1-termos\" data-no-translation=\"\">1. Termos<\/h3>\n\n\n\n<p>Beim Zugriff auf die Website <a href=\"https:\/\/justmobs.com\">VIP-Artikel<\/a>, erkl\u00e4ren Sie sich mit diesen Servicebedingungen sowie allen geltenden Gesetzen und Vorschriften einverstanden und erkl\u00e4ren sich damit einverstanden, dass Sie f\u00fcr die Einhaltung aller geltenden lokalen Gesetze verantwortlich sind. Wenn Sie mit einer dieser Bedingungen nicht einverstanden sind, ist Ihnen die Nutzung oder der Zugriff auf diese Website untersagt. Die auf dieser Website enthaltenen Materialien sind durch geltendes Urheber- und Markenrecht gesch\u00fctzt.<\/p>\n\n\n\n<h3 class=\"wp-block-heading\" id=\"2-uso-de-licenca\" data-no-translation=\"\">2. Uso de Licen\u00e7a<\/h3>\n\n\n\n<p>Es wird die Erlaubnis erteilt, vor\u00fcbergehend eine Kopie der Materialien (Informationen oder Software) auf der Artigos Vip-Website herunterzuladen, und zwar ausschlie\u00dflich f\u00fcr den pers\u00f6nlichen, nicht kommerziellen Gebrauch. Es handelt sich um die Erteilung einer Lizenz, nicht um eine \u00dcbertragung des Eigentums. Im Rahmen dieser Lizenz d\u00fcrfen Sie nicht:\u00a0<\/p>\n\n\n\n<ol class=\"wp-block-list\">\n<li>die Materialien zu ver\u00e4ndern oder zu kopieren;&nbsp;<\/li>\n\n\n\n<li>die Materialien f\u00fcr kommerzielle Zwecke oder f\u00fcr eine \u00f6ffentliche Darstellung (kommerziell oder nicht kommerziell) zu verwenden;&nbsp;<\/li>\n\n\n\n<li>versuchen, die auf der Artigos Vip-Website enthaltene Software zu dekompilieren oder zur\u00fcckzuentwickeln;\u00a0<\/li>\n\n\n\n<li>jegliche Urheberrechts- oder sonstige Eigentumsvermerke aus den Materialien entfernen; oder&nbsp;<\/li>\n\n\n\n<li>die Materialien an eine andere Person \u00fcbertragen oder die Materialien auf einem anderen Server \u201espiegeln\u201c.<\/li>\n<\/ol>\n\n\n\n<p>Diese Lizenz erlischt automatisch, wenn Sie gegen eine dieser Einschr\u00e4nkungen versto\u00dfen, und kann von Artigos Vip jederzeit gek\u00fcndigt werden. Nach Beendigung der Nutzung dieser Materialien oder nach Beendigung dieser Lizenz sind Sie verpflichtet, s\u00e4mtliche heruntergeladenen Materialien in Ihrem Besitz zu vernichten, unabh\u00e4ngig davon, ob sie in elektronischer oder gedruckter Form vorliegen.<\/p>\n\n\n\n<h3 class=\"wp-block-heading\" id=\"3-isencao-de-responsabilidade\" data-no-translation=\"\">3. Isen\u00e7\u00e3o de responsabilidade<\/h3>\n\n\n\n<ol class=\"wp-block-list\">\n<li>Die Materialien auf der Artigos Vip-Website werden \u201ewie besehen\u201c bereitgestellt. Artigos Vip \u00fcbernimmt keine ausdr\u00fccklichen oder stillschweigenden Garantien und schlie\u00dft hiermit alle anderen Garantien aus, einschlie\u00dflich, aber nicht beschr\u00e4nkt auf stillschweigende Garantien oder Bedingungen der Marktg\u00e4ngigkeit, Eignung f\u00fcr einen bestimmten Zweck oder Nichtverletzung von geistigem Eigentum oder sonstige Rechtsverletzungen.<\/li>\n\n\n\n<li>Dar\u00fcber hinaus \u00fcbernimmt Artigos Vip keine Garantie oder Zusicherung hinsichtlich der Genauigkeit, der wahrscheinlichen Ergebnisse oder der Zuverl\u00e4ssigkeit der Verwendung der Materialien auf seiner Website oder in sonstiger Weise in Bezug auf diese Materialien oder auf Websites, die mit dieser Website verlinkt sind.<\/li>\n<\/ol>\n\n\n\n<h3 class=\"wp-block-heading\" id=\"4-limitacoes\" data-no-translation=\"\">4. Limita\u00e7\u00f5es<\/h3>\n\n\n\n<p>Artigos Vip oder seine Lieferanten haften in keinem Fall f\u00fcr Sch\u00e4den (einschlie\u00dflich, aber nicht beschr\u00e4nkt auf Sch\u00e4den durch Datenverlust, entgangenen Gewinn oder Betriebsunterbrechung), die aus der Nutzung oder der Unm\u00f6glichkeit der Nutzung der Materialien von Artigos Vip entstehen, selbst wenn Artigos Vip oder ein autorisierter Vertreter von Artigos Vip m\u00fcndlich oder schriftlich auf die M\u00f6glichkeit solcher Sch\u00e4den hingewiesen wurde. Da in einigen Rechtsr\u00e4umen Beschr\u00e4nkungen stillschweigender Garantien oder Haftungsbeschr\u00e4nkungen f\u00fcr Folge- oder Nebensch\u00e4den nicht zul\u00e4ssig sind, gelten diese Beschr\u00e4nkungen m\u00f6glicherweise nicht f\u00fcr Sie.<\/p>\n\n\n\n<h3 class=\"wp-block-heading\" id=\"5-precisao-dos-materiais\" data-no-translation=\"\">5. Precis\u00e3o dos materiais<\/h3>\n\n\n\n<p>Die auf der Artigos Vip-Website angezeigten Materialien k\u00f6nnen technische, typografische oder fotografische Fehler enthalten. Artigos Vip \u00fcbernimmt keine Gew\u00e4hr f\u00fcr die Richtigkeit, Vollst\u00e4ndigkeit und Aktualit\u00e4t der auf seiner Website bereitgestellten Materialien. Artigos Vip kann die auf seiner Website bereitgestellten Materialien jederzeit und ohne Vorank\u00fcndigung \u00e4ndern. Artigos Vip \u00fcbernimmt jedoch keine Verpflichtung zur Aktualisierung der Materialien.<\/p>\n\n\n\n<h3 class=\"wp-block-heading\" id=\"6-links\" data-no-translation=\"\">6. Links<\/h3>\n\n\n\n<p>Artigos Vip hat nicht alle mit seiner Website verlinkten Seiten \u00fcberpr\u00fcft und ist nicht f\u00fcr deren Inhalt verantwortlich. Die Bereitstellung eines Links bedeutet nicht, dass Artigos Vip die Seite unterst\u00fctzt. Die Nutzung verlinkter Seiten erfolgt auf eigene Gefahr des Nutzers.<\/p>\n\n\n\n<h3 class=\"wp-block-heading\" id=\"modificacoes\" data-no-translation=\"\">Modifica\u00e7\u00f5es<\/h3>\n\n\n\n<p>Artigos Vip kann diese Nutzungsbedingungen f\u00fcr seine Website jederzeit und ohne vorherige Ank\u00fcndigung \u00e4ndern. Durch die Nutzung dieser Website erkl\u00e4ren Sie sich mit der jeweils aktuellen Version dieser Nutzungsbedingungen einverstanden.<\/p>\n\n\n\n<h3 class=\"wp-block-heading\" id=\"lei-aplicavel\" data-no-translation=\"\">Lei aplic\u00e1vel<\/h3>\n\n\n\n<p>Diese Gesch\u00e4ftsbedingungen unterliegen den Gesetzen von Artigos Vip und werden in \u00dcbereinstimmung mit diesen ausgelegt. Sie unterwerfen sich unwiderruflich der ausschlie\u00dflichen Zust\u00e4ndigkeit der Gerichte in diesem Staat oder an diesem Ort.<\/p>","protected":false},"excerpt":{"rendered":"<p>1. Termos Ao acessar ao site Artigos Vip, concorda em cumprir estes termos de servi\u00e7o, todas as leis e regulamentos aplic\u00e1veis \u200b\u200be concorda que \u00e9 respons\u00e1vel pelo cumprimento de todas as leis locais aplic\u00e1veis. Se voc\u00ea n\u00e3o concordar com algum desses termos, est\u00e1 proibido de usar ou acessar este site. Os materiais contidos neste site<\/p>","protected":false},"author":1,"featured_media":0,"parent":0,"menu_order":0,"comment_status":"closed","ping_status":"closed","template":"","meta":{"footnotes":""},"class_list":["post-8038","page","type-page","status-publish"],"_links":{"self":[{"href":"https:\/\/artigosvip.com\/de_ch\/wp-json\/wp\/v2\/pages\/8038","targetHints":{"allow":["GET"]}}],"collection":[{"href":"https:\/\/artigosvip.com\/de_ch\/wp-json\/wp\/v2\/pages"}],"about":[{"href":"https:\/\/artigosvip.com\/de_ch\/wp-json\/wp\/v2\/types\/page"}],"author":[{"embeddable":true,"href":"https:\/\/artigosvip.com\/de_ch\/wp-json\/wp\/v2\/users\/1"}],"replies":[{"embeddable":true,"href":"https:\/\/artigosvip.com\/de_ch\/wp-json\/wp\/v2\/comments?post=8038"}],"version-history":[{"count":2,"href":"https:\/\/artigosvip.com\/de_ch\/wp-json\/wp\/v2\/pages\/8038\/revisions"}],"predecessor-version":[{"id":8113,"href":"https:\/\/artigosvip.com\/de_ch\/wp-json\/wp\/v2\/pages\/8038\/revisions\/8113"}],"wp:attachment":[{"href":"https:\/\/artigosvip.com\/de_ch\/wp-json\/wp\/v2\/media?parent=8038"}],"curies":[{"name":"wp","href":"https:\/\/api.w.org\/{rel}","templated":true}]}}