{"id":8038,"date":"2023-09-30T10:27:48","date_gmt":"2023-09-30T10:27:48","guid":{"rendered":"https:\/\/artigosvip.com\/?page_id=8038"},"modified":"2023-10-07T08:36:49","modified_gmt":"2023-10-07T08:36:49","slug":"terms-of-use","status":"publish","type":"page","link":"https:\/\/artigosvip.com\/en_ir\/termos-de-uso\/","title":{"rendered":"Terms of use"},"content":{"rendered":"<h3 class=\"wp-block-heading\" id=\"1-termos\" data-no-translation=\"\">1. Termos<\/h3>\n\n\n\n<p>When accessing the website <a href=\"https:\/\/justmobs.com\">VIP Articles<\/a>, agree to comply with these terms of service, all applicable laws and regulations, and agree that you are responsible for compliance with all applicable local laws. If you do not agree with any of these terms, you are prohibited from using or accessing this site. The materials contained in this site are protected by applicable copyright and trademark law.<\/p>\n\n\n\n<h3 class=\"wp-block-heading\" id=\"2-uso-de-licenca\" data-no-translation=\"\">2. Uso de Licen\u00e7a<\/h3>\n\n\n\n<p>Permission is granted to temporarily download one copy of the materials (information or software) on the Artigos Vip website for personal, non-commercial transitory viewing only. This is the grant of a license, not a transfer of title, and under this license, you may not:\u00a0<\/p>\n\n\n\n<ol class=\"wp-block-list\">\n<li>modify or copy the materials;&nbsp;<\/li>\n\n\n\n<li>use the materials for any commercial purpose, or for any public display (commercial or non-commercial);&nbsp;<\/li>\n\n\n\n<li>attempt to decompile or reverse engineer any software contained on the Artigos Vip website;\u00a0<\/li>\n\n\n\n<li>remove any copyright or other proprietary notations from the materials; or&nbsp;<\/li>\n\n\n\n<li>transfer the materials to another person or &#039;mirror&#039; the materials on any other server.<\/li>\n<\/ol>\n\n\n\n<p>This license will automatically terminate if you violate any of these restrictions and may be terminated by Artigos Vip at any time. Upon terminating your viewing of these materials or upon termination of this license, you must destroy all downloaded materials in your possession, whether in electronic or printed format.<\/p>\n\n\n\n<h3 class=\"wp-block-heading\" id=\"3-isencao-de-responsabilidade\" data-no-translation=\"\">3. Isen\u00e7\u00e3o de responsabilidade<\/h3>\n\n\n\n<ol class=\"wp-block-list\">\n<li>The materials on the Artigos Vip website are provided &#039;as is&#039;. Artigos Vip makes no warranties, expressed or implied, and hereby disclaims and negates all other warranties, including, without limitation, implied warranties or conditions of merchantability, fitness for a particular purpose, or non-infringement of intellectual property or other violation of rights.<\/li>\n\n\n\n<li>Furthermore, Artigos Vip does not guarantee or make any representations regarding the accuracy, likely results, or reliability of the use of the materials on its website or otherwise relating to such materials or on any sites linked to this site.<\/li>\n<\/ol>\n\n\n\n<h3 class=\"wp-block-heading\" id=\"4-limitacoes\" data-no-translation=\"\">4. Limita\u00e7\u00f5es<\/h3>\n\n\n\n<p>In no event shall Artigos Vip or its suppliers be liable for any damages (including, without limitation, damages for loss of data or profit, or due to business interruption) arising out of the use or inability to use the materials on Artigos Vip, even if Artigos Vip or an authorized representative of Artigos Vip has been notified orally or in writing of the possibility of such damage. Because some jurisdictions do not allow limitations on implied warranties, or limitations of liability for consequential or incidental damages, these limitations may not apply to you.<\/p>\n\n\n\n<h3 class=\"wp-block-heading\" id=\"5-precisao-dos-materiais\" data-no-translation=\"\">5. Precis\u00e3o dos materiais<\/h3>\n\n\n\n<p>The materials displayed on the Artigos Vip website may include technical, typographical, or photographic errors. Artigos Vip does not guarantee that any of the materials on its website are accurate, complete, or current. Artigos Vip may make changes to the materials contained on its website at any time without notice. However, Artigos Vip does not undertake to update the materials.<\/p>\n\n\n\n<h3 class=\"wp-block-heading\" id=\"6-links\" data-no-translation=\"\">6. Links<\/h3>\n\n\n\n<p>Artigos Vip has not reviewed all of the sites linked to its website and is not responsible for the content of any linked site. The inclusion of any link does not imply endorsement by Artigos Vip of the site. Use of any linked site is at the user&#039;s own risk.<\/p>\n\n\n\n<h3 class=\"wp-block-heading\" id=\"modificacoes\" data-no-translation=\"\">Modifica\u00e7\u00f5es<\/h3>\n\n\n\n<p>Artigos Vip may revise these terms of service for its website at any time without prior notice. By using this website, you agree to be bound by the current version of these terms of service.<\/p>\n\n\n\n<h3 class=\"wp-block-heading\" id=\"lei-aplicavel\" data-no-translation=\"\">Lei aplic\u00e1vel<\/h3>\n\n\n\n<p>These terms and conditions are governed by and construed in accordance with the laws of Artigos Vip and you irrevocably submit to the exclusive jurisdiction of the courts in that State or location.<\/p>","protected":false},"excerpt":{"rendered":"<p>1. Termos Ao acessar ao site Artigos Vip, concorda em cumprir estes termos de servi\u00e7o, todas as leis e regulamentos aplic\u00e1veis \u200b\u200be concorda que \u00e9 respons\u00e1vel pelo cumprimento de todas as leis locais aplic\u00e1veis. Se voc\u00ea n\u00e3o concordar com algum desses termos, est\u00e1 proibido de usar ou acessar este site. Os materiais contidos neste site<\/p>","protected":false},"author":1,"featured_media":0,"parent":0,"menu_order":0,"comment_status":"closed","ping_status":"closed","template":"","meta":{"footnotes":""},"class_list":["post-8038","page","type-page","status-publish"],"_links":{"self":[{"href":"https:\/\/artigosvip.com\/en_ir\/wp-json\/wp\/v2\/pages\/8038","targetHints":{"allow":["GET"]}}],"collection":[{"href":"https:\/\/artigosvip.com\/en_ir\/wp-json\/wp\/v2\/pages"}],"about":[{"href":"https:\/\/artigosvip.com\/en_ir\/wp-json\/wp\/v2\/types\/page"}],"author":[{"embeddable":true,"href":"https:\/\/artigosvip.com\/en_ir\/wp-json\/wp\/v2\/users\/1"}],"replies":[{"embeddable":true,"href":"https:\/\/artigosvip.com\/en_ir\/wp-json\/wp\/v2\/comments?post=8038"}],"version-history":[{"count":2,"href":"https:\/\/artigosvip.com\/en_ir\/wp-json\/wp\/v2\/pages\/8038\/revisions"}],"predecessor-version":[{"id":8113,"href":"https:\/\/artigosvip.com\/en_ir\/wp-json\/wp\/v2\/pages\/8038\/revisions\/8113"}],"wp:attachment":[{"href":"https:\/\/artigosvip.com\/en_ir\/wp-json\/wp\/v2\/media?parent=8038"}],"curies":[{"name":"wp","href":"https:\/\/api.w.org\/{rel}","templated":true}]}}