{"id":8036,"date":"2023-09-30T10:27:35","date_gmt":"2023-09-30T10:27:35","guid":{"rendered":"https:\/\/artigosvip.com\/?page_id=8036"},"modified":"2023-10-07T08:35:02","modified_gmt":"2023-10-07T08:35:02","slug":"politica-de-privacidad","status":"publish","type":"page","link":"https:\/\/artigosvip.com\/es_ec\/politica-de-privacidade\/","title":{"rendered":"Pol\u00edtica de privacidad"},"content":{"rendered":"<p>Su privacidad es importante para nosotros. La pol\u00edtica de Artigos Vip es respetar su privacidad con respecto a cualquier informaci\u00f3n que recopilemos en el sitio web. <a href=\"https:\/\/artigosvip.com\/es_ec\/\">Art\u00edculos VIP<\/a>y otros sitios web que poseemos y operamos.<\/p>\n\n\n\n<p>Solo solicitamos informaci\u00f3n personal cuando realmente la necesitamos para prestarle un servicio. La recopilamos por medios justos y l\u00edcitos, con su conocimiento y consentimiento. Tambi\u00e9n le informamos por qu\u00e9 la recopilamos y c\u00f3mo la utilizaremos.<\/p>\n\n\n\n<p>Solo conservamos la informaci\u00f3n recopilada el tiempo necesario para brindarle el servicio solicitado. Los datos que almacenamos los protegemos mediante medios comercialmente aceptables para evitar p\u00e9rdidas y robos, as\u00ed como el acceso, la divulgaci\u00f3n, la copia, el uso o la modificaci\u00f3n no autorizados.<\/p>\n\n\n\n<p>No compartimos informaci\u00f3n de identificaci\u00f3n personal p\u00fablicamente ni con terceros, excepto cuando lo exige la ley.<\/p>\n\n\n\n<p>Nuestro sitio web puede contener enlaces a sitios externos que no operamos. Tenga en cuenta que no tenemos control sobre el contenido ni las pr\u00e1cticas de estos sitios, y no nos hacemos responsables de sus respectivas pol\u00edticas de privacidad.<\/p>\n\n\n\n<p>Usted es libre de rechazar nuestra solicitud de su informaci\u00f3n personal, con el entendimiento de que es posible que no podamos brindarle algunos de los servicios deseados.<\/p>\n\n\n\n<p>Su uso continuado de nuestro sitio web se considerar\u00e1 como una aceptaci\u00f3n de nuestras pr\u00e1cticas de privacidad e informaci\u00f3n personal. Si tiene alguna pregunta sobre c\u00f3mo gestionamos los datos de usuario y la informaci\u00f3n personal, p\u00f3ngase en contacto con nosotros.<\/p>\n\n\n\n<h3 class=\"wp-block-heading\" data-no-translation=\"\">Pol\u00edtica de Cookies Artigos Vip<\/h3>\n\n\n\n<h3 class=\"wp-block-heading\" data-no-translation=\"\">O que s\u00e3o cookies?<\/h3>\n\n\n\n<p>Como es habitual en casi todos los sitios web profesionales, este sitio utiliza cookies, que son peque\u00f1os archivos que se descargan en su ordenador, para mejorar su experiencia. Esta p\u00e1gina describe qu\u00e9 informaci\u00f3n recopilan, c\u00f3mo la utilizamos y por qu\u00e9 a veces necesitamos almacenar estas cookies. Tambi\u00e9n le explicaremos c\u00f3mo puede evitar que se almacenen; sin embargo, esto podr\u00eda reducir o interrumpir la funcionalidad de ciertos elementos del sitio.<\/p>\n\n\n\n<h3 class=\"wp-block-heading\" data-no-translation=\"\">Como usamos os cookies?<\/h3>\n\n\n\n<p>Utilizamos cookies por diversas razones, que se detallan a continuaci\u00f3n. Lamentablemente, en la mayor\u00eda de los casos, no existen opciones est\u00e1ndar en la industria para deshabilitar las cookies sin desactivar por completo la funcionalidad y las caracter\u00edsticas que a\u00f1aden a este sitio. Se recomienda dejar activadas todas las cookies si no est\u00e1 seguro de si las necesita o no, en caso de que se utilicen para prestar un servicio que utiliza.<\/p>\n\n\n\n<h3 class=\"wp-block-heading\" data-no-translation=\"\">Desativar cookies<\/h3>\n\n\n\n<p>Puede evitar la instalaci\u00f3n de cookies configurando su navegador (consulte la Ayuda de su navegador para saber c\u00f3mo hacerlo). Tenga en cuenta que deshabilitar las cookies afectar\u00e1 la funcionalidad de este y muchos otros sitios web que visite. Deshabilitar las cookies generalmente tambi\u00e9n deshabilitar\u00e1 ciertas funciones y caracter\u00edsticas de este sitio. Por lo tanto, se recomienda no deshabilitar las cookies.<\/p>\n\n\n\n<h3 class=\"wp-block-heading\" data-no-translation=\"\">Cookies que definimos<\/h3>\n\n\n\n<ul class=\"wp-block-list\">\n<li>Cookies de la cuenta: Si crea una cuenta con nosotros, utilizaremos cookies para gestionar el proceso de registro y la administraci\u00f3n general. Estas cookies generalmente se eliminar\u00e1n al cerrar sesi\u00f3n; sin embargo, en algunos casos, pueden permanecer despu\u00e9s para recordar sus preferencias del sitio al cerrar sesi\u00f3n.<\/li>\n\n\n\n<li>Cookies de inicio de sesi\u00f3n: Utilizamos cookies cuando inicia sesi\u00f3n para recordarlo. Esto evita que tenga que iniciar sesi\u00f3n cada vez que visita una p\u00e1gina nueva. Estas cookies se suelen eliminar al cerrar sesi\u00f3n para garantizar que solo pueda acceder a funciones y \u00e1reas restringidas al iniciar sesi\u00f3n.<\/li>\n\n\n\n<li>Cookies relacionadas con boletines informativos por correo electr\u00f3nico Este sitio ofrece servicios de suscripci\u00f3n a boletines informativos o por correo electr\u00f3nico y se pueden utilizar cookies para recordar si ya est\u00e1 registrado y si desea mostrar ciertas notificaciones que solo pueden ser v\u00e1lidas para usuarios suscritos o no suscritos.<\/li>\n\n\n\n<li>Cookies relacionadas con el procesamiento de pedidos Este sitio ofrece facilidades de comercio electr\u00f3nico o de pago y algunas cookies son esenciales para garantizar que su pedido se recuerde entre p\u00e1ginas para que podamos procesarlo correctamente.<\/li>\n\n\n\n<li>Cookies de encuestas: Ofrecemos peri\u00f3dicamente encuestas y cuestionarios para ofrecerte informaci\u00f3n interesante, herramientas \u00fatiles o para comprender mejor a nuestros usuarios. Estas encuestas pueden utilizar cookies para recordar qui\u00e9n ya ha participado en una encuesta o para ofrecerte resultados precisos al cambiar de p\u00e1gina.<\/li>\n\n\n\n<li>Cookies relacionadas con formularios Cuando env\u00eda datos a trav\u00e9s de un formulario, como los que se encuentran en las p\u00e1ginas de contacto o formularios de comentarios, se pueden configurar cookies para recordar sus datos de usuario para futura correspondencia.<\/li>\n\n\n\n<li>Cookies de preferencias del sitio web: Para brindarle una excelente experiencia en este sitio, le ofrecemos la funci\u00f3n de configurar sus preferencias sobre c\u00f3mo funciona este sitio cuando lo utiliza. Para recordar sus preferencias, necesitamos configurar cookies para que esta informaci\u00f3n se pueda recuperar cada vez que interact\u00fae con una p\u00e1gina que se vea afectada por sus preferencias.<\/li>\n<\/ul>\n\n\n\n<h3 class=\"wp-block-heading\" data-no-translation=\"\">Publicidade Personalizada<\/h3>\n\n\n\n<p>Los usuarios pueden optar por no recibir publicidad personalizada visitando el <a href=\"https:\/\/adssettings.google.com\/authenticated\">Configuraci\u00f3n de anuncios<\/a>Alternativamente, puede dirigir a los usuarios para que accedan al sitio web. <a href=\"http:\/\/www.aboutads.info\">www.aboutads.info<\/a> para inhabilitar el uso de cookies de publicidad personalizada de terceros.<\/p>\n\n\n\n<h3 class=\"wp-block-heading\" data-no-translation=\"\">Cookies de Terceiros<\/h3>\n\n\n\n<p>En algunos casos especiales, tambi\u00e9n utilizamos cookies proporcionadas por terceros de confianza. La siguiente secci\u00f3n detalla las cookies de terceros que podr\u00eda encontrar en este sitio web.<\/p>\n\n\n\n<ul class=\"wp-block-list\">\n<li>Este sitio web utiliza Google Analytics, una de las soluciones de an\u00e1lisis web m\u00e1s extendidas y fiables, para comprender c\u00f3mo utiliza el sitio y c\u00f3mo podemos mejorar su experiencia. Estas cookies pueden registrar datos como el tiempo que pasa en el sitio y las p\u00e1ginas que visita, para que podamos seguir creando contenido atractivo.<\/li>\n<\/ul>\n\n\n\n<p>Para obtener m\u00e1s informaci\u00f3n sobre las cookies de Google Analytics, consulte la p\u00e1gina oficial de Google Analytics.<\/p>\n\n\n\n<ul class=\"wp-block-list\">\n<li>Utilizamos an\u00e1lisis de terceros para rastrear y medir el uso de este sitio y as\u00ed poder seguir creando contenido atractivo. Estas cookies pueden registrar datos como el tiempo que pasa en el sitio o las p\u00e1ginas que visita, lo que nos ayuda a comprender c\u00f3mo podemos mejorar el sitio para usted.<\/li>\n\n\n\n<li>Peri\u00f3dicamente probamos nuevas funciones y realizamos peque\u00f1os cambios en la forma en que se muestra el sitio. Mientras probamos nuevas funciones, podemos usar estas cookies para garantizar que disfrute de una experiencia consistente en el sitio, mientras entendemos qu\u00e9 optimizaciones valoran m\u00e1s nuestros usuarios.<\/li>\n\n\n\n<li>Al vender productos, es importante para nosotros comprender las estad\u00edsticas sobre cu\u00e1ntos visitantes de nuestro sitio web realizan una compra. Por lo tanto, este es el tipo de datos que estas cookies registrar\u00e1n. Esto es importante para usted, ya que nos permite realizar predicciones comerciales precisas que nos permiten monitorear nuestros costos de publicidad y productos para garantizar el mejor precio posible.<\/li>\n\n\n\n<li>El servicio Google AdSense que utilizamos para mostrar publicidad utiliza una cookie de DoubleClick para mostrar anuncios m\u00e1s relevantes en la web y limitar la cantidad de veces que se le muestra un anuncio determinado.<br>Para obtener m\u00e1s informaci\u00f3n sobre Google AdSense, consulta las preguntas frecuentes oficiales sobre privacidad de Google AdSense.<\/li>\n\n\n\n<li>Utilizamos publicidad para compensar los costes de funcionamiento de este sitio web y financiar su desarrollo futuro. Las cookies de publicidad comportamental que utiliza este sitio web est\u00e1n dise\u00f1adas para garantizar que le ofrezcamos la publicidad m\u00e1s relevante posible, rastreando an\u00f3nimamente sus intereses y presentando contenido similar que pueda ser de su inter\u00e9s.<\/li>\n\n\n\n<li>Varios socios hacen publicidad en nuestro nombre, y las cookies de seguimiento de afiliados simplemente nos permiten ver si nuestros clientes han llegado al sitio a trav\u00e9s de uno de los sitios de nuestros socios para que podamos acreditarlos adecuadamente y, cuando corresponda, permitir que nuestros socios afiliados brinden cualquier incentivo que puedan brindarle por realizar una compra.<\/li>\n<\/ul>\n\n\n\n<h3 class=\"wp-block-heading\" data-no-translation=\"\">Compromisso do Usu\u00e1rio<\/h3>\n\n\n\n<p>El usuario se compromete a hacer un uso adecuado de los contenidos e informaci\u00f3n que Artigos Vip ofrece en el sitio web y, con car\u00e1cter enunciativo pero no limitativo:<\/p>\n\n\n\n<ul class=\"wp-block-list\">\n<li>A) No incurrir en actividades ilegales o contrarias a la buena fe y al orden p\u00fablico;<\/li>\n\n\n\n<li>B) No difundir propaganda o contenidos de car\u00e1cter racista, xen\u00f3fobo o de mal gusto, cualquier tipo de pornograf\u00eda ilegal, de apolog\u00eda del terrorismo o atentatorio contra los derechos humanos;<\/li>\n\n\n\n<li>C) No provocar da\u00f1os en los sistemas f\u00edsicos (hardware) y l\u00f3gicos (software) de Artigos Vip, de sus proveedores o de terceras personas, introducir o difundir en la red virus inform\u00e1ticos o cualesquiera otros sistemas f\u00edsicos o l\u00f3gicos que sean susceptibles de provocar los da\u00f1os anteriormente mencionados.<\/li>\n<\/ul>\n\n\n\n<h3 class=\"wp-block-heading\" data-no-translation=\"\">Mais informa\u00e7\u00f5es<\/h3>\n\n\n\n<p>Esperamos que esto haya aclarado las cosas para usted y, como se mencion\u00f3 anteriormente, si hay algo que no est\u00e1 seguro si necesita o no, generalmente es m\u00e1s seguro dejar las cookies habilitadas en caso de que interact\u00fae con una de las funciones que utiliza en nuestro sitio.<\/p>\n\n\n\n<p>Esta pol\u00edtica entra en vigor a partir de <strong>Enero<\/strong>\/<strong>2022<\/strong>.<\/p>","protected":false},"excerpt":{"rendered":"<p>A sua privacidade \u00e9 importante para n\u00f3s. \u00c9 pol\u00edtica do Artigos Vip respeitar a sua privacidade em rela\u00e7\u00e3o a qualquer informa\u00e7\u00e3o sua que possamos coletar no site Artigos Vip, e outros sites que possu\u00edmos e operamos. Solicitamos informa\u00e7\u00f5es pessoais apenas quando realmente precisamos delas para lhe fornecer um servi\u00e7o. Fazemo-lo por meios justos e legais,<\/p>","protected":false},"author":1,"featured_media":0,"parent":0,"menu_order":0,"comment_status":"closed","ping_status":"closed","template":"","meta":{"footnotes":""},"class_list":["post-8036","page","type-page","status-publish"],"_links":{"self":[{"href":"https:\/\/artigosvip.com\/es_ec\/wp-json\/wp\/v2\/pages\/8036","targetHints":{"allow":["GET"]}}],"collection":[{"href":"https:\/\/artigosvip.com\/es_ec\/wp-json\/wp\/v2\/pages"}],"about":[{"href":"https:\/\/artigosvip.com\/es_ec\/wp-json\/wp\/v2\/types\/page"}],"author":[{"embeddable":true,"href":"https:\/\/artigosvip.com\/es_ec\/wp-json\/wp\/v2\/users\/1"}],"replies":[{"embeddable":true,"href":"https:\/\/artigosvip.com\/es_ec\/wp-json\/wp\/v2\/comments?post=8036"}],"version-history":[{"count":2,"href":"https:\/\/artigosvip.com\/es_ec\/wp-json\/wp\/v2\/pages\/8036\/revisions"}],"predecessor-version":[{"id":8111,"href":"https:\/\/artigosvip.com\/es_ec\/wp-json\/wp\/v2\/pages\/8036\/revisions\/8111"}],"wp:attachment":[{"href":"https:\/\/artigosvip.com\/es_ec\/wp-json\/wp\/v2\/media?parent=8036"}],"curies":[{"name":"wp","href":"https:\/\/api.w.org\/{rel}","templated":true}]}}