{"id":8036,"date":"2023-09-30T10:27:35","date_gmt":"2023-09-30T10:27:35","guid":{"rendered":"https:\/\/artigosvip.com\/?page_id=8036"},"modified":"2023-10-07T08:35:02","modified_gmt":"2023-10-07T08:35:02","slug":"tietosuojakaytanto","status":"publish","type":"page","link":"https:\/\/artigosvip.com\/fi\/politica-de-privacidade\/","title":{"rendered":"Tietosuojak\u00e4yt\u00e4nt\u00f6"},"content":{"rendered":"<p>Tietosuojasi on meille t\u00e4rke\u00e4\u00e4. Artigos Vipin k\u00e4yt\u00e4nt\u00f6n\u00e4 on kunnioittaa yksityisyytt\u00e4si kaikkien verkkosivustolla ker\u00e4\u00e4miemme tietojen suhteen. <a href=\"https:\/\/artigosvip.com\/fi\/\">VIP-artikkelit<\/a>ja muut omistamamme ja yll\u00e4pit\u00e4m\u00e4mme verkkosivustot.<\/p>\n\n\n\n<p>Pyyd\u00e4mme henkil\u00f6tietoja vain, kun todella tarvitsemme niit\u00e4 palvelun tarjoamiseksi sinulle. Ker\u00e4\u00e4mme tiedot oikeudenmukaisin ja laillisin keinoin, tietoisesti ja suostumuksellasi. Kerromme sinulle my\u00f6s, miksi ker\u00e4\u00e4mme tietoja ja miten niit\u00e4 k\u00e4ytet\u00e4\u00e4n.<\/p>\n\n\n\n<p>S\u00e4ilyt\u00e4mme ker\u00e4ttyj\u00e4 tietoja vain niin kauan kuin on tarpeen pyyt\u00e4m\u00e4si palvelun tarjoamiseksi. Suojaamme tallentamiamme tietoja kaupallisesti hyv\u00e4ksytt\u00e4vin keinoin est\u00e4\u00e4ksemme katoamisen ja varkauden sek\u00e4 luvattoman p\u00e4\u00e4syn, paljastamisen, kopioinnin, k\u00e4yt\u00f6n tai muokkaamisen.<\/p>\n\n\n\n<p>Emme jaa henkil\u00f6tietoja julkisesti tai kolmansille osapuolille, paitsi lain niin vaatiessa.<\/p>\n\n\n\n<p>Verkkosivustomme saattaa sis\u00e4lt\u00e4\u00e4 linkkej\u00e4 ulkoisille sivustoille, joita emme yll\u00e4pid\u00e4. Huomaathan, ett\u00e4 meill\u00e4 ei ole m\u00e4\u00e4r\u00e4ysvaltaa n\u00e4iden sivustojen sis\u00e4lt\u00f6\u00f6n tai k\u00e4yt\u00e4nt\u00f6ihin, emmek\u00e4 voi ottaa vastuuta niiden tietosuojak\u00e4yt\u00e4nn\u00f6ist\u00e4.<\/p>\n\n\n\n<p>Voit vapaasti kielt\u00e4yty\u00e4 pyynn\u00f6st\u00e4mme saada henkil\u00f6tietojasi ymm\u00e4rt\u00e4en, ett\u00e4 emme v\u00e4ltt\u00e4m\u00e4tt\u00e4 pysty tarjoamaan sinulle joitakin haluamiasi palveluita.<\/p>\n\n\n\n<p>Jatkamalla verkkosivustomme k\u00e4ytt\u00f6\u00e4 hyv\u00e4ksyt tietosuoja- ja henkil\u00f6tietok\u00e4yt\u00e4nt\u00f6mme. Jos sinulla on kysytt\u00e4v\u00e4\u00e4 siit\u00e4, miten k\u00e4sittelemme k\u00e4ytt\u00e4j\u00e4tietoja ja henkil\u00f6tietoja, ota meihin yhteytt\u00e4.<\/p>\n\n\n\n<h3 class=\"wp-block-heading\" data-no-translation=\"\">Pol\u00edtica de Cookies Artigos Vip<\/h3>\n\n\n\n<h3 class=\"wp-block-heading\" data-no-translation=\"\">O que s\u00e3o cookies?<\/h3>\n\n\n\n<p>Kuten l\u00e4hes kaikilla ammattimaisilla verkkosivustoilla on yleinen k\u00e4yt\u00e4nt\u00f6, t\u00e4m\u00e4 sivusto k\u00e4ytt\u00e4\u00e4 ev\u00e4steit\u00e4, jotka ovat pieni\u00e4 tiedostoja, jotka ladataan tietokoneellesi k\u00e4ytt\u00f6kokemuksesi parantamiseksi. T\u00e4ll\u00e4 sivulla kuvataan, mit\u00e4 tietoja ne ker\u00e4\u00e4v\u00e4t, miten k\u00e4yt\u00e4mme niit\u00e4 ja miksi meid\u00e4n on joskus tallennettava n\u00e4it\u00e4 ev\u00e4steit\u00e4. Kerromme my\u00f6s, kuinka voit est\u00e4\u00e4 n\u00e4iden ev\u00e4steiden tallentamisen. T\u00e4m\u00e4 voi kuitenkin heikent\u00e4\u00e4 tai &quot;rikkoa&quot; tiettyj\u00e4 sivuston toiminnallisuuden elementtej\u00e4.<\/p>\n\n\n\n<h3 class=\"wp-block-heading\" data-no-translation=\"\">Como usamos os cookies?<\/h3>\n\n\n\n<p>K\u00e4yt\u00e4mme ev\u00e4steit\u00e4 useista eri syist\u00e4, jotka on kuvattu tarkemmin alla. Valitettavasti useimmissa tapauksissa ei ole olemassa alan standardin mukaisia \u200b\u200bvaihtoehtoja ev\u00e4steiden poistamiseksi k\u00e4yt\u00f6st\u00e4 poistamatta kokonaan niiden t\u00e4lle sivustolle lis\u00e4\u00e4mi\u00e4 toimintoja ja ominaisuuksia. On suositeltavaa, ett\u00e4 j\u00e4t\u00e4t kaikki ev\u00e4steet p\u00e4\u00e4lle, jos et ole varma, tarvitsetko niit\u00e4 vai et, jos niit\u00e4 k\u00e4ytet\u00e4\u00e4n k\u00e4ytt\u00e4m\u00e4si palvelun tarjoamiseen.<\/p>\n\n\n\n<h3 class=\"wp-block-heading\" data-no-translation=\"\">Desativar cookies<\/h3>\n\n\n\n<p>Voit est\u00e4\u00e4 ev\u00e4steiden asettamisen muuttamalla selaimesi asetuksia (katso ohjeet selaimesi ohjeesta). Huomaa, ett\u00e4 ev\u00e4steiden poistaminen k\u00e4yt\u00f6st\u00e4 vaikuttaa t\u00e4m\u00e4n ja monien muiden vierailemiesi verkkosivustojen toimintaan. Ev\u00e4steiden poistaminen k\u00e4yt\u00f6st\u00e4 johtaa yleens\u00e4 my\u00f6s tiettyjen sivuston toimintojen ja ominaisuuksien poistamiseen k\u00e4yt\u00f6st\u00e4. Siksi on suositeltavaa, ettet poista ev\u00e4steit\u00e4 k\u00e4yt\u00f6st\u00e4.<\/p>\n\n\n\n<h3 class=\"wp-block-heading\" data-no-translation=\"\">Cookies que definimos<\/h3>\n\n\n\n<ul class=\"wp-block-list\">\n<li>Tiliin liittyv\u00e4t ev\u00e4steet: Jos luot tilin meille, k\u00e4yt\u00e4mme ev\u00e4steit\u00e4 rekister\u00f6itymisprosessin hallintaan ja yleiseen hallinnointiin. N\u00e4m\u00e4 ev\u00e4steet poistetaan yleens\u00e4, kun kirjaudut ulos; joissakin tapauksissa ne voivat kuitenkin j\u00e4\u00e4d\u00e4 muistamaan sivuston asetuksesi uloskirjautumisen j\u00e4lkeen.<\/li>\n\n\n\n<li>Kirjautumiseen liittyv\u00e4t ev\u00e4steet: K\u00e4yt\u00e4mme ev\u00e4steit\u00e4, kun olet kirjautunut sis\u00e4\u00e4n, jotta voimme muistaa t\u00e4m\u00e4n. T\u00e4m\u00e4 est\u00e4\u00e4 sinua kirjautumasta sis\u00e4\u00e4n joka kerta, kun vierailet uudella sivulla. N\u00e4m\u00e4 ev\u00e4steet poistetaan yleens\u00e4, kun kirjaudut ulos, jotta voit k\u00e4ytt\u00e4\u00e4 vain rajoitettuja ominaisuuksia ja alueita sis\u00e4\u00e4nkirjautuneena.<\/li>\n\n\n\n<li>S\u00e4hk\u00f6postiuutiskirjeisiin liittyv\u00e4t ev\u00e4steet T\u00e4m\u00e4 sivusto tarjoaa uutiskirje- tai s\u00e4hk\u00f6postitilauspalveluita, ja ev\u00e4steit\u00e4 voidaan k\u00e4ytt\u00e4\u00e4 muistamaan, oletko jo rekister\u00f6itynyt ja n\u00e4ytet\u00e4\u00e4nk\u00f6 tiettyj\u00e4 ilmoituksia, jotka saattavat olla voimassa vain tilaajille\/tilaamattomille k\u00e4ytt\u00e4jille.<\/li>\n\n\n\n<li>Tilauksen k\u00e4sittelyyn liittyv\u00e4t ev\u00e4steet T\u00e4m\u00e4 sivusto tarjoaa verkkokauppa- tai maksutoimintoja, ja jotkin ev\u00e4steet ovat v\u00e4ltt\u00e4m\u00e4tt\u00f6mi\u00e4 sen varmistamiseksi, ett\u00e4 tilauksesi muistetaan sivujen v\u00e4lill\u00e4, jotta voimme k\u00e4sitell\u00e4 sen oikein.<\/li>\n\n\n\n<li>Kyselyyn liittyv\u00e4t ev\u00e4steet: Tarjoamme ajoittain kyselyit\u00e4 ja lomakkeita tarjotaksemme sinulle mielenkiintoisia n\u00e4kemyksi\u00e4, hy\u00f6dyllisi\u00e4 ty\u00f6kaluja tai ymm\u00e4rt\u00e4\u00e4ksemme k\u00e4ytt\u00e4j\u00e4kuntaamme tarkemmin. N\u00e4m\u00e4 kyselyt voivat k\u00e4ytt\u00e4\u00e4 ev\u00e4steit\u00e4 muistaakseen, ketk\u00e4 ovat jo osallistuneet kyselyyn, tai tarjotakseen sinulle tarkkoja tuloksia sivun vaihtamisen j\u00e4lkeen.<\/li>\n\n\n\n<li>Lomakkeeseen liittyv\u00e4t ev\u00e4steet Kun l\u00e4het\u00e4t tietoja lomakkeen, kuten yhteydenottosivuilla tai kommenttilomakkeissa olevien lomakkeiden, kautta, ev\u00e4steet voidaan asettaa muistamaan k\u00e4ytt\u00e4j\u00e4tietosi tulevaa yhteydenpitoa varten.<\/li>\n\n\n\n<li>Verkkosivuston asetusten ev\u00e4steet: Jotta voimme tarjota sinulle hyv\u00e4n k\u00e4ytt\u00f6kokemuksen t\u00e4ll\u00e4 sivustolla, tarjoamme toiminnon, jolla voit m\u00e4\u00e4ritt\u00e4\u00e4 asetuksiasi sivuston toiminnan suhteen. Jotta voimme muistaa asetuksesi, meid\u00e4n on asetettava ev\u00e4steit\u00e4, jotta n\u00e4it\u00e4 tietoja voidaan kutsua aina, kun olet vuorovaikutuksessa sivun kanssa, johon asetuksesi vaikuttavat.<\/li>\n<\/ul>\n\n\n\n<h3 class=\"wp-block-heading\" data-no-translation=\"\">Publicidade Personalizada<\/h3>\n\n\n\n<p>K\u00e4ytt\u00e4j\u00e4t voivat kielt\u00e4yty\u00e4 personoidusta mainonnasta k\u00e4ym\u00e4ll\u00e4 osoitteessa <a href=\"https:\/\/adssettings.google.com\/authenticated\">Mainosasetukset<\/a>Vaihtoehtoisesti voit ohjata k\u00e4ytt\u00e4j\u00e4t verkkosivustolle <a href=\"http:\/\/www.aboutads.info\">www.aboutads.info<\/a> poistaaksesi k\u00e4yt\u00f6st\u00e4 kolmannen osapuolen personoitujen mainosev\u00e4steiden k\u00e4yt\u00f6n.<\/p>\n\n\n\n<h3 class=\"wp-block-heading\" data-no-translation=\"\">Cookies de Terceiros<\/h3>\n\n\n\n<p>Joissakin erityistapauksissa k\u00e4yt\u00e4mme my\u00f6s luotettavien kolmansien osapuolten tarjoamia ev\u00e4steit\u00e4. Seuraavassa osiossa kerrotaan, mit\u00e4 kolmannen osapuolen ev\u00e4steit\u00e4 saatat kohdata t\u00e4m\u00e4n verkkosivuston kautta.<\/p>\n\n\n\n<ul class=\"wp-block-list\">\n<li>T\u00e4m\u00e4 verkkosivusto k\u00e4ytt\u00e4\u00e4 Google Analyticsia, joka on yksi laajimmin levinneist\u00e4 ja luotettavimmista analytiikkaratkaisuista verkossa. Sen avulla voimme ymm\u00e4rt\u00e4\u00e4, miten k\u00e4yt\u00e4t sivustoa ja miten voimme parantaa k\u00e4ytt\u00f6kokemustasi. N\u00e4m\u00e4 ev\u00e4steet voivat seurata esimerkiksi sivustolla viett\u00e4m\u00e4\u00e4si aikaa ja vierailemiasi sivuja, jotta voimme jatkaa kiinnostavan sis\u00e4ll\u00f6n tuottamista.<\/li>\n<\/ul>\n\n\n\n<p>Lis\u00e4tietoja Google Analyticsin ev\u00e4steist\u00e4 on Google Analyticsin virallisella sivulla.<\/p>\n\n\n\n<ul class=\"wp-block-list\">\n<li>Kolmannen osapuolen analytiikkaa k\u00e4ytet\u00e4\u00e4n t\u00e4m\u00e4n sivuston k\u00e4yt\u00f6n seuraamiseen ja mittaamiseen, jotta voimme jatkaa kiinnostavan sis\u00e4ll\u00f6n tuottamista. N\u00e4m\u00e4 ev\u00e4steet voivat seurata esimerkiksi sivustolla viett\u00e4m\u00e4\u00e4si aikaa tai vierailemiasi sivuja, mik\u00e4 auttaa meit\u00e4 ymm\u00e4rt\u00e4m\u00e4\u00e4n, miten voimme parantaa sivustoa sinulle.<\/li>\n\n\n\n<li>Testaamme uusia ominaisuuksia s\u00e4\u00e4nn\u00f6llisesti ja teemme hienovaraisia \u200b\u200bmuutoksia sivuston toimitustapaan. Kun testaamme viel\u00e4 uusia ominaisuuksia, n\u00e4it\u00e4 ev\u00e4steit\u00e4 voidaan k\u00e4ytt\u00e4\u00e4 varmistamaan, ett\u00e4 saat yhdenmukaisen k\u00e4ytt\u00f6kokemuksen sivustolla samalla, kun ymm\u00e4rr\u00e4mme, mit\u00e4 optimointeja k\u00e4ytt\u00e4j\u00e4mme arvostavat eniten.<\/li>\n\n\n\n<li>Myydess\u00e4mme tuotteita on t\u00e4rke\u00e4\u00e4 ymm\u00e4rt\u00e4\u00e4 tilastoja siit\u00e4, kuinka moni sivustomme k\u00e4vij\u00f6ist\u00e4 todella tekee ostoksen, ja siksi n\u00e4m\u00e4 ev\u00e4steet seuraavat t\u00e4llaista tietoa. T\u00e4m\u00e4 on t\u00e4rke\u00e4\u00e4 sinulle, koska se tarkoittaa, ett\u00e4 voimme tehd\u00e4 tarkkoja liiketoimintaennusteita, joiden avulla voimme seurata mainonta- ja tuotekustannuksiamme parhaan mahdollisen hinnan varmistamiseksi.<\/li>\n\n\n\n<li>Mainosten n\u00e4ytt\u00e4miseen k\u00e4ytt\u00e4m\u00e4mme Google AdSense -palvelu k\u00e4ytt\u00e4\u00e4 DoubleClick-ev\u00e4stett\u00e4 n\u00e4ytt\u00e4\u00e4kseen osuvampia mainoksia verkossa ja rajoittaakseen tietyn mainoksen n\u00e4ytt\u00f6kertojen m\u00e4\u00e4r\u00e4\u00e4 sinulle.<br>Lis\u00e4tietoja Google AdSensesta on Google AdSensen virallisissa tietosuojaa koskevissa usein kysytyiss\u00e4 kysymyksiss\u00e4.<\/li>\n\n\n\n<li>K\u00e4yt\u00e4mme mainoksia kattaaksemme t\u00e4m\u00e4n verkkosivuston yll\u00e4pitokustannukset ja rahoittaaksemme tulevaa kehityst\u00e4. T\u00e4m\u00e4n verkkosivuston k\u00e4ytt\u00e4m\u00e4t k\u00e4ytt\u00e4ytymiseen perustuvan mainonnan ev\u00e4steet on suunniteltu varmistamaan, ett\u00e4 tarjoamme sinulle mahdollisimman osuvaa mainontaa seuraamalla kiinnostuksen kohteitasi nimett\u00f6m\u00e4sti ja n\u00e4ytt\u00e4m\u00e4ll\u00e4 samankaltaista sis\u00e4lt\u00f6\u00e4, joka saattaa kiinnostaa sinua.<\/li>\n\n\n\n<li>Useat kumppanit mainostavat puolestamme, ja kumppanuusmarkkinointiev\u00e4steet antavat meille yksinkertaisesti mahdollisuuden n\u00e4hd\u00e4, ovatko asiakkaamme tulleet sivustolle jonkin kumppanisivustomme kautta, jotta voimme hyvitt\u00e4\u00e4 heille asianmukaisesti ja tarvittaessa antaa kumppanuuskumppaniemme tarjota sinulle kannustimia ostoksen tekemisest\u00e4.<\/li>\n<\/ul>\n\n\n\n<h3 class=\"wp-block-heading\" data-no-translation=\"\">Compromisso do Usu\u00e1rio<\/h3>\n\n\n\n<p>K\u00e4ytt\u00e4j\u00e4 sitoutuu k\u00e4ytt\u00e4m\u00e4\u00e4n Artigos Vipin verkkosivustolla tarjoamaa sis\u00e4lt\u00f6\u00e4 ja tietoja asianmukaisesti, ja esimerkiksi, mutta ei rajoittuen:<\/p>\n\n\n\n<ul class=\"wp-block-list\">\n<li>A) Ei saa harjoittaa toimintaa, joka on laitonta tai vastoin vilpit\u00f6nt\u00e4 mielt\u00e4 ja yleist\u00e4 j\u00e4rjestyst\u00e4;<\/li>\n\n\n\n<li>B) \u00c4l\u00e4 levit\u00e4 rasistista, muukalaisvihamielist\u00e4 tai ep\u00e4onnea tuottavaa propagandaa tai sis\u00e4lt\u00f6\u00e4, mink\u00e4\u00e4nlaista laitonta pornografiaa, terrorismin tukemista tai ihmisoikeuksien loukkaamista;<\/li>\n\n\n\n<li>C) \u00c4l\u00e4 vahingoita Artigos Vipin, sen toimittajien tai kolmansien osapuolten fyysisi\u00e4 (laitteisto) ja loogisia (ohjelmisto)j\u00e4rjestelmi\u00e4, \u00e4l\u00e4k\u00e4 levit\u00e4 tietokoneviruksia tai muita laitteisto- tai ohjelmistoj\u00e4rjestelmi\u00e4, jotka voivat aiheuttaa edell\u00e4 mainittuja vahinkoja.<\/li>\n<\/ul>\n\n\n\n<h3 class=\"wp-block-heading\" data-no-translation=\"\">Mais informa\u00e7\u00f5es<\/h3>\n\n\n\n<p>Toivottavasti t\u00e4m\u00e4 selvensi asioita sinulle, ja kuten aiemmin mainittiin, jos et ole varma, tarvitsetko ev\u00e4steit\u00e4 vai et, on yleens\u00e4 turvallisempaa pit\u00e4\u00e4 ne k\u00e4yt\u00f6ss\u00e4 silt\u00e4 varalta, ett\u00e4 ne vaikuttavat johonkin sivustollamme k\u00e4ytt\u00e4miisi ominaisuuksiin.<\/p>\n\n\n\n<p>T\u00e4m\u00e4 k\u00e4yt\u00e4nt\u00f6 on voimassa alkaen <strong>tammikuu<\/strong>\/<strong>2022<\/strong>.<\/p>","protected":false},"excerpt":{"rendered":"<p>A sua privacidade \u00e9 importante para n\u00f3s. \u00c9 pol\u00edtica do Artigos Vip respeitar a sua privacidade em rela\u00e7\u00e3o a qualquer informa\u00e7\u00e3o sua que possamos coletar no site Artigos Vip, e outros sites que possu\u00edmos e operamos. Solicitamos informa\u00e7\u00f5es pessoais apenas quando realmente precisamos delas para lhe fornecer um servi\u00e7o. Fazemo-lo por meios justos e legais,<\/p>","protected":false},"author":1,"featured_media":0,"parent":0,"menu_order":0,"comment_status":"closed","ping_status":"closed","template":"","meta":{"footnotes":""},"class_list":["post-8036","page","type-page","status-publish"],"_links":{"self":[{"href":"https:\/\/artigosvip.com\/fi\/wp-json\/wp\/v2\/pages\/8036","targetHints":{"allow":["GET"]}}],"collection":[{"href":"https:\/\/artigosvip.com\/fi\/wp-json\/wp\/v2\/pages"}],"about":[{"href":"https:\/\/artigosvip.com\/fi\/wp-json\/wp\/v2\/types\/page"}],"author":[{"embeddable":true,"href":"https:\/\/artigosvip.com\/fi\/wp-json\/wp\/v2\/users\/1"}],"replies":[{"embeddable":true,"href":"https:\/\/artigosvip.com\/fi\/wp-json\/wp\/v2\/comments?post=8036"}],"version-history":[{"count":2,"href":"https:\/\/artigosvip.com\/fi\/wp-json\/wp\/v2\/pages\/8036\/revisions"}],"predecessor-version":[{"id":8111,"href":"https:\/\/artigosvip.com\/fi\/wp-json\/wp\/v2\/pages\/8036\/revisions\/8111"}],"wp:attachment":[{"href":"https:\/\/artigosvip.com\/fi\/wp-json\/wp\/v2\/media?parent=8036"}],"curies":[{"name":"wp","href":"https:\/\/api.w.org\/{rel}","templated":true}]}}