{"id":8038,"date":"2023-09-30T10:27:48","date_gmt":"2023-09-30T10:27:48","guid":{"rendered":"https:\/\/artigosvip.com\/?page_id=8038"},"modified":"2023-10-07T08:36:49","modified_gmt":"2023-10-07T08:36:49","slug":"kayttoehdot","status":"publish","type":"page","link":"https:\/\/artigosvip.com\/fi\/termos-de-uso\/","title":{"rendered":"K\u00e4ytt\u00f6ehdot"},"content":{"rendered":"<h3 class=\"wp-block-heading\" id=\"1-termos\" data-no-translation=\"\">1. Termos<\/h3>\n\n\n\n<p>Kun k\u00e4yt\u00e4t verkkosivustoa <a href=\"https:\/\/justmobs.com\">VIP-artikkelit<\/a>, sitoudut noudattamaan n\u00e4it\u00e4 k\u00e4ytt\u00f6ehtoja, kaikkia sovellettavia lakeja ja m\u00e4\u00e4r\u00e4yksi\u00e4 ja hyv\u00e4ksyt, ett\u00e4 olet vastuussa kaikkien sovellettavien paikallisten lakien noudattamisesta. Jos et hyv\u00e4ksy n\u00e4it\u00e4 ehtoja, sinulla on kielletty\u00e4 k\u00e4ytt\u00e4\u00e4 t\u00e4t\u00e4 sivustoa. T\u00e4m\u00e4n sivuston sis\u00e4lt\u00f6 on suojattu sovellettavilla tekij\u00e4noikeus- ja tavaramerkkilaeilla.<\/p>\n\n\n\n<h3 class=\"wp-block-heading\" id=\"2-uso-de-licenca\" data-no-translation=\"\">2. Uso de Licen\u00e7a<\/h3>\n\n\n\n<p>Artigos Vip -verkkosivuston materiaaleista (tiedoista tai ohjelmistoista) saa ladata tilap\u00e4isesti yhden kopion henkil\u00f6kohtaiseen, ei-kaupalliseen ja lyhytaikaiseen katseluun. T\u00e4m\u00e4 on lisenssin my\u00f6nt\u00e4minen, ei omistusoikeuden siirto, ja t\u00e4m\u00e4n lisenssin nojalla et saa:\u00a0<\/p>\n\n\n\n<ol class=\"wp-block-list\">\n<li>muokata tai kopioida materiaaleja;&nbsp;<\/li>\n\n\n\n<li>k\u00e4ytt\u00e4\u00e4 materiaaleja mihink\u00e4\u00e4n kaupalliseen tarkoitukseen tai mihink\u00e4\u00e4n julkiseen esittelyyn (kaupalliseen tai ei-kaupalliseen);&nbsp;<\/li>\n\n\n\n<li>yrit\u00e4 purkaa tai takaisinmallintaa mit\u00e4\u00e4n Artigos Vip -verkkosivustolla olevaa ohjelmistoa;\u00a0<\/li>\n\n\n\n<li>poistaa materiaaleista kaikki tekij\u00e4noikeus- tai muut omistusoikeusmerkinn\u00e4t; tai&nbsp;<\/li>\n\n\n\n<li>siirt\u00e4\u00e4 materiaaleja toiselle henkil\u00f6lle tai &quot;peilata&quot; materiaaleja mille tahansa muulle palvelimelle.<\/li>\n<\/ol>\n\n\n\n<p>T\u00e4m\u00e4 lisenssi p\u00e4\u00e4ttyy automaattisesti, jos rikot jotakin n\u00e4ist\u00e4 rajoituksista, ja Artigos Vip voi irtisanoa sen milloin tahansa. Kun lopetat n\u00e4iden materiaalien katselun tai t\u00e4m\u00e4 lisenssi irtisanotaan, sinun on tuhottava kaikki hallussasi olevat ladatut materiaalit, olivatpa ne sitten s\u00e4hk\u00f6isess\u00e4 tai tulostetussa muodossa.<\/p>\n\n\n\n<h3 class=\"wp-block-heading\" id=\"3-isencao-de-responsabilidade\" data-no-translation=\"\">3. Isen\u00e7\u00e3o de responsabilidade<\/h3>\n\n\n\n<ol class=\"wp-block-list\">\n<li>Artigos Vip -verkkosivuston materiaalit tarjotaan &quot;sellaisenaan&quot;. Artigos Vip ei anna mit\u00e4\u00e4n takuita, ei suoria eik\u00e4 ep\u00e4suoria, ja kiist\u00e4\u00e4 t\u00e4ten kaikki muut takuut, mukaan lukien rajoituksetta ep\u00e4suorat takuut tai ehdot myyntikelpoisuudesta, soveltuvuudesta tiettyyn tarkoitukseen tai immateriaalioikeuksien loukkaamattomuudesta tai muista oikeuksien loukkauksista.<\/li>\n\n\n\n<li>Lis\u00e4ksi Artigos Vip ei takaa eik\u00e4 anna mit\u00e4\u00e4n vakuutuksia verkkosivustollaan olevien materiaalien tai muutoin n\u00e4ihin materiaaleihin tai t\u00e4h\u00e4n sivustoon linkitettyjen sivustojen materiaalien tarkkuudesta, todenn\u00e4k\u00f6isist\u00e4 tuloksista tai luotettavuudesta.<\/li>\n<\/ol>\n\n\n\n<h3 class=\"wp-block-heading\" id=\"4-limitacoes\" data-no-translation=\"\">4. Limita\u00e7\u00f5es<\/h3>\n\n\n\n<p>Artigos Vip tai sen toimittajat eiv\u00e4t miss\u00e4\u00e4n tapauksessa ole vastuussa mist\u00e4\u00e4n vahingoista (mukaan lukien rajoituksetta vahingot tietojen tai voiton menetyksest\u00e4 tai liiketoiminnan keskeytymisest\u00e4), jotka johtuvat Artigos Vip -sivuston materiaalien k\u00e4yt\u00f6st\u00e4 tai k\u00e4yt\u00f6n estymisest\u00e4, vaikka Artigos Vipille tai Artigos Vip -sivuston valtuutetulle edustajalle olisi ilmoitettu suullisesti tai kirjallisesti t\u00e4llaisen vahingon mahdollisuudesta. Koska jotkut laink\u00e4ytt\u00f6alueet eiv\u00e4t salli oletettujen takuiden rajoituksia tai v\u00e4lillisten tai satunnaisten vahinkojen vastuun rajoituksia, n\u00e4m\u00e4 rajoitukset eiv\u00e4t v\u00e4ltt\u00e4m\u00e4tt\u00e4 koske sinua.<\/p>\n\n\n\n<h3 class=\"wp-block-heading\" id=\"5-precisao-dos-materiais\" data-no-translation=\"\">5. Precis\u00e3o dos materiais<\/h3>\n\n\n\n<p>Artigos Vip -verkkosivustolla n\u00e4ytetyiss\u00e4 materiaaleissa saattaa olla teknisi\u00e4, typografisia tai valokuvavirheit\u00e4. Artigos Vip ei takaa, ett\u00e4 mik\u00e4\u00e4n sen verkkosivustolla oleva materiaali on tarkkaa, t\u00e4ydellist\u00e4 tai ajantasaista. Artigos Vip voi tehd\u00e4 muutoksia verkkosivustollaan olevaan materiaaliin milloin tahansa ilman erillist\u00e4 ilmoitusta. Artigos Vip ei kuitenkaan sitoudu p\u00e4ivitt\u00e4m\u00e4\u00e4n materiaaleja.<\/p>\n\n\n\n<h3 class=\"wp-block-heading\" id=\"6-links\" data-no-translation=\"\">6. Links<\/h3>\n\n\n\n<p>Artigos Vip ei ole tarkistanut kaikkia verkkosivustoonsa linkitettyj\u00e4 sivustoja eik\u00e4 ole vastuussa mink\u00e4\u00e4n linkitetyn sivuston sis\u00e4ll\u00f6st\u00e4. Linkin sis\u00e4llytt\u00e4minen ei tarkoita, ett\u00e4 Artigos Vip hyv\u00e4ksyisi sivuston. Linkitetyn sivuston k\u00e4ytt\u00f6 on k\u00e4ytt\u00e4j\u00e4n omalla vastuulla.<\/p>\n\n\n\n<h3 class=\"wp-block-heading\" id=\"modificacoes\" data-no-translation=\"\">Modifica\u00e7\u00f5es<\/h3>\n\n\n\n<p>Artigos Vip voi muuttaa n\u00e4it\u00e4 verkkosivustonsa k\u00e4ytt\u00f6ehtoja milloin tahansa ilman ennakkoilmoitusta. K\u00e4ytt\u00e4m\u00e4ll\u00e4 t\u00e4t\u00e4 verkkosivustoa sitoudut noudattamaan n\u00e4iden k\u00e4ytt\u00f6ehtojen kulloinkin voimassa olevaa versiota.<\/p>\n\n\n\n<h3 class=\"wp-block-heading\" id=\"lei-aplicavel\" data-no-translation=\"\">Lei aplic\u00e1vel<\/h3>\n\n\n\n<p>N\u00e4ihin ehtoihin sovelletaan Artigos Vipin lakeja, ja niit\u00e4 tulkitaan niiden mukaisesti, ja peruuttamattomasti suostut kyseisen osavaltion tai paikan tuomioistuinten yksinomaiseen toimivaltaan.<\/p>","protected":false},"excerpt":{"rendered":"<p>1. Termos Ao acessar ao site Artigos Vip, concorda em cumprir estes termos de servi\u00e7o, todas as leis e regulamentos aplic\u00e1veis \u200b\u200be concorda que \u00e9 respons\u00e1vel pelo cumprimento de todas as leis locais aplic\u00e1veis. Se voc\u00ea n\u00e3o concordar com algum desses termos, est\u00e1 proibido de usar ou acessar este site. Os materiais contidos neste site<\/p>","protected":false},"author":1,"featured_media":0,"parent":0,"menu_order":0,"comment_status":"closed","ping_status":"closed","template":"","meta":{"footnotes":""},"class_list":["post-8038","page","type-page","status-publish"],"_links":{"self":[{"href":"https:\/\/artigosvip.com\/fi\/wp-json\/wp\/v2\/pages\/8038","targetHints":{"allow":["GET"]}}],"collection":[{"href":"https:\/\/artigosvip.com\/fi\/wp-json\/wp\/v2\/pages"}],"about":[{"href":"https:\/\/artigosvip.com\/fi\/wp-json\/wp\/v2\/types\/page"}],"author":[{"embeddable":true,"href":"https:\/\/artigosvip.com\/fi\/wp-json\/wp\/v2\/users\/1"}],"replies":[{"embeddable":true,"href":"https:\/\/artigosvip.com\/fi\/wp-json\/wp\/v2\/comments?post=8038"}],"version-history":[{"count":2,"href":"https:\/\/artigosvip.com\/fi\/wp-json\/wp\/v2\/pages\/8038\/revisions"}],"predecessor-version":[{"id":8113,"href":"https:\/\/artigosvip.com\/fi\/wp-json\/wp\/v2\/pages\/8038\/revisions\/8113"}],"wp:attachment":[{"href":"https:\/\/artigosvip.com\/fi\/wp-json\/wp\/v2\/media?parent=8038"}],"curies":[{"name":"wp","href":"https:\/\/api.w.org\/{rel}","templated":true}]}}