{"id":8036,"date":"2023-09-30T10:27:35","date_gmt":"2023-09-30T10:27:35","guid":{"rendered":"https:\/\/artigosvip.com\/?page_id=8036"},"modified":"2023-10-07T08:35:02","modified_gmt":"2023-10-07T08:35:02","slug":"politique-de-confidentialite","status":"publish","type":"page","link":"https:\/\/artigosvip.com\/fr_be\/politica-de-privacidade\/","title":{"rendered":"politique de confidentialit\u00e9"},"content":{"rendered":"<p>Votre vie priv\u00e9e est importante pour nous. Artigos Vip a pour politique de respecter votre vie priv\u00e9e concernant toute information que nous collectons sur le site web. <a href=\"https:\/\/artigosvip.com\/fr_be\/\">Articles VIP<\/a>, et d\u2019autres sites Web que nous poss\u00e9dons et exploitons.<\/p>\n\n\n\n<p>Nous ne vous demandons des informations personnelles que lorsque nous en avons r\u00e9ellement besoin pour vous fournir un service. Nous les collectons de mani\u00e8re juste et l\u00e9gale, avec votre consentement et votre connaissance. Nous vous informons \u00e9galement des raisons pour lesquelles nous les collectons et de l&#039;utilisation qui en sera faite.<\/p>\n\n\n\n<p>Nous conservons les informations collect\u00e9es uniquement le temps n\u00e9cessaire pour vous fournir le service demand\u00e9. Nous prot\u00e9geons les donn\u00e9es que nous stockons par des moyens commercialement acceptables afin de pr\u00e9venir la perte et le vol, ainsi que l&#039;acc\u00e8s, la divulgation, la copie, l&#039;utilisation ou la modification non autoris\u00e9s.<\/p>\n\n\n\n<p>Nous ne partageons pas d\u2019informations personnelles identifiables publiquement ou avec des tiers, sauf lorsque la loi l\u2019exige.<\/p>\n\n\n\n<p>Notre site web peut contenir des liens vers des sites externes que nous n&#039;exploitons pas. Veuillez noter que nous n&#039;avons aucun contr\u00f4le sur le contenu et les pratiques de ces sites et d\u00e9clinons toute responsabilit\u00e9 quant \u00e0 leurs politiques de confidentialit\u00e9 respectives.<\/p>\n\n\n\n<p>Vous \u00eates libre de refuser notre demande de renseignements personnels, sachant que nous pourrions ne pas \u00eatre en mesure de vous fournir certains des services souhait\u00e9s.<\/p>\n\n\n\n<p>Votre utilisation continue de notre site web sera consid\u00e9r\u00e9e comme une acceptation de nos pratiques en mati\u00e8re de confidentialit\u00e9 et de donn\u00e9es personnelles. Pour toute question concernant notre traitement des donn\u00e9es utilisateur et des donn\u00e9es personnelles, veuillez nous contacter.<\/p>\n\n\n\n<h3 class=\"wp-block-heading\" data-no-translation=\"\">Pol\u00edtica de Cookies Artigos Vip<\/h3>\n\n\n\n<h3 class=\"wp-block-heading\" data-no-translation=\"\">O que s\u00e3o cookies?<\/h3>\n\n\n\n<p>Comme c&#039;est le cas sur la plupart des sites web professionnels, ce site utilise des cookies, de minuscules fichiers t\u00e9l\u00e9charg\u00e9s sur votre ordinateur, pour am\u00e9liorer votre exp\u00e9rience. Cette page d\u00e9crit les informations collect\u00e9es, leur utilisation et les raisons pour lesquelles nous devons parfois stocker ces cookies. Nous vous expliquerons \u00e9galement comment emp\u00eacher leur stockage\u00a0; cependant, cela peut alt\u00e9rer ou perturber certaines fonctionnalit\u00e9s du site.<\/p>\n\n\n\n<h3 class=\"wp-block-heading\" data-no-translation=\"\">Como usamos os cookies?<\/h3>\n\n\n\n<p>Nous utilisons des cookies pour diverses raisons, d\u00e9taill\u00e9es ci-dessous. Malheureusement, dans la plupart des cas, il n&#039;existe pas d&#039;option standard permettant de d\u00e9sactiver les cookies sans d\u00e9sactiver compl\u00e8tement les fonctionnalit\u00e9s qu&#039;ils ajoutent \u00e0 ce site. Il est recommand\u00e9 de conserver tous les cookies si vous n&#039;\u00eates pas s\u00fbr de leur utilit\u00e9, notamment s&#039;ils sont utilis\u00e9s pour fournir un service que vous utilisez.<\/p>\n\n\n\n<h3 class=\"wp-block-heading\" data-no-translation=\"\">Desativar cookies<\/h3>\n\n\n\n<p>Vous pouvez emp\u00eacher l&#039;installation de cookies en modifiant les param\u00e8tres de votre navigateur (consultez l&#039;aide de votre navigateur pour savoir comment proc\u00e9der). Sachez que la d\u00e9sactivation des cookies affectera le fonctionnement de ce site et de nombreux autres sites web que vous consultez. La d\u00e9sactivation des cookies entra\u00eene g\u00e9n\u00e9ralement la d\u00e9sactivation de certaines fonctionnalit\u00e9s de ce site. Il est donc recommand\u00e9 de ne pas d\u00e9sactiver les cookies.<\/p>\n\n\n\n<h3 class=\"wp-block-heading\" data-no-translation=\"\">Cookies que definimos<\/h3>\n\n\n\n<ul class=\"wp-block-list\">\n<li>Cookies li\u00e9s \u00e0 votre compte\u00a0: Si vous cr\u00e9ez un compte chez nous, nous utiliserons des cookies pour la gestion de votre inscription et l&#039;administration g\u00e9n\u00e9rale. Ces cookies sont g\u00e9n\u00e9ralement supprim\u00e9s lors de votre d\u00e9connexion\u00a0; cependant, dans certains cas, ils peuvent \u00eatre conserv\u00e9s ult\u00e9rieurement pour m\u00e9moriser vos pr\u00e9f\u00e9rences lors de votre d\u00e9connexion.<\/li>\n\n\n\n<li>Cookies de connexion\u00a0: Nous utilisons des cookies lorsque vous \u00eates connect\u00e9 afin de m\u00e9moriser cette information. Cela vous \u00e9vite de devoir vous connecter \u00e0 chaque nouvelle page. Ces cookies sont g\u00e9n\u00e9ralement supprim\u00e9s lorsque vous vous d\u00e9connectez afin de vous permettre d&#039;acc\u00e9der uniquement aux fonctionnalit\u00e9s et zones restreintes lorsque vous \u00eates connect\u00e9.<\/li>\n\n\n\n<li>Cookies li\u00e9s aux newsletters par e-mail Ce site propose des services d&#039;abonnement \u00e0 des newsletters ou \u00e0 des e-mails et des cookies peuvent \u00eatre utilis\u00e9s pour se souvenir si vous \u00eates d\u00e9j\u00e0 inscrit et pour savoir s&#039;il faut afficher certaines notifications qui pourraient n&#039;\u00eatre valables que pour les utilisateurs abonn\u00e9s\/d\u00e9sabonn\u00e9s.<\/li>\n\n\n\n<li>Cookies li\u00e9s au traitement des commandes Ce site propose des services de commerce \u00e9lectronique ou de paiement et certains cookies sont essentiels pour garantir que votre commande est m\u00e9moris\u00e9e entre les pages afin que nous puissions la traiter correctement.<\/li>\n\n\n\n<li>Cookies li\u00e9s aux enqu\u00eates\u00a0: Nous proposons r\u00e9guli\u00e8rement des enqu\u00eates et des questionnaires pour vous fournir des informations int\u00e9ressantes, des outils utiles ou pour mieux comprendre notre base d&#039;utilisateurs. Ces enqu\u00eates peuvent utiliser des cookies pour m\u00e9moriser les participants ou pour vous fournir des r\u00e9sultats pr\u00e9cis apr\u00e8s avoir chang\u00e9 de page.<\/li>\n\n\n\n<li>Cookies li\u00e9s aux formulaires Lorsque vous soumettez des donn\u00e9es via un formulaire tel que ceux trouv\u00e9s sur les pages de contact ou les formulaires de commentaires, des cookies peuvent \u00eatre d\u00e9finis pour m\u00e9moriser vos informations d&#039;utilisateur pour une correspondance future.<\/li>\n\n\n\n<li>Cookies de pr\u00e9f\u00e9rences du site web\u00a0: Afin de vous offrir une exp\u00e9rience optimale sur ce site, nous vous proposons une fonctionnalit\u00e9 permettant de d\u00e9finir vos pr\u00e9f\u00e9rences de fonctionnement. Afin de m\u00e9moriser vos pr\u00e9f\u00e9rences, nous devons installer des cookies afin que ces informations puissent \u00eatre consult\u00e9es chaque fois que vous interagissez avec une page affect\u00e9e par vos pr\u00e9f\u00e9rences.<\/li>\n<\/ul>\n\n\n\n<h3 class=\"wp-block-heading\" data-no-translation=\"\">Publicidade Personalizada<\/h3>\n\n\n\n<p>Les utilisateurs peuvent d\u00e9sactiver la publicit\u00e9 personnalis\u00e9e en visitant le <a href=\"https:\/\/adssettings.google.com\/authenticated\">Param\u00e8tres des annonces<\/a>Alternativement, vous pouvez diriger les utilisateurs vers l&#039;acc\u00e8s au site Web <a href=\"http:\/\/www.aboutads.info\">www.aboutads.info<\/a> pour refuser l&#039;utilisation de cookies publicitaires personnalis\u00e9s tiers.<\/p>\n\n\n\n<h3 class=\"wp-block-heading\" data-no-translation=\"\">Cookies de Terceiros<\/h3>\n\n\n\n<p>Dans certains cas particuliers, nous utilisons \u00e9galement des cookies fournis par des tiers de confiance. La section suivante d\u00e9taille les cookies tiers que vous pourriez rencontrer sur ce site web.<\/p>\n\n\n\n<ul class=\"wp-block-list\">\n<li>Ce site web utilise Google Analytics, l&#039;une des solutions d&#039;analyse les plus r\u00e9pandues et les plus fiables du web, pour nous aider \u00e0 comprendre comment vous utilisez le site et comment nous pouvons l&#039;am\u00e9liorer. Ces cookies peuvent enregistrer des informations telles que votre temps de navigation et les pages que vous consultez, afin que nous puissions continuer \u00e0 produire du contenu attrayant.<\/li>\n<\/ul>\n\n\n\n<p>Pour plus d&#039;informations sur les cookies de Google Analytics, consultez la page officielle de Google Analytics.<\/p>\n\n\n\n<ul class=\"wp-block-list\">\n<li>Des analyses tierces sont utilis\u00e9es pour suivre et mesurer l&#039;utilisation de ce site afin de continuer \u00e0 produire du contenu attrayant. Ces cookies peuvent enregistrer des informations telles que le temps pass\u00e9 sur le site ou les pages que vous consultez, ce qui nous permet de mieux comprendre comment nous pouvons l&#039;am\u00e9liorer.<\/li>\n\n\n\n<li>Nous testons r\u00e9guli\u00e8rement de nouvelles fonctionnalit\u00e9s et apportons des modifications subtiles \u00e0 la pr\u00e9sentation du site. Pendant cette phase de test, ces cookies peuvent \u00eatre utilis\u00e9s pour garantir une exp\u00e9rience coh\u00e9rente sur le site, tout en identifiant les optimisations les plus appr\u00e9ci\u00e9es par nos utilisateurs.<\/li>\n\n\n\n<li>Lorsque nous vendons des produits, il est important pour nous de comprendre les statistiques d&#039;achat des visiteurs de notre site. C&#039;est donc ce type de donn\u00e9es que ces cookies collectent. Ceci est important pour vous, car cela nous permet d&#039;\u00e9tablir des pr\u00e9visions commerciales pr\u00e9cises qui nous permettent de surveiller nos co\u00fbts publicitaires et produits afin de vous garantir le meilleur prix possible.<\/li>\n\n\n\n<li>Le service Google AdSense que nous utilisons pour diffuser des publicit\u00e9s utilise un cookie DoubleClick pour diffuser des annonces plus pertinentes sur le Web et limiter le nombre de fois qu&#039;une annonce donn\u00e9e vous est pr\u00e9sent\u00e9e.<br>Pour plus d&#039;informations sur Google AdSense, consultez la FAQ officielle sur la confidentialit\u00e9 de Google AdSense.<\/li>\n\n\n\n<li>Nous utilisons la publicit\u00e9 pour compenser les co\u00fbts de fonctionnement de ce site web et financer son d\u00e9veloppement futur. Les cookies de publicit\u00e9 comportementale utilis\u00e9s par ce site web sont con\u00e7us pour vous proposer les publicit\u00e9s les plus pertinentes possible en suivant anonymement vos centres d&#039;int\u00e9r\u00eat et en vous pr\u00e9sentant du contenu similaire susceptible de vous int\u00e9resser.<\/li>\n\n\n\n<li>Plusieurs partenaires font de la publicit\u00e9 en notre nom, et les cookies de suivi d&#039;affiliation nous permettent simplement de voir si nos clients sont venus sur le site via l&#039;un de nos sites partenaires afin que nous puissions les cr\u00e9diter de mani\u00e8re appropri\u00e9e et, le cas \u00e9ch\u00e9ant, permettre \u00e0 nos partenaires affili\u00e9s de fournir toute incitation qu&#039;ils peuvent vous fournir pour effectuer un achat.<\/li>\n<\/ul>\n\n\n\n<h3 class=\"wp-block-heading\" data-no-translation=\"\">Compromisso do Usu\u00e1rio<\/h3>\n\n\n\n<p>L&#039;utilisateur s&#039;engage \u00e0 faire un usage appropri\u00e9 du contenu et des informations qu&#039;Artigos Vip propose sur le site Web et, \u00e0 titre d&#039;exemple mais sans s&#039;y limiter :<\/p>\n\n\n\n<ul class=\"wp-block-list\">\n<li>A) Ne pas se livrer \u00e0 des activit\u00e9s ill\u00e9gales ou contraires \u00e0 la bonne foi et \u00e0 l\u2019ordre public ;<\/li>\n\n\n\n<li>B) Ne pas diffuser de propagande ou de contenu \u00e0 caract\u00e8re raciste, x\u00e9nophobe ou malveillant, tout type de pornographie ill\u00e9gale, en faveur du terrorisme ou contre les droits de l\u2019homme ;<\/li>\n\n\n\n<li>C) Ne pas causer de dommages aux syst\u00e8mes physiques (mat\u00e9riels) et logiques (logiciels) d&#039;Artigos Vip, de ses fournisseurs ou de tiers, ni introduire ou diffuser des virus informatiques ou tout autre syst\u00e8me mat\u00e9riel ou logiciel susceptible de provoquer les dommages susmentionn\u00e9s.<\/li>\n<\/ul>\n\n\n\n<h3 class=\"wp-block-heading\" data-no-translation=\"\">Mais informa\u00e7\u00f5es<\/h3>\n\n\n\n<p>J&#039;esp\u00e8re que cela a clarifi\u00e9 les choses pour vous et comme cela a \u00e9t\u00e9 mentionn\u00e9 pr\u00e9c\u00e9demment, s&#039;il y a quelque chose dont vous n&#039;\u00eates pas s\u00fbr d&#039;avoir besoin ou non, il est g\u00e9n\u00e9ralement plus s\u00fbr de laisser les cookies activ\u00e9s au cas o\u00f9 ils interagiraient avec l&#039;une des fonctionnalit\u00e9s que vous utilisez sur notre site.<\/p>\n\n\n\n<p>Cette politique est en vigueur \u00e0 compter du <strong>Janvier<\/strong>\/<strong>2022<\/strong>.<\/p>","protected":false},"excerpt":{"rendered":"<p>A sua privacidade \u00e9 importante para n\u00f3s. \u00c9 pol\u00edtica do Artigos Vip respeitar a sua privacidade em rela\u00e7\u00e3o a qualquer informa\u00e7\u00e3o sua que possamos coletar no site Artigos Vip, e outros sites que possu\u00edmos e operamos. Solicitamos informa\u00e7\u00f5es pessoais apenas quando realmente precisamos delas para lhe fornecer um servi\u00e7o. Fazemo-lo por meios justos e legais,<\/p>","protected":false},"author":1,"featured_media":0,"parent":0,"menu_order":0,"comment_status":"closed","ping_status":"closed","template":"","meta":{"footnotes":""},"class_list":["post-8036","page","type-page","status-publish"],"_links":{"self":[{"href":"https:\/\/artigosvip.com\/fr_be\/wp-json\/wp\/v2\/pages\/8036","targetHints":{"allow":["GET"]}}],"collection":[{"href":"https:\/\/artigosvip.com\/fr_be\/wp-json\/wp\/v2\/pages"}],"about":[{"href":"https:\/\/artigosvip.com\/fr_be\/wp-json\/wp\/v2\/types\/page"}],"author":[{"embeddable":true,"href":"https:\/\/artigosvip.com\/fr_be\/wp-json\/wp\/v2\/users\/1"}],"replies":[{"embeddable":true,"href":"https:\/\/artigosvip.com\/fr_be\/wp-json\/wp\/v2\/comments?post=8036"}],"version-history":[{"count":2,"href":"https:\/\/artigosvip.com\/fr_be\/wp-json\/wp\/v2\/pages\/8036\/revisions"}],"predecessor-version":[{"id":8111,"href":"https:\/\/artigosvip.com\/fr_be\/wp-json\/wp\/v2\/pages\/8036\/revisions\/8111"}],"wp:attachment":[{"href":"https:\/\/artigosvip.com\/fr_be\/wp-json\/wp\/v2\/media?parent=8036"}],"curies":[{"name":"wp","href":"https:\/\/api.w.org\/{rel}","templated":true}]}}