{"id":8038,"date":"2023-09-30T10:27:48","date_gmt":"2023-09-30T10:27:48","guid":{"rendered":"https:\/\/artigosvip.com\/?page_id=8038"},"modified":"2023-10-07T08:36:49","modified_gmt":"2023-10-07T08:36:49","slug":"%e5%88%a9%e7%94%a8%e8%a6%8f%e7%b4%84","status":"publish","type":"page","link":"https:\/\/artigosvip.com\/ja\/termos-de-uso\/","title":{"rendered":"\u5229\u7528\u898f\u7d04"},"content":{"rendered":"<h3 class=\"wp-block-heading\" id=\"1-termos\" data-no-translation=\"\">1. Termos<\/h3>\n\n\n\n<p>\u30a6\u30a7\u30d6\u30b5\u30a4\u30c8\u306b\u30a2\u30af\u30bb\u30b9\u3059\u308b\u969b <a href=\"https:\/\/justmobs.com\">VIP\u8a18\u4e8b<\/a>\u306f\u3001\u672c\u5229\u7528\u898f\u7d04\u304a\u3088\u3073\u9069\u7528\u3055\u308c\u308b\u3059\u3079\u3066\u306e\u6cd5\u5f8b\u304a\u3088\u3073\u898f\u5236\u3092\u9075\u5b88\u3059\u308b\u3053\u3068\u306b\u540c\u610f\u3057\u3001\u9069\u7528\u3055\u308c\u308b\u3059\u3079\u3066\u306e\u73fe\u5730\u6cd5\u306e\u9075\u5b88\u306b\u8cac\u4efb\u3092\u8ca0\u3046\u3053\u3068\u306b\u540c\u610f\u3057\u307e\u3059\u3002\u672c\u898f\u7d04\u306e\u3044\u305a\u308c\u304b\u306b\u540c\u610f\u3044\u305f\u3060\u3051\u306a\u3044\u5834\u5408\u3001\u672c\u30b5\u30a4\u30c8\u306e\u5229\u7528\u307e\u305f\u306f\u30a2\u30af\u30bb\u30b9\u306f\u7981\u6b62\u3055\u308c\u307e\u3059\u3002\u672c\u30b5\u30a4\u30c8\u306b\u542b\u307e\u308c\u308b\u8cc7\u6599\u306f\u3001\u9069\u7528\u3055\u308c\u308b\u8457\u4f5c\u6a29\u6cd5\u304a\u3088\u3073\u5546\u6a19\u6cd5\u306b\u3088\u3063\u3066\u4fdd\u8b77\u3055\u308c\u3066\u3044\u307e\u3059\u3002<\/p>\n\n\n\n<h3 class=\"wp-block-heading\" id=\"2-uso-de-licenca\" data-no-translation=\"\">2. Uso de Licen\u00e7a<\/h3>\n\n\n\n<p>Artigos Vip\u30a6\u30a7\u30d6\u30b5\u30a4\u30c8\u4e0a\u306e\u8cc7\u6599\uff08\u60c5\u5831\u307e\u305f\u306f\u30bd\u30d5\u30c8\u30a6\u30a7\u30a2\uff09\u306e\u30b3\u30d4\u30fc1\u90e8\u3092\u3001\u500b\u4eba\u7684\u306a\u975e\u55b6\u5229\u76ee\u7684\u306e\u4e00\u6642\u7684\u306a\u95b2\u89a7\u306e\u307f\u3092\u76ee\u7684\u3068\u3057\u3066\u4e00\u6642\u7684\u306b\u30c0\u30a6\u30f3\u30ed\u30fc\u30c9\u3059\u308b\u3053\u3068\u3092\u8a31\u53ef\u3057\u307e\u3059\u3002\u3053\u308c\u306f\u30e9\u30a4\u30bb\u30f3\u30b9\u306e\u4ed8\u4e0e\u3067\u3042\u308a\u3001\u6240\u6709\u6a29\u306e\u8b72\u6e21\u3067\u306f\u3042\u308a\u307e\u305b\u3093\u3002\u3053\u306e\u30e9\u30a4\u30bb\u30f3\u30b9\u306b\u57fa\u3065\u304d\u3001\u4ee5\u4e0b\u306e\u884c\u70ba\u306f\u7981\u6b62\u3055\u308c\u3066\u3044\u307e\u3059\u3002\u00a0<\/p>\n\n\n\n<ol class=\"wp-block-list\">\n<li>\u8cc7\u6599\u3092\u5909\u66f4\u307e\u305f\u306f\u30b3\u30d4\u30fc\u3059\u308b;&nbsp;<\/li>\n\n\n\n<li>\u7d20\u6750\u3092\u5546\u696d\u76ee\u7684\u3001\u307e\u305f\u306f\u516c\u306e\u5834\u3067\u306e\u5c55\u793a\uff08\u5546\u696d\u7684\u307e\u305f\u306f\u975e\u5546\u696d\u7684\uff09\u306b\u4f7f\u7528\u3059\u308b\u3053\u3068\u3002&nbsp;<\/li>\n\n\n\n<li>Artigos Vip \u30a6\u30a7\u30d6\u30b5\u30a4\u30c8\u306b\u542b\u307e\u308c\u308b\u30bd\u30d5\u30c8\u30a6\u30a7\u30a2\u3092\u9006\u30b3\u30f3\u30d1\u30a4\u30eb\u307e\u305f\u306f\u30ea\u30d0\u30fc\u30b9\u30a8\u30f3\u30b8\u30cb\u30a2\u30ea\u30f3\u30b0\u3057\u3088\u3046\u3068\u3059\u308b\u884c\u70ba\u3002\u00a0<\/li>\n\n\n\n<li>\u8cc7\u6599\u304b\u3089\u8457\u4f5c\u6a29\u307e\u305f\u306f\u305d\u306e\u4ed6\u306e\u6240\u6709\u6a29\u8868\u793a\u3092\u524a\u9664\u3059\u308b;\u307e\u305f\u306f&nbsp;<\/li>\n\n\n\n<li>\u8cc7\u6599\u3092\u4ed6\u306e\u4eba\u306b\u8ee2\u9001\u3057\u305f\u308a\u3001\u4ed6\u306e\u30b5\u30fc\u30d0\u30fc\u306b\u8cc7\u6599\u3092\u300c\u30df\u30e9\u30fc\u30ea\u30f3\u30b0\u300d\u3057\u305f\u308a\u3059\u308b\u3053\u3068\u306f\u3067\u304d\u307e\u305b\u3093\u3002<\/li>\n<\/ol>\n\n\n\n<p>\u3053\u308c\u3089\u306e\u5236\u9650\u4e8b\u9805\u306b\u9055\u53cd\u3057\u305f\u5834\u5408\u3001\u672c\u30e9\u30a4\u30bb\u30f3\u30b9\u306f\u81ea\u52d5\u7684\u306b\u7d42\u4e86\u3057\u3001Artigos Vip\u306f\u3044\u3064\u3067\u3082\u672c\u30e9\u30a4\u30bb\u30f3\u30b9\u3092\u7d42\u4e86\u3059\u308b\u3053\u3068\u304c\u3067\u304d\u307e\u3059\u3002\u3053\u308c\u3089\u306e\u8cc7\u6599\u306e\u95b2\u89a7\u3092\u7d42\u4e86\u3057\u305f\u5834\u5408\u3001\u307e\u305f\u306f\u672c\u30e9\u30a4\u30bb\u30f3\u30b9\u304c\u7d42\u4e86\u3057\u305f\u5834\u5408\u3001\u304a\u5ba2\u69d8\u306f\u3001\u96fb\u5b50\u5f62\u5f0f\u307e\u305f\u306f\u5370\u5237\u5f62\u5f0f\u3092\u554f\u308f\u305a\u3001\u6240\u6709\u3059\u308b\u3059\u3079\u3066\u306e\u30c0\u30a6\u30f3\u30ed\u30fc\u30c9\u8cc7\u6599\u3092\u7834\u68c4\u3057\u306a\u3051\u308c\u3070\u306a\u308a\u307e\u305b\u3093\u3002<\/p>\n\n\n\n<h3 class=\"wp-block-heading\" id=\"3-isencao-de-responsabilidade\" data-no-translation=\"\">3. Isen\u00e7\u00e3o de responsabilidade<\/h3>\n\n\n\n<ol class=\"wp-block-list\">\n<li>Artigos Vip\u30a6\u30a7\u30d6\u30b5\u30a4\u30c8\u4e0a\u306e\u8cc7\u6599\u306f\u300c\u73fe\u72b6\u6709\u59ff\u300d\u3067\u63d0\u4f9b\u3055\u308c\u307e\u3059\u3002Artigos Vip\u306f\u3001\u660e\u793a\u7684\u307e\u305f\u306f\u9ed9\u793a\u7684\u3092\u554f\u308f\u305a\u3001\u3044\u304b\u306a\u308b\u4fdd\u8a3c\u3082\u884c\u3044\u307e\u305b\u3093\u3002\u307e\u305f\u3001\u5546\u54c1\u6027\u3001\u7279\u5b9a\u76ee\u7684\u3078\u306e\u9069\u5408\u6027\u3001\u77e5\u7684\u8ca1\u7523\u6a29\u306e\u975e\u4fb5\u5bb3\u3001\u305d\u306e\u4ed6\u306e\u6a29\u5229\u4fb5\u5bb3\u306b\u95a2\u3059\u308b\u9ed9\u793a\u7684\u4fdd\u8a3c\u307e\u305f\u306f\u6761\u4ef6\u3092\u542b\u3081\u3001\u305d\u306e\u4ed6\u3059\u3079\u3066\u306e\u4fdd\u8a3c\u3092\u5426\u8a8d\u3057\u307e\u3059\u3002<\/li>\n\n\n\n<li>\u3055\u3089\u306b\u3001Artigos Vip \u306f\u3001\u305d\u306e Web \u30b5\u30a4\u30c8\u4e0a\u306e\u8cc7\u6599\u3001\u307e\u305f\u306f\u3053\u306e\u30b5\u30a4\u30c8\u306b\u30ea\u30f3\u30af\u3055\u308c\u3066\u3044\u308b\u30b5\u30a4\u30c8\u4e0a\u306e\u8cc7\u6599\u306e\u4f7f\u7528\u306e\u6b63\u78ba\u6027\u3001\u7d50\u679c\u306e\u53ef\u80fd\u6027\u3001\u307e\u305f\u306f\u4fe1\u983c\u6027\u306b\u95a2\u3057\u3066\u3001\u3044\u304b\u306a\u308b\u4fdd\u8a3c\u3082\u8868\u660e\u3082\u884c\u3044\u307e\u305b\u3093\u3002<\/li>\n<\/ol>\n\n\n\n<h3 class=\"wp-block-heading\" id=\"4-limitacoes\" data-no-translation=\"\">4. Limita\u00e7\u00f5es<\/h3>\n\n\n\n<p>Artigos Vip\u307e\u305f\u306f\u305d\u306e\u30b5\u30d7\u30e9\u30a4\u30e4\u30fc\u306f\u3001Artigos Vip\u4e0a\u306e\u8cc7\u6599\u306e\u4f7f\u7528\u307e\u305f\u306f\u4f7f\u7528\u4e0d\u80fd\u304b\u3089\u751f\u3058\u308b\u3044\u304b\u306a\u308b\u640d\u5bb3\uff08\u30c7\u30fc\u30bf\u640d\u5931\u3001\u5229\u76ca\u640d\u5931\u3001\u4e8b\u696d\u4e2d\u65ad\u306b\u3088\u308b\u640d\u5bb3\u3092\u542b\u3080\u304c\u3053\u308c\u3089\u306b\u9650\u5b9a\u3055\u308c\u306a\u3044\uff09\u306b\u3064\u3044\u3066\u3082\u3001Artigos Vip\u307e\u305f\u306fArtigos Vip\u306e\u6b63\u5f0f\u4ee3\u7406\u4eba\u304c\u53e3\u982d\u307e\u305f\u306f\u66f8\u9762\u3067\u5f53\u8a72\u640d\u5bb3\u306e\u53ef\u80fd\u6027\u306b\u3064\u3044\u3066\u901a\u77e5\u3055\u308c\u3066\u3044\u305f\u5834\u5408\u3067\u3082\u3001\u4e00\u5207\u8cac\u4efb\u3092\u8ca0\u3044\u307e\u305b\u3093\u3002\u4e00\u90e8\u306e\u6cd5\u57df\u3067\u306f\u9ed9\u793a\u306e\u4fdd\u8a3c\u306e\u5236\u9650\u3001\u307e\u305f\u306f\u7d50\u679c\u7684\u640d\u5bb3\u3082\u3057\u304f\u306f\u4ed8\u968f\u7684\u640d\u5bb3\u306b\u5bfe\u3059\u308b\u8cac\u4efb\u306e\u5236\u9650\u304c\u8a8d\u3081\u3089\u308c\u3066\u3044\u306a\u3044\u305f\u3081\u3001\u3053\u308c\u3089\u306e\u5236\u9650\u304c\u304a\u5ba2\u69d8\u306b\u9069\u7528\u3055\u308c\u306a\u3044\u5834\u5408\u304c\u3042\u308a\u307e\u3059\u3002<\/p>\n\n\n\n<h3 class=\"wp-block-heading\" id=\"5-precisao-dos-materiais\" data-no-translation=\"\">5. Precis\u00e3o dos materiais<\/h3>\n\n\n\n<p>Artigos Vip\u30a6\u30a7\u30d6\u30b5\u30a4\u30c8\u306b\u63b2\u8f09\u3055\u308c\u3066\u3044\u308b\u8cc7\u6599\u306b\u306f\u3001\u6280\u8853\u7684\u3001\u5370\u5237\u4e0a\u3001\u307e\u305f\u306f\u5199\u771f\u4e0a\u306e\u8aa4\u308a\u304c\u542b\u307e\u308c\u3066\u3044\u308b\u5834\u5408\u304c\u3042\u308a\u307e\u3059\u3002Artigos Vip\u306f\u3001\u30a6\u30a7\u30d6\u30b5\u30a4\u30c8\u4e0a\u306e\u8cc7\u6599\u306e\u6b63\u78ba\u6027\u3001\u5b8c\u5168\u6027\u3001\u307e\u305f\u306f\u6700\u65b0\u6027\u3092\u4fdd\u8a3c\u3059\u308b\u3082\u306e\u3067\u306f\u3042\u308a\u307e\u305b\u3093\u3002Artigos Vip\u306f\u3001\u30a6\u30a7\u30d6\u30b5\u30a4\u30c8\u4e0a\u306e\u8cc7\u6599\u3092\u4e88\u544a\u306a\u304f\u3044\u3064\u3067\u3082\u5909\u66f4\u3059\u308b\u3053\u3068\u304c\u3042\u308a\u307e\u3059\u3002\u305f\u3060\u3057\u3001Artigos Vip\u306f\u8cc7\u6599\u306e\u66f4\u65b0\u3092\u4fdd\u8a3c\u3059\u308b\u3082\u306e\u3067\u306f\u3042\u308a\u307e\u305b\u3093\u3002<\/p>\n\n\n\n<h3 class=\"wp-block-heading\" id=\"6-links\" data-no-translation=\"\">6. Links<\/h3>\n\n\n\n<p>Artigos Vip\u306f\u3001\u5f53\u30a6\u30a7\u30d6\u30b5\u30a4\u30c8\u306b\u30ea\u30f3\u30af\u3055\u308c\u3066\u3044\u308b\u3059\u3079\u3066\u306e\u30b5\u30a4\u30c8\u3092\u78ba\u8a8d\u3057\u3066\u304a\u3089\u305a\u3001\u30ea\u30f3\u30af\u5148\u306e\u30b5\u30a4\u30c8\u306e\u5185\u5bb9\u306b\u3064\u3044\u3066\u4e00\u5207\u8cac\u4efb\u3092\u8ca0\u3044\u307e\u305b\u3093\u3002\u30ea\u30f3\u30af\u306e\u63b2\u8f09\u306f\u3001Artigos Vip\u304c\u305d\u306e\u30b5\u30a4\u30c8\u3092\u63a8\u5968\u3059\u308b\u3053\u3068\u3092\u610f\u5473\u3059\u308b\u3082\u306e\u3067\u306f\u3042\u308a\u307e\u305b\u3093\u3002\u30ea\u30f3\u30af\u5148\u306e\u30b5\u30a4\u30c8\u306e\u5229\u7528\u306f\u3001\u30e6\u30fc\u30b6\u30fc\u81ea\u8eab\u306e\u8cac\u4efb\u306b\u304a\u3044\u3066\u884c\u3063\u3066\u304f\u3060\u3055\u3044\u3002<\/p>\n\n\n\n<h3 class=\"wp-block-heading\" id=\"modificacoes\" data-no-translation=\"\">Modifica\u00e7\u00f5es<\/h3>\n\n\n\n<p>Artigos Vip\u306f\u3001\u30a6\u30a7\u30d6\u30b5\u30a4\u30c8\u306e\u5229\u7528\u898f\u7d04\u3092\u4e88\u544a\u306a\u304f\u3044\u3064\u3067\u3082\u5909\u66f4\u3059\u308b\u3053\u3068\u304c\u3042\u308a\u307e\u3059\u3002\u672c\u30a6\u30a7\u30d6\u30b5\u30a4\u30c8\u3092\u3054\u5229\u7528\u3044\u305f\u3060\u304f\u3053\u3068\u3067\u3001\u304a\u5ba2\u69d8\u306f\u672c\u5229\u7528\u898f\u7d04\u306e\u6700\u65b0\u7248\u306b\u62d8\u675f\u3055\u308c\u308b\u3053\u3068\u306b\u540c\u610f\u3059\u308b\u3082\u306e\u3068\u3057\u307e\u3059\u3002<\/p>\n\n\n\n<h3 class=\"wp-block-heading\" id=\"lei-aplicavel\" data-no-translation=\"\">Lei aplic\u00e1vel<\/h3>\n\n\n\n<p>\u3053\u308c\u3089\u306e\u5229\u7528\u898f\u7d04\u306f Artigos Vip \u306e\u6cd5\u5f8b\u306b\u6e96\u62e0\u3057\u3001\u305d\u308c\u306b\u5f93\u3063\u3066\u89e3\u91c8\u3055\u308c\u3001\u304a\u5ba2\u69d8\u306f\u5f53\u8a72\u5dde\u307e\u305f\u306f\u5730\u57df\u306e\u88c1\u5224\u6240\u306e\u5c02\u5c5e\u7ba1\u8f44\u6a29\u306b\u53d6\u6d88\u4e0d\u80fd\u306b\u670d\u3059\u308b\u3082\u306e\u3068\u3057\u307e\u3059\u3002<\/p>","protected":false},"excerpt":{"rendered":"<p>1. Termos Ao acessar ao site Artigos Vip, concorda em cumprir estes termos de servi\u00e7o, todas as leis e regulamentos aplic\u00e1veis \u200b\u200be concorda que \u00e9 respons\u00e1vel pelo cumprimento de todas as leis locais aplic\u00e1veis. Se voc\u00ea n\u00e3o concordar com algum desses termos, est\u00e1 proibido de usar ou acessar este site. Os materiais contidos neste site s\u00e3o protegidos pelas leis de direitos autorais e marcas comerciais aplic\u00e1veis. 2. Uso de Licen\u00e7a \u00c9 concedida permiss\u00e3o para baixar temporariamente uma c\u00f3pia dos materiais (informa\u00e7\u00f5es ou software) no site Artigos Vip, apenas para visualiza\u00e7\u00e3o transit\u00f3ria pessoal e n\u00e3o comercial. Esta \u00e9 a concess\u00e3o de uma licen\u00e7a, n\u00e3o uma transfer\u00eancia de t\u00edtulo e, sob esta<\/p>","protected":false},"author":1,"featured_media":0,"parent":0,"menu_order":0,"comment_status":"closed","ping_status":"closed","template":"","meta":{"footnotes":""},"class_list":["post-8038","page","type-page","status-publish"],"_links":{"self":[{"href":"https:\/\/artigosvip.com\/ja\/wp-json\/wp\/v2\/pages\/8038","targetHints":{"allow":["GET"]}}],"collection":[{"href":"https:\/\/artigosvip.com\/ja\/wp-json\/wp\/v2\/pages"}],"about":[{"href":"https:\/\/artigosvip.com\/ja\/wp-json\/wp\/v2\/types\/page"}],"author":[{"embeddable":true,"href":"https:\/\/artigosvip.com\/ja\/wp-json\/wp\/v2\/users\/1"}],"replies":[{"embeddable":true,"href":"https:\/\/artigosvip.com\/ja\/wp-json\/wp\/v2\/comments?post=8038"}],"version-history":[{"count":2,"href":"https:\/\/artigosvip.com\/ja\/wp-json\/wp\/v2\/pages\/8038\/revisions"}],"predecessor-version":[{"id":8113,"href":"https:\/\/artigosvip.com\/ja\/wp-json\/wp\/v2\/pages\/8038\/revisions\/8113"}],"wp:attachment":[{"href":"https:\/\/artigosvip.com\/ja\/wp-json\/wp\/v2\/media?parent=8038"}],"curies":[{"name":"wp","href":"https:\/\/api.w.org\/{rel}","templated":true}]}}