{"id":8038,"date":"2023-09-30T10:27:48","date_gmt":"2023-09-30T10:27:48","guid":{"rendered":"https:\/\/artigosvip.com\/?page_id=8038"},"modified":"2023-10-07T08:36:49","modified_gmt":"2023-10-07T08:36:49","slug":"bruksvilkar","status":"publish","type":"page","link":"https:\/\/artigosvip.com\/nb\/termos-de-uso\/","title":{"rendered":"Vilk\u00e5r for bruk"},"content":{"rendered":"<h3 class=\"wp-block-heading\" id=\"1-termos\" data-no-translation=\"\">1. Termos<\/h3>\n\n\n\n<p>N\u00e5r du \u00e5pner nettstedet <a href=\"https:\/\/justmobs.com\">VIP-artikler<\/a>, samtykker i \u00e5 overholde disse tjenestevilk\u00e5rene, alle gjeldende lover og forskrifter, og samtykker i at du er ansvarlig for \u00e5 overholde alle gjeldende lokale lover. Hvis du ikke samtykker i noen av disse vilk\u00e5rene, er du ikke berettiget til \u00e5 bruke eller f\u00e5 tilgang til dette nettstedet. Materialene p\u00e5 dette nettstedet er beskyttet av gjeldende lov om opphavsrett og varemerker.<\/p>\n\n\n\n<h3 class=\"wp-block-heading\" id=\"2-uso-de-licenca\" data-no-translation=\"\">2. Uso de Licen\u00e7a<\/h3>\n\n\n\n<p>Det gis tillatelse til midlertidig nedlasting av \u00e9n kopi av materialene (informasjon eller programvare) p\u00e5 Artigos Vip-nettstedet kun for personlig, ikke-kommersiell og midlertidig visning. Dette er tildeling av en lisens, ikke en overf\u00f8ring av eierskap, og under denne lisensen har du ikke lov til \u00e5:\u00a0<\/p>\n\n\n\n<ol class=\"wp-block-list\">\n<li>endre eller kopiere materialene;&nbsp;<\/li>\n\n\n\n<li>bruke materialene til kommersielle form\u00e5l, eller til offentlig visning (kommersiell eller ikke-kommersiell);&nbsp;<\/li>\n\n\n\n<li>fors\u00f8ke \u00e5 dekompilere eller reversere utviklingen av programvare som finnes p\u00e5 Artigos Vip-nettstedet;\u00a0<\/li>\n\n\n\n<li>fjerne eventuelle opphavsrettslige eller andre propriet\u00e6re merknader fra materialene; eller&nbsp;<\/li>\n\n\n\n<li>overf\u00f8re materialene til en annen person eller \u00abspeile\u00bb materialene p\u00e5 en hvilken som helst annen server.<\/li>\n<\/ol>\n\n\n\n<p>Denne lisensen opph\u00f8rer automatisk dersom du bryter noen av disse restriksjonene, og kan sies opp av Artigos Vip n\u00e5r som helst. N\u00e5r du avslutter visningen av disse materialene, eller n\u00e5r lisensen opph\u00f8rer, m\u00e5 du \u00f8delegge alt nedlastet materiale i din besittelse, enten i elektronisk eller trykt format.<\/p>\n\n\n\n<h3 class=\"wp-block-heading\" id=\"3-isencao-de-responsabilidade\" data-no-translation=\"\">3. Isen\u00e7\u00e3o de responsabilidade<\/h3>\n\n\n\n<ol class=\"wp-block-list\">\n<li>Materialene p\u00e5 Artigos Vip-nettstedet leveres \u00absom de er\u00bb. Artigos Vip gir ingen garantier, verken uttrykte eller underforst\u00e5tte, og fraskriver seg herved alle andre garantier, inkludert, uten begrensning, underforst\u00e5tte garantier eller betingelser for salgbarhet, egnethet for et bestemt form\u00e5l eller ikke-krenkelse av immaterielle rettigheter eller andre brudd p\u00e5 rettigheter.<\/li>\n\n\n\n<li>Videre garanterer eller gir Artigos Vip ingen garantier eller garantier ang\u00e5ende n\u00f8yaktigheten, sannsynlige resultater eller p\u00e5liteligheten av bruken av materialene p\u00e5 nettstedet sitt eller p\u00e5 annen m\u00e5te knyttet til slikt materiale eller p\u00e5 nettsteder som er lenket til dette nettstedet.<\/li>\n<\/ol>\n\n\n\n<h3 class=\"wp-block-heading\" id=\"4-limitacoes\" data-no-translation=\"\">4. Limita\u00e7\u00f5es<\/h3>\n\n\n\n<p>Artigos Vip eller dets leverand\u00f8rer skal ikke under noen omstendigheter v\u00e6re ansvarlige for noen skader (inkludert, uten begrensning, skader for tap av data eller fortjeneste, eller p\u00e5 grunn av driftsavbrudd) som f\u00f8lge av bruk eller manglende evne til \u00e5 bruke materialene p\u00e5 Artigos Vip, selv om Artigos Vip eller en autorisert representant for Artigos Vip har blitt varslet muntlig eller skriftlig om muligheten for slik skade. Fordi noen jurisdiksjoner ikke tillater begrensninger p\u00e5 underforst\u00e5tte garantier, eller begrensninger av ansvar for f\u00f8lgeskader eller tilfeldige skader, gjelder kanskje ikke disse begrensningene for deg.<\/p>\n\n\n\n<h3 class=\"wp-block-heading\" id=\"5-precisao-dos-materiais\" data-no-translation=\"\">5. Precis\u00e3o dos materiais<\/h3>\n\n\n\n<p>Materialene som vises p\u00e5 Artigos Vip-nettstedet kan inneholde tekniske, typografiske eller fotografiske feil. Artigos Vip garanterer ikke at noe av materialet p\u00e5 nettstedet er n\u00f8yaktig, fullstendig eller oppdatert. Artigos Vip kan n\u00e5r som helst gj\u00f8re endringer i materialet p\u00e5 nettstedet uten varsel. Artigos Vip forplikter seg imidlertid ikke til \u00e5 oppdatere materialet.<\/p>\n\n\n\n<h3 class=\"wp-block-heading\" id=\"6-links\" data-no-translation=\"\">6. Links<\/h3>\n\n\n\n<p>Artigos Vip har ikke gjennomg\u00e5tt alle nettstedene som er lenket til nettstedet sitt, og er ikke ansvarlig for innholdet p\u00e5 noen av de lenkede nettstedene. Inkludering av en lenke inneb\u00e6rer ikke at Artigos Vip godkjenner nettstedet. Bruk av lenkede nettsteder skjer p\u00e5 brukerens egen risiko.<\/p>\n\n\n\n<h3 class=\"wp-block-heading\" id=\"modificacoes\" data-no-translation=\"\">Modifica\u00e7\u00f5es<\/h3>\n\n\n\n<p>Artigos Vip kan n\u00e5r som helst endre disse tjenestevilk\u00e5rene for nettstedet sitt uten forvarsel. Ved \u00e5 bruke dette nettstedet godtar du \u00e5 v\u00e6re bundet av den gjeldende versjonen av disse tjenestevilk\u00e5rene.<\/p>\n\n\n\n<h3 class=\"wp-block-heading\" id=\"lei-aplicavel\" data-no-translation=\"\">Lei aplic\u00e1vel<\/h3>\n\n\n\n<p>Disse vilk\u00e5rene og betingelsene er underlagt og tolkes i samsvar med lovene i Artigos Vip, og du godtar ugjenkallelig domstolenes eksklusive jurisdiksjon i den staten eller p\u00e5 det stedet.<\/p>","protected":false},"excerpt":{"rendered":"<p>1. Termos Ao acessar ao site Artigos Vip, concorda em cumprir estes termos de servi\u00e7o, todas as leis e regulamentos aplic\u00e1veis \u200b\u200be concorda que \u00e9 respons\u00e1vel pelo cumprimento de todas as leis locais aplic\u00e1veis. Se voc\u00ea n\u00e3o concordar com algum desses termos, est\u00e1 proibido de usar ou acessar este site. Os materiais contidos neste site<\/p>","protected":false},"author":1,"featured_media":0,"parent":0,"menu_order":0,"comment_status":"closed","ping_status":"closed","template":"","meta":{"footnotes":""},"class_list":["post-8038","page","type-page","status-publish"],"_links":{"self":[{"href":"https:\/\/artigosvip.com\/nb\/wp-json\/wp\/v2\/pages\/8038","targetHints":{"allow":["GET"]}}],"collection":[{"href":"https:\/\/artigosvip.com\/nb\/wp-json\/wp\/v2\/pages"}],"about":[{"href":"https:\/\/artigosvip.com\/nb\/wp-json\/wp\/v2\/types\/page"}],"author":[{"embeddable":true,"href":"https:\/\/artigosvip.com\/nb\/wp-json\/wp\/v2\/users\/1"}],"replies":[{"embeddable":true,"href":"https:\/\/artigosvip.com\/nb\/wp-json\/wp\/v2\/comments?post=8038"}],"version-history":[{"count":2,"href":"https:\/\/artigosvip.com\/nb\/wp-json\/wp\/v2\/pages\/8038\/revisions"}],"predecessor-version":[{"id":8113,"href":"https:\/\/artigosvip.com\/nb\/wp-json\/wp\/v2\/pages\/8038\/revisions\/8113"}],"wp:attachment":[{"href":"https:\/\/artigosvip.com\/nb\/wp-json\/wp\/v2\/media?parent=8038"}],"curies":[{"name":"wp","href":"https:\/\/api.w.org\/{rel}","templated":true}]}}