{"id":8038,"date":"2023-09-30T10:27:48","date_gmt":"2023-09-30T10:27:48","guid":{"rendered":"https:\/\/artigosvip.com\/?page_id=8038"},"modified":"2023-10-07T08:36:49","modified_gmt":"2023-10-07T08:36:49","slug":"gebruiksvoorwaarden","status":"publish","type":"page","link":"https:\/\/artigosvip.com\/nl\/termos-de-uso\/","title":{"rendered":"Gebruiksvoorwaarden"},"content":{"rendered":"<h3 class=\"wp-block-heading\" id=\"1-termos\" data-no-translation=\"\">1. Termos<\/h3>\n\n\n\n<p>Bij het bezoeken van de website <a href=\"https:\/\/justmobs.com\">VIP-artikelen<\/a>gaat u ermee akkoord deze servicevoorwaarden en alle toepasselijke wet- en regelgeving na te leven, en gaat u ermee akkoord dat u verantwoordelijk bent voor de naleving van alle toepasselijke lokale wetten. Als u niet akkoord gaat met een van deze voorwaarden, mag u deze site niet gebruiken of openen. De materialen op deze site zijn beschermd door toepasselijke auteursrecht- en handelsmerkwetten.<\/p>\n\n\n\n<h3 class=\"wp-block-heading\" id=\"2-uso-de-licenca\" data-no-translation=\"\">2. Uso de Licen\u00e7a<\/h3>\n\n\n\n<p>Er wordt toestemming verleend om tijdelijk slechts \u00e9\u00e9n exemplaar van het materiaal (informatie of software) op de website van Articles Vip te downloaden voor persoonlijk, niet-commercieel, tijdelijk bekijken. Dit is het verlenen van een licentie, geen eigendomsoverdracht, en onder deze licentie mag u niet:\u00a0<\/p>\n\n\n\n<ol class=\"wp-block-list\">\n<li>de materialen wijzigen of kopi\u00ebren;&nbsp;<\/li>\n\n\n\n<li>de materialen gebruiken voor commerci\u00eble doeleinden of voor openbare vertoning (commercieel of niet-commercieel);&nbsp;<\/li>\n\n\n\n<li>proberen de software op de Artigos Vip-website te decompileren of reverse-engineeren;\u00a0<\/li>\n\n\n\n<li>eventuele auteursrecht- of andere eigendomsaantekeningen uit de materialen verwijderen; of&nbsp;<\/li>\n\n\n\n<li>het materiaal overdragen aan een andere persoon of het materiaal &#039;spiegelen&#039; op een andere server.<\/li>\n<\/ol>\n\n\n\n<p>Deze licentie wordt automatisch be\u00ebindigd als u een van deze beperkingen schendt en kan op elk moment door Artigos Vip worden be\u00ebindigd. Bij het be\u00ebindigen van het bekijken van dit materiaal of bij het be\u00ebindigen van deze licentie, moet u alle gedownloade materialen in uw bezit verwijderen, ongeacht of deze in elektronische of gedrukte vorm zijn.<\/p>\n\n\n\n<h3 class=\"wp-block-heading\" id=\"3-isencao-de-responsabilidade\" data-no-translation=\"\">3. Isen\u00e7\u00e3o de responsabilidade<\/h3>\n\n\n\n<ol class=\"wp-block-list\">\n<li>De materialen op de website van Vip worden geleverd op een &#039;as is&#039;-basis. Vip Articles geeft geen garanties, expliciet of impliciet, en ontkent en ontkent hierbij alle andere garanties, inclusief maar niet beperkt tot impliciete garanties of voorwaarden van verkoopbaarheid, geschiktheid voor een bepaald doel, of niet-schending van intellectueel eigendom of andere schending van rechten.<\/li>\n\n\n\n<li>Verder geeft Artigos Vip geen garantie of doet geen uitspraken met betrekking tot de nauwkeurigheid, waarschijnlijke resultaten of betrouwbaarheid van het gebruik van de materialen op haar website of anderszins gerelateerd aan dergelijke materialen of op sites die aan deze site zijn gekoppeld.<\/li>\n<\/ol>\n\n\n\n<h3 class=\"wp-block-heading\" id=\"4-limitacoes\" data-no-translation=\"\">4. Limita\u00e7\u00f5es<\/h3>\n\n\n\n<p>In geen geval zijn Articles Vip of haar leveranciers aansprakelijk voor enige schade (inclusief, maar niet beperkt tot, schade door verlies van gegevens of winst, of als gevolg van bedrijfsonderbreking) die voortvloeit uit het gebruik of de onmogelijkheid om de materialen op Articles Vip te gebruiken, zelfs indien Articles Vip of een door Articles Vip gemachtigde vertegenwoordiger mondeling of schriftelijk op de hoogte is gesteld van de mogelijkheid van dergelijke schade. Omdat in sommige rechtsgebieden geen beperkingen op impliciete garanties of aansprakelijkheidsbeperkingen voor gevolgschade of incidentele schade zijn toegestaan, zijn deze beperkingen mogelijk niet op u van toepassing.<\/p>\n\n\n\n<h3 class=\"wp-block-heading\" id=\"5-precisao-dos-materiais\" data-no-translation=\"\">5. Precis\u00e3o dos materiais<\/h3>\n\n\n\n<p>De materialen die op de website van Articles Vip verschijnen, kunnen technische, typografische of fotografische fouten bevatten. Vip Articles garandeert niet dat de materialen op haar website accuraat, volledig of actueel zijn. Artikelen Vip kan op elk moment en zonder voorafgaande kennisgeving wijzigingen aanbrengen in de materialen op haar website. Vip Articles doet echter geen enkele belofte om de materialen bij te werken.<\/p>\n\n\n\n<h3 class=\"wp-block-heading\" id=\"6-links\" data-no-translation=\"\">6. Links<\/h3>\n\n\n\n<p>Artikelen Vip heeft niet alle sites beoordeeld die aan haar website zijn gekoppeld en is niet verantwoordelijk voor de inhoud van enige gekoppelde site. Het opnemen van een link impliceert geen goedkeuring door Artigos Vip van de site. Het gebruik van een gelinkte site is op eigen risico van de gebruiker.<\/p>\n\n\n\n<h3 class=\"wp-block-heading\" id=\"modificacoes\" data-no-translation=\"\">Modifica\u00e7\u00f5es<\/h3>\n\n\n\n<p>Artikelen Vip kan deze servicevoorwaarden voor haar website op elk moment zonder voorafgaande kennisgeving herzien. Door deze website te gebruiken, gaat u ermee akkoord gebonden te zijn aan de huidige versie van deze servicevoorwaarden.<\/p>\n\n\n\n<h3 class=\"wp-block-heading\" id=\"lei-aplicavel\" data-no-translation=\"\">Lei aplic\u00e1vel<\/h3>\n\n\n\n<p>Deze algemene voorwaarden worden beheerst door en ge\u00efnterpreteerd in overeenstemming met de wetten van Vip en u onderwerpt zich onherroepelijk aan de exclusieve jurisdictie van de rechtbanken in die staat of locatie.<\/p>","protected":false},"excerpt":{"rendered":"<p>1. Termos Ao acessar ao site Artigos Vip, concorda em cumprir estes termos de servi\u00e7o, todas as leis e regulamentos aplic\u00e1veis \u200b\u200be concorda que \u00e9 respons\u00e1vel pelo cumprimento de todas as leis locais aplic\u00e1veis. Se voc\u00ea n\u00e3o concordar com algum desses termos, est\u00e1 proibido de usar ou acessar este site. Os materiais contidos neste site<\/p>","protected":false},"author":1,"featured_media":0,"parent":0,"menu_order":0,"comment_status":"closed","ping_status":"closed","template":"","meta":{"footnotes":""},"class_list":["post-8038","page","type-page","status-publish"],"_links":{"self":[{"href":"https:\/\/artigosvip.com\/nl\/wp-json\/wp\/v2\/pages\/8038","targetHints":{"allow":["GET"]}}],"collection":[{"href":"https:\/\/artigosvip.com\/nl\/wp-json\/wp\/v2\/pages"}],"about":[{"href":"https:\/\/artigosvip.com\/nl\/wp-json\/wp\/v2\/types\/page"}],"author":[{"embeddable":true,"href":"https:\/\/artigosvip.com\/nl\/wp-json\/wp\/v2\/users\/1"}],"replies":[{"embeddable":true,"href":"https:\/\/artigosvip.com\/nl\/wp-json\/wp\/v2\/comments?post=8038"}],"version-history":[{"count":2,"href":"https:\/\/artigosvip.com\/nl\/wp-json\/wp\/v2\/pages\/8038\/revisions"}],"predecessor-version":[{"id":8113,"href":"https:\/\/artigosvip.com\/nl\/wp-json\/wp\/v2\/pages\/8038\/revisions\/8113"}],"wp:attachment":[{"href":"https:\/\/artigosvip.com\/nl\/wp-json\/wp\/v2\/media?parent=8038"}],"curies":[{"name":"wp","href":"https:\/\/api.w.org\/{rel}","templated":true}]}}