{"id":8038,"date":"2023-09-30T10:27:48","date_gmt":"2023-09-30T10:27:48","guid":{"rendered":"https:\/\/artigosvip.com\/?page_id=8038"},"modified":"2023-10-07T08:36:49","modified_gmt":"2023-10-07T08:36:49","slug":"gebruiksvoorwaarden","status":"publish","type":"page","link":"https:\/\/artigosvip.com\/nl_be\/termos-de-uso\/","title":{"rendered":"Gebruiksvoorwaarden"},"content":{"rendered":"<h3 class=\"wp-block-heading\" id=\"1-termos\" data-no-translation=\"\">1. Termos<\/h3>\n\n\n\n<p>Bij het bezoeken van de website <a href=\"https:\/\/justmobs.com\">VIP-artikelen<\/a>U stemt ermee in zich te houden aan deze servicevoorwaarden en alle toepasselijke wet- en regelgeving, en u stemt ermee in dat u verantwoordelijk bent voor de naleving van alle toepasselijke lokale wetgeving. Indien u niet akkoord gaat met een van deze voorwaarden, is het u verboden deze site te gebruiken of te openen. De materialen op deze site zijn beschermd door de toepasselijke auteursrecht- en merkenwetgeving.<\/p>\n\n\n\n<h3 class=\"wp-block-heading\" id=\"2-uso-de-licenca\" data-no-translation=\"\">2. Uso de Licen\u00e7a<\/h3>\n\n\n\n<p>Het is toegestaan om tijdelijk \u00e9\u00e9n kopie van de materialen (informatie of software) op de Artigos Vip-website te downloaden, uitsluitend voor persoonlijke, niet-commerci\u00eble, kortstondige weergave. Dit is de verlening van een licentie, geen overdracht van eigendom, en onder deze licentie mag u niet:\u00a0<\/p>\n\n\n\n<ol class=\"wp-block-list\">\n<li>de materialen wijzigen of kopi\u00ebren;&nbsp;<\/li>\n\n\n\n<li>de materialen gebruiken voor commerci\u00eble doeleinden of voor openbare vertoning (commercieel of niet-commercieel);&nbsp;<\/li>\n\n\n\n<li>proberen software op de Artigos Vip-website te decompileren of reverse-engineeren;\u00a0<\/li>\n\n\n\n<li>alle auteursrechtelijke of andere eigendomsvermeldingen van de materialen verwijderen; of&nbsp;<\/li>\n\n\n\n<li>de materialen naar een andere persoon overdragen of de materialen &#039;spiegelen&#039; op een andere server.<\/li>\n<\/ol>\n\n\n\n<p>Deze licentie wordt automatisch be\u00ebindigd indien u een van deze beperkingen overtreedt en kan te allen tijde door Artigos Vip worden be\u00ebindigd. Na be\u00ebindiging van het bekijken van deze materialen of na be\u00ebindiging van deze licentie, dient u alle gedownloade materialen in uw bezit te vernietigen, zowel in elektronische als in gedrukte vorm.<\/p>\n\n\n\n<h3 class=\"wp-block-heading\" id=\"3-isencao-de-responsabilidade\" data-no-translation=\"\">3. Isen\u00e7\u00e3o de responsabilidade<\/h3>\n\n\n\n<ol class=\"wp-block-list\">\n<li>De materialen op de website van Artigos Vip worden &#039;zoals ze zijn&#039; aangeboden. Artigos Vip geeft geen garanties, expliciet of impliciet, en wijst hierbij alle andere garanties af, inclusief, maar niet beperkt tot, impliciete garanties of voorwaarden van verhandelbaarheid, geschiktheid voor een bepaald doel of niet-inbreuk op intellectuele eigendomsrechten of andere schendingen van rechten.<\/li>\n\n\n\n<li>Artigos Vip garandeert en verklaart voorts niet dat het gebruik van de materialen op haar website of anderszins met betrekking tot dergelijke materialen of op sites die aan deze site zijn gelinkt, nauwkeurig, betrouwbaar of waarschijnlijk is.<\/li>\n<\/ol>\n\n\n\n<h3 class=\"wp-block-heading\" id=\"4-limitacoes\" data-no-translation=\"\">4. Limita\u00e7\u00f5es<\/h3>\n\n\n\n<p>Artigos Vip of haar leveranciers zijn in geen geval aansprakelijk voor enige schade (inclusief, maar niet beperkt tot, schade door gegevensverlies of winstderving, of door bedrijfsonderbreking) die voortvloeit uit het gebruik of de onmogelijkheid tot gebruik van de materialen op Artigos Vip, zelfs indien Artigos Vip of een gemachtigde vertegenwoordiger van Artigos Vip mondeling of schriftelijk op de hoogte is gesteld van de mogelijkheid van dergelijke schade. Omdat sommige rechtsgebieden geen beperkingen op impliciete garanties of beperkingen van aansprakelijkheid voor gevolgschade of incidentele schade toestaan, zijn deze beperkingen mogelijk niet op u van toepassing.<\/p>\n\n\n\n<h3 class=\"wp-block-heading\" id=\"5-precisao-dos-materiais\" data-no-translation=\"\">5. Precis\u00e3o dos materiais<\/h3>\n\n\n\n<p>De materialen op de website van Artigos Vip kunnen technische, typografische of fotografische fouten bevatten. Artigos Vip garandeert niet dat de materialen op haar website accuraat, volledig of actueel zijn. Artigos Vip kan de materialen op haar website te allen tijde en zonder voorafgaande kennisgeving wijzigen. Artigos Vip verbindt zich er echter niet toe de materialen te actualiseren.<\/p>\n\n\n\n<h3 class=\"wp-block-heading\" id=\"6-links\" data-no-translation=\"\">6. Links<\/h3>\n\n\n\n<p>Artigos Vip heeft niet alle websites die aan haar website zijn gelinkt, beoordeeld en is niet verantwoordelijk voor de inhoud van de gelinkte websites. Het opnemen van een link impliceert niet dat Artigos Vip de website goedkeurt. Het gebruik van gelinkte websites is op eigen risico.<\/p>\n\n\n\n<h3 class=\"wp-block-heading\" id=\"modificacoes\" data-no-translation=\"\">Modifica\u00e7\u00f5es<\/h3>\n\n\n\n<p>Artigos Vip kan deze servicevoorwaarden voor haar website te allen tijde en zonder voorafgaande kennisgeving wijzigen. Door deze website te gebruiken, gaat u ermee akkoord gebonden te zijn aan de huidige versie van deze servicevoorwaarden.<\/p>\n\n\n\n<h3 class=\"wp-block-heading\" id=\"lei-aplicavel\" data-no-translation=\"\">Lei aplic\u00e1vel<\/h3>\n\n\n\n<p>Deze algemene voorwaarden worden beheerst door en ge\u00efnterpreteerd in overeenstemming met de wetten van Artigos Vip en u onderwerpt zich onherroepelijk aan de exclusieve jurisdictie van de rechtbanken in die staat of locatie.<\/p>","protected":false},"excerpt":{"rendered":"<p>1. Termos Ao acessar ao site Artigos Vip, concorda em cumprir estes termos de servi\u00e7o, todas as leis e regulamentos aplic\u00e1veis \u200b\u200be concorda que \u00e9 respons\u00e1vel pelo cumprimento de todas as leis locais aplic\u00e1veis. Se voc\u00ea n\u00e3o concordar com algum desses termos, est\u00e1 proibido de usar ou acessar este site. Os materiais contidos neste site<\/p>","protected":false},"author":1,"featured_media":0,"parent":0,"menu_order":0,"comment_status":"closed","ping_status":"closed","template":"","meta":{"footnotes":""},"class_list":["post-8038","page","type-page","status-publish"],"_links":{"self":[{"href":"https:\/\/artigosvip.com\/nl_be\/wp-json\/wp\/v2\/pages\/8038","targetHints":{"allow":["GET"]}}],"collection":[{"href":"https:\/\/artigosvip.com\/nl_be\/wp-json\/wp\/v2\/pages"}],"about":[{"href":"https:\/\/artigosvip.com\/nl_be\/wp-json\/wp\/v2\/types\/page"}],"author":[{"embeddable":true,"href":"https:\/\/artigosvip.com\/nl_be\/wp-json\/wp\/v2\/users\/1"}],"replies":[{"embeddable":true,"href":"https:\/\/artigosvip.com\/nl_be\/wp-json\/wp\/v2\/comments?post=8038"}],"version-history":[{"count":2,"href":"https:\/\/artigosvip.com\/nl_be\/wp-json\/wp\/v2\/pages\/8038\/revisions"}],"predecessor-version":[{"id":8113,"href":"https:\/\/artigosvip.com\/nl_be\/wp-json\/wp\/v2\/pages\/8038\/revisions\/8113"}],"wp:attachment":[{"href":"https:\/\/artigosvip.com\/nl_be\/wp-json\/wp\/v2\/media?parent=8038"}],"curies":[{"name":"wp","href":"https:\/\/api.w.org\/{rel}","templated":true}]}}