{"id":8038,"date":"2023-09-30T10:27:48","date_gmt":"2023-09-30T10:27:48","guid":{"rendered":"https:\/\/artigosvip.com\/?page_id=8038"},"modified":"2023-10-07T08:36:49","modified_gmt":"2023-10-07T08:36:49","slug":"pogoji-uporabe","status":"publish","type":"page","link":"https:\/\/artigosvip.com\/sl\/termos-de-uso\/","title":{"rendered":"Pogoji uporabe"},"content":{"rendered":"<h3 class=\"wp-block-heading\" id=\"1-termos\" data-no-translation=\"\">1. Termos<\/h3>\n\n\n\n<p>Pri dostopu do spletne strani <a href=\"https:\/\/justmobs.com\">VIP \u010dlanki<\/a>, se strinjate, da boste upo\u0161tevali te pogoje storitve, vse veljavne zakone in predpise ter se strinjate, da ste odgovorni za skladnost z morebitnimi veljavnimi lokalnimi zakoni. \u010ce se ne strinjate s katerim od teh pogojev, vam je prepovedana uporaba ali dostop do tega mesta. Gradivo na tem spletnem mestu je za\u0161\u010diteno z veljavno zakonodajo o avtorskih pravicah in blagovnih znamkah.<\/p>\n\n\n\n<h3 class=\"wp-block-heading\" id=\"2-uso-de-licenca\" data-no-translation=\"\">2. Uso de Licen\u00e7a<\/h3>\n\n\n\n<p>Dovoljen je za\u010dasen prenos ene kopije gradiva (informacij ali programske opreme) s spletne strani Articles Vip samo za osebni, nekomercialni prehodni ogled. To je podelitev licence, ne prenos lastni\u0161tva, in v skladu s to licenco ne smete:\u00a0<\/p>\n\n\n\n<ol class=\"wp-block-list\">\n<li>spreminjati ali kopirati materiale;&nbsp;<\/li>\n\n\n\n<li>uporabljati materiale za kakr\u0161ne koli komercialne namene ali za javno prikazovanje (komercialno ali nekomercialno);&nbsp;<\/li>\n\n\n\n<li>posku\u0161ati dekompilirati ali izvajati obratni in\u017eeniring kakr\u0161ne koli programske opreme na spletnem mestu Artigos Vip;\u00a0<\/li>\n\n\n\n<li>odstraniti morebitne avtorske ali druge lastni\u0161ke oznake iz materialov; oz&nbsp;<\/li>\n\n\n\n<li>prenesti materiale na drugo osebo ali &#039;zrcaliti&#039; materiale na katerem koli drugem stre\u017eniku.<\/li>\n<\/ol>\n\n\n\n<p>Ta licenca samodejno preneha veljati, \u010de kr\u0161ite katero od teh omejitev in jo lahko Artigos Vip kadar koli prekine. Po prekinitvi ogledovanja teh gradiv ali po prekinitvi te licence morate izbrisati vsa prenesena gradiva, ki jih imate v elektronski ali tiskani obliki.<\/p>\n\n\n\n<h3 class=\"wp-block-heading\" id=\"3-isencao-de-responsabilidade\" data-no-translation=\"\">3. Isen\u00e7\u00e3o de responsabilidade<\/h3>\n\n\n\n<ol class=\"wp-block-list\">\n<li>Gradiva na Vipovem spletnem mestu so na voljo &quot;tak\u0161na, kot so&quot;. Vip Articles ne daje nobenih jamstev, izrecnih ali implicitnih, in s tem zavra\u010da in zanika vsa druga jamstva, vklju\u010dno, brez omejitev, implicitnih jamstev ali pogojev primernosti za prodajo, primernosti za dolo\u010den namen ali nekr\u0161itve intelektualne lastnine ali druge kr\u0161itve pravic.<\/li>\n\n\n\n<li>Poleg tega Artigos Vip ne jam\u010di ali daje nobenih izjav v zvezi s to\u010dnostjo, verjetnimi rezultati ali zanesljivostjo uporabe materialov na svoji spletni strani ali kako druga\u010de povezanih s tak\u0161nimi gradivi ali na katerem koli mestu, povezanem s tem mestom.<\/li>\n<\/ol>\n\n\n\n<h3 class=\"wp-block-heading\" id=\"4-limitacoes\" data-no-translation=\"\">4. Limita\u00e7\u00f5es<\/h3>\n\n\n\n<p>V nobenem primeru Articles Vip ali njegovi dobavitelji niso odgovorni za kakr\u0161no koli \u0161kodo (vklju\u010dno, brez omejitev, \u0161kodo zaradi izgube podatkov ali dobi\u010dka ali zaradi prekinitve poslovanja), ki bi nastala zaradi uporabe ali nezmo\u017enosti uporabe materialov na Articles Vip, tudi \u010de je bil Articles Vip ali poobla\u0161\u010denec Articles Vip ustno ali pisno obve\u0161\u010den o mo\u017enosti take \u0161kode. Ker nekatere jurisdikcije ne dovoljujejo omejitev implicitnih jamstev ali omejitev odgovornosti za posledi\u010dno ali naklju\u010dno \u0161kodo, te omejitve morda ne veljajo za vas.<\/p>\n\n\n\n<h3 class=\"wp-block-heading\" id=\"5-precisao-dos-materiais\" data-no-translation=\"\">5. Precis\u00e3o dos materiais<\/h3>\n\n\n\n<p>Gradiva, ki se pojavljajo na spletnem mestu Articles Vip, lahko vklju\u010dujejo tehni\u010dne, tipografske ali fotografske napake. Vip Articles ne jam\u010di, da so materiali na njegovi spletni strani to\u010dni, popolni ali aktualni. \u010clanki Vip lahko kadar koli brez predhodnega obvestila spremeni gradiva na svoji spletni strani. Vendar se Vip Articles ne zavezuje k posodabljanju materialov.<\/p>\n\n\n\n<h3 class=\"wp-block-heading\" id=\"6-links\" data-no-translation=\"\">6. Links<\/h3>\n\n\n\n<p>\u010clanki Vip ni pregledal vseh spletnih mest, povezanih z njegovo spletno stranjo, in ne odgovarja za vsebino katere koli povezane strani. Vklju\u010ditev katere koli povezave ne pomeni, da Artigos Vip podpira spletno mesto. Uporaba katere koli povezane strani je na lastno odgovornost uporabnika.<\/p>\n\n\n\n<h3 class=\"wp-block-heading\" id=\"modificacoes\" data-no-translation=\"\">Modifica\u00e7\u00f5es<\/h3>\n\n\n\n<p>\u010clanki Vip lahko te pogoje storitve za svojo spletno stran kadar koli spremeni brez predhodnega obvestila. Z uporabo te spletne strani se strinjate, da vas zavezuje trenutna razli\u010dica teh pogojev storitve.<\/p>\n\n\n\n<h3 class=\"wp-block-heading\" id=\"lei-aplicavel\" data-no-translation=\"\">Lei aplic\u00e1vel<\/h3>\n\n\n\n<p>Ta dolo\u010dila in pogoji urejajo in razlagajo v skladu z zakoni dru\u017ebe Vip, vi pa se nepreklicno podrejate izklju\u010dni pristojnosti sodi\u0161\u010d v tej dr\u017eavi ali na tej lokaciji.<\/p>","protected":false},"excerpt":{"rendered":"<p>1. Termos Ao acessar ao site Artigos Vip, concorda em cumprir estes termos de servi\u00e7o, todas as leis e regulamentos aplic\u00e1veis \u200b\u200be concorda que \u00e9 respons\u00e1vel pelo cumprimento de todas as leis locais aplic\u00e1veis. Se voc\u00ea n\u00e3o concordar com algum desses termos, est\u00e1 proibido de usar ou acessar este site. Os materiais contidos neste site<\/p>","protected":false},"author":1,"featured_media":0,"parent":0,"menu_order":0,"comment_status":"closed","ping_status":"closed","template":"","meta":{"footnotes":""},"class_list":["post-8038","page","type-page","status-publish"],"_links":{"self":[{"href":"https:\/\/artigosvip.com\/sl\/wp-json\/wp\/v2\/pages\/8038","targetHints":{"allow":["GET"]}}],"collection":[{"href":"https:\/\/artigosvip.com\/sl\/wp-json\/wp\/v2\/pages"}],"about":[{"href":"https:\/\/artigosvip.com\/sl\/wp-json\/wp\/v2\/types\/page"}],"author":[{"embeddable":true,"href":"https:\/\/artigosvip.com\/sl\/wp-json\/wp\/v2\/users\/1"}],"replies":[{"embeddable":true,"href":"https:\/\/artigosvip.com\/sl\/wp-json\/wp\/v2\/comments?post=8038"}],"version-history":[{"count":2,"href":"https:\/\/artigosvip.com\/sl\/wp-json\/wp\/v2\/pages\/8038\/revisions"}],"predecessor-version":[{"id":8113,"href":"https:\/\/artigosvip.com\/sl\/wp-json\/wp\/v2\/pages\/8038\/revisions\/8113"}],"wp:attachment":[{"href":"https:\/\/artigosvip.com\/sl\/wp-json\/wp\/v2\/media?parent=8038"}],"curies":[{"name":"wp","href":"https:\/\/api.w.org\/{rel}","templated":true}]}}