{"id":8036,"date":"2023-09-30T10:27:35","date_gmt":"2023-09-30T10:27:35","guid":{"rendered":"https:\/\/artigosvip.com\/?page_id=8036"},"modified":"2023-10-07T08:35:02","modified_gmt":"2023-10-07T08:35:02","slug":"%e9%9a%b1%e7%a7%81%e6%ac%8a%e6%94%bf%e7%ad%96","status":"publish","type":"page","link":"https:\/\/artigosvip.com\/zh\/politica-de-privacidade\/","title":{"rendered":"\u96b1\u79c1\u6b0a\u653f\u7b56"},"content":{"rendered":"<p>\u60a8\u7684\u96b1\u79c1\u5c0d\u6211\u5011\u5f88\u91cd\u8981\u3002 Artigos Vip \u7684\u653f\u7b56\u662f\u5c0a\u91cd\u60a8\u5728\u6211\u5011\u53ef\u80fd\u5728\u7db2\u7ad9\u4e0a\u6536\u96c6\u7684\u4efb\u4f55\u8cc7\u8a0a\u7684\u96b1\u79c1\u3002 <a href=\"https:\/\/artigosvip.com\/zh\/\">\u8cb4\u8cd3\u6587\u7ae0<\/a>\uff0c\u4ee5\u53ca\u6211\u5011\u64c1\u6709\u548c\u7d93\u71df\u7684\u5176\u4ed6\u7db2\u7ad9\u3002<\/p>\n\n\n\n<p>\u6211\u5011\u50c5\u5728\u78ba\u5be6\u9700\u8981\u500b\u4eba\u8cc7\u8a0a\u4f86\u70ba\u60a8\u63d0\u4f9b\u670d\u52d9\u6642\u624d\u8981\u6c42\u63d0\u4f9b\u500b\u4eba\u8cc7\u8a0a\u3002\u5728\u60a8\u77e5\u60c5\u4e26\u540c\u610f\u7684\u60c5\u6cc1\u4e0b\uff0c\u6211\u5011\u6703\u900f\u904e\u516c\u5e73\u5408\u6cd5\u7684\u65b9\u5f0f\u4f86\u505a\u3002\u6211\u5011\u4e5f\u544a\u8a34\u60a8\u6211\u5011\u70ba\u4ec0\u9ebc\u6536\u96c6\u5b83\u4ee5\u53ca\u5982\u4f55\u4f7f\u7528\u5b83\u3002<\/p>\n\n\n\n<p>\u6211\u5011\u50c5\u5728\u63d0\u4f9b\u6240\u8981\u6c42\u7684\u670d\u52d9\u6240\u9700\u7684\u6642\u9593\u5167\u4fdd\u7559\u6536\u96c6\u5230\u7684\u8cc7\u8a0a\u3002\u7576\u6211\u5011\u5132\u5b58\u8cc7\u6599\u6642\uff0c\u6211\u5011\u6703\u4ee5\u5546\u696d\u4e0a\u53ef\u63a5\u53d7\u7684\u65b9\u5f0f\u4fdd\u8b77\u6578\u64da\uff0c\u4ee5\u9632\u6b62\u907a\u5931\u548c\u88ab\u76dc\uff0c\u4ee5\u53ca\u672a\u7d93\u6388\u6b0a\u7684\u5b58\u53d6\u3001\u63ed\u9732\u3001\u8907\u88fd\u3001\u4f7f\u7528\u6216\u4fee\u6539\u3002<\/p>\n\n\n\n<p>\u9664\u975e\u6cd5\u5f8b\u8981\u6c42\uff0c\u5426\u5247\u6211\u5011\u4e0d\u6703\u516c\u958b\u6216\u8207\u7b2c\u4e09\u65b9\u5206\u4eab\u500b\u4eba\u8b58\u5225\u8cc7\u8a0a\u3002<\/p>\n\n\n\n<p>\u6211\u5011\u7684\u7db2\u7ad9\u53ef\u80fd\u5305\u542b\u975e\u6211\u5011\u7d93\u71df\u7684\u5916\u90e8\u7db2\u7ad9\u7684\u9023\u7d50\u3002\u8acb\u6ce8\u610f\uff0c\u6211\u5011\u7121\u6cd5\u63a7\u5236\u9019\u4e9b\u7db2\u7ad9\u7684\u5167\u5bb9\u548c\u505a\u6cd5\uff0c\u4e5f\u7121\u6cd5\u5c0d\u5176\u5404\u81ea\u7684\u96b1\u79c1\u6b0a\u653f\u7b56\u8ca0\u8cac\u3002<\/p>\n\n\n\n<p>\u60a8\u53ef\u4ee5\u62d2\u7d55\u6211\u5011\u7d22\u53d6\u60a8\u7684\u500b\u4eba\u8cc7\u8a0a\u7684\u8acb\u6c42\uff0c\u4f46\u8acb\u77ad\u89e3\u6211\u5011\u53ef\u80fd\u7121\u6cd5\u5411\u60a8\u63d0\u4f9b\u60a8\u60f3\u8981\u7684\u67d0\u4e9b\u670d\u52d9\u3002<\/p>\n\n\n\n<p>\u60a8\u7e7c\u7e8c\u4f7f\u7528\u6211\u5011\u7684\u7db2\u7ad9\u5c07\u88ab\u8996\u70ba\u63a5\u53d7\u6211\u5011\u5728\u96b1\u79c1\u548c\u500b\u4eba\u8cc7\u8a0a\u65b9\u9762\u7684\u505a\u6cd5\u3002\u5982\u679c\u60a8\u5c0d\u6211\u5011\u5982\u4f55\u8655\u7406\u7528\u6236\u8cc7\u6599\u548c\u500b\u4eba\u8cc7\u8a0a\u6709\u4efb\u4f55\u7591\u554f\uff0c\u8acb\u8207\u6211\u5011\u806f\u7d61\u3002<\/p>\n\n\n\n<h3 class=\"wp-block-heading\" data-no-translation=\"\">Pol\u00edtica de Cookies Artigos Vip<\/h3>\n\n\n\n<h3 class=\"wp-block-heading\" data-no-translation=\"\">O que s\u00e3o cookies?<\/h3>\n\n\n\n<p>\u8207\u5e7e\u4e4e\u6240\u6709\u5c08\u696d\u7db2\u7ad9\u7684\u5e38\u898b\u505a\u6cd5\u4e00\u6a23\uff0c\u672c\u7db2\u7ad9\u4f7f\u7528 cookie\uff08\u5373\u4e0b\u8f09\u5230\u60a8\u96fb\u8166\u4e0a\u7684\u5c0f\u6a94\u6848\uff09\u4f86\u6539\u5584\u60a8\u7684\u9ad4\u9a57\u3002\u672c\u9801\u63cf\u8ff0\u4e86\u4ed6\u5011\u6536\u96c6\u54ea\u4e9b\u8cc7\u8a0a\u3001\u6211\u5011\u5982\u4f55\u4f7f\u7528\u9019\u4e9b\u8cc7\u8a0a\u4ee5\u53ca\u70ba\u4ec0\u9ebc\u6211\u5011\u6709\u6642\u9700\u8981\u5132\u5b58\u9019\u4e9b cookie\u3002\u6211\u5011\u9084\u5c07\u5206\u4eab\u5982\u4f55\u963b\u6b62\u5132\u5b58\u9019\u4e9b cookie\uff0c\u4f46\u9019\u53ef\u80fd\u6703\u964d\u4f4e\u6216\u300c\u7834\u58de\u300d\u7db2\u7ad9\u529f\u80fd\u7684\u67d0\u4e9b\u5143\u7d20\u3002<\/p>\n\n\n\n<h3 class=\"wp-block-heading\" data-no-translation=\"\">Como usamos os cookies?<\/h3>\n\n\n\n<p>\u6211\u5011\u4f7f\u7528 cookie \u7684\u539f\u56e0\u6709\u5f88\u591a\uff0c\u8a73\u60c5\u5982\u4e0b\u3002\u4e0d\u5e78\u7684\u662f\uff0c\u5728\u5927\u591a\u6578\u60c5\u6cc1\u4e0b\uff0c\u6c92\u6709\u884c\u696d\u6a19\u6e96\u9078\u9805\u53ef\u4ee5\u505c\u7528 cookie\uff0c\u800c\u4e0d\u5b8c\u5168\u505c\u7528\u5b83\u5011\u6dfb\u52a0\u5230\u6b64\u7db2\u7ad9\u7684\u529f\u80fd\u548c\u7279\u6027\u3002\u5982\u679c\u60a8\u4e0d\u78ba\u5b9a\u662f\u5426\u9700\u8981\u5b83\u5011\uff0c\u5efa\u8b70\u60a8\u4fdd\u7559\u6240\u6709 cookie\uff0c\u4ee5\u9632\u5b83\u5011\u88ab\u7528\u4f86\u63d0\u4f9b\u60a8\u4f7f\u7528\u7684\u670d\u52d9\u3002<\/p>\n\n\n\n<h3 class=\"wp-block-heading\" data-no-translation=\"\">Desativar cookies<\/h3>\n\n\n\n<p>\u60a8\u53ef\u4ee5\u900f\u904e\u8abf\u6574\u700f\u89bd\u5668\u8a2d\u5b9a\u4f86\u963b\u6b62\u8a2d\u5b9a cookie\uff08\u6709\u95dc\u5982\u4f55\u57f7\u884c\u6b64\u64cd\u4f5c\u7684\u4fe1\u606f\uff0c\u8acb\u53c3\u95b1\u700f\u89bd\u5668\u8aaa\u660e\uff09\u3002\u8acb\u6ce8\u610f\uff0c\u505c\u7528 cookie \u5c07\u5f71\u97ff\u672c\u7db2\u7ad9\u4ee5\u53ca\u60a8\u9020\u8a2a\u7684\u8a31\u591a\u5176\u4ed6\u7db2\u7ad9\u7684\u529f\u80fd\u3002\u505c\u7528 cookie \u901a\u5e38\u6703\u5c0e\u81f4\u672c\u7db2\u7ad9\u7684\u67d0\u4e9b\u529f\u80fd\u548c\u7279\u6027\u505c\u7528\u3002\u56e0\u6b64\uff0c\u5efa\u8b70\u60a8\u4e0d\u8981\u505c\u7528cookie\u3002<\/p>\n\n\n\n<h3 class=\"wp-block-heading\" data-no-translation=\"\">Cookies que definimos<\/h3>\n\n\n\n<ul class=\"wp-block-list\">\n<li>\u5e33\u6236\u76f8\u95dc Cookie \u5982\u679c\u60a8\u5728\u6211\u5011\u9019\u88e1\u5efa\u7acb\u5e33\u6236\uff0c\u6211\u5011\u5c07\u4f7f\u7528 Cookie \u4f86\u7ba1\u7406\u8a3b\u518a\u6d41\u7a0b\u548c\u4e00\u822c\u7ba1\u7406\u3002\u9019\u4e9b cookie \u901a\u5e38\u6703\u5728\u60a8\u767b\u51fa\u6642\u88ab\u522a\u9664\uff0c\u4f46\u5728\u67d0\u4e9b\u60c5\u6cc1\u4e0b\uff0c\u5b83\u5011\u53ef\u80fd\u6703\u5728\u60a8\u767b\u51fa\u6642\u4fdd\u7559\u4e0b\u4f86\u4ee5\u8a18\u4f4f\u60a8\u7684\u7db2\u7ad9\u9996\u9078\u9805\u3002<\/li>\n\n\n\n<li>\u8207\u767b\u5165\u76f8\u95dc\u7684 cookie \u6211\u5011\u5728\u60a8\u767b\u5165\u6642\u4f7f\u7528 cookie\uff0c\u4ee5\u4fbf\u6211\u5011\u8a18\u4f4f\u6b64\u64cd\u4f5c\u3002\u9019\u4f7f\u60a8\u4e0d\u5fc5\u6bcf\u6b21\u8a2a\u554f\u65b0\u9801\u9762\u6642\u90fd\u5fc5\u9808\u767b\u5165\u3002\u7576\u60a8\u767b\u51fa\u6642\uff0c\u9019\u4e9b cookie \u901a\u5e38\u6703\u88ab\u522a\u9664\u6216\u6e05\u9664\uff0c\u4ee5\u78ba\u4fdd\u60a8\u5728\u767b\u5165\u6642\u53ea\u80fd\u5b58\u53d6\u53d7\u9650\u7684\u529f\u80fd\u548c\u5340\u57df\u3002<\/li>\n\n\n\n<li>\u8207\u96fb\u5b50\u90f5\u4ef6\u901a\u8a0a\u76f8\u95dc\u7684 Cookie \u672c\u7db2\u7ad9\u63d0\u4f9b\u96fb\u5b50\u5831\u6216\u96fb\u5b50\u90f5\u4ef6\u8a02\u95b1\u670d\u52d9\uff0c\u4e14 Cookie \u53ef\u7528\u65bc\u8a18\u4f4f\u60a8\u662f\u5426\u5df2\u8a3b\u518a\u4ee5\u53ca\u662f\u5426\u986f\u793a\u50c5\u5c0d\u8a02\u95b1\/\u53d6\u6d88\u8a02\u95b1\u4f7f\u7528\u8005\u6709\u6548\u7684\u67d0\u4e9b\u901a\u77e5\u3002<\/li>\n\n\n\n<li>\u8a02\u55ae\u8655\u7406\u76f8\u95dc cookie \u672c\u7db2\u7ad9\u63d0\u4f9b\u96fb\u5b50\u5546\u52d9\u6216\u652f\u4ed8\u8a2d\u65bd\uff0c\u6709\u4e9b cookie \u5c0d\u65bc\u78ba\u4fdd\u5728\u9801\u9762\u4e4b\u9593\u8a18\u4f4f\u60a8\u7684\u8a02\u55ae\u4ee5\u4fbf\u6211\u5011\u80fd\u5920\u6b63\u78ba\u8655\u7406\u5b83\u81f3\u95dc\u91cd\u8981\u3002<\/li>\n\n\n\n<li>\u8abf\u67e5\u76f8\u95dc Cookie \u6211\u5011\u5b9a\u671f\u63d0\u4f9b\u8abf\u67e5\u548c\u554f\u5377\uff0c\u4ee5\u63d0\u4f9b\u6709\u8da3\u7684\u8cc7\u8a0a\u3001\u6709\u7528\u7684\u5de5\u5177\uff0c\u6216\u66f4\u6e96\u78ba\u5730\u4e86\u89e3\u6211\u5011\u7684\u7528\u6236\u7fa4\u3002\u9019\u4e9b\u8abf\u67e5\u53ef\u80fd\u6703\u4f7f\u7528 cookie \u4f86\u8a18\u4f4f\u8ab0\u5df2\u7d93\u53c3\u8207\u4e86\u8abf\u67e5\u6216\u5728\u60a8\u66f4\u6539\u9801\u9762\u5f8c\u63d0\u4f9b\u6e96\u78ba\u7684\u7d50\u679c\u3002<\/li>\n\n\n\n<li>\u8207\u8868\u55ae\u76f8\u95dc\u7684 cookie \u7576\u60a8\u900f\u904e\u8868\u55ae\uff08\u4f8b\u5982\u806f\u7d61\u9801\u9762\u6216\u8a55\u8ad6\u8868\u55ae\u4e0a\u7684\u8868\u55ae\uff09\u63d0\u4ea4\u8cc7\u6599\u6642\uff0c\u53ef\u80fd\u6703\u8a2d\u5b9a cookie \u4f86\u8a18\u4f4f\u60a8\u7684\u4f7f\u7528\u8005\u8a73\u7d30\u4fe1\u606f\uff0c\u4ee5\u4fbf\u5c07\u4f86\u9032\u884c\u901a\u8a0a\u3002<\/li>\n\n\n\n<li>\u7db2\u7ad9\u504f\u597d\u8a2d\u5b9a cookie \u70ba\u4e86\u8b93\u60a8\u5728\u672c\u7db2\u7ad9\u4e0a\u7372\u5f97\u826f\u597d\u7684\u9ad4\u9a57\uff0c\u6211\u5011\u63d0\u4f9b\u4e86\u8a2d\u5b9a\u60a8\u5728\u4f7f\u7528\u672c\u7db2\u7ad9\u6642\u5982\u4f55\u904b\u4f5c\u672c\u7db2\u7ad9\u7684\u504f\u597d\u8a2d\u5b9a\u7684\u529f\u80fd\u3002\u70ba\u4e86\u8a18\u4f4f\u60a8\u7684\u504f\u597d\uff0c\u6211\u5011\u9700\u8981\u8a2d\u5b9a cookie\uff0c\u4ee5\u4fbf\u6bcf\u7576\u60a8\u8207\u53d7\u60a8\u504f\u597d\u5f71\u97ff\u7684\u9801\u9762\u4e92\u52d5\u6642\u90fd\u53ef\u4ee5\u547c\u53eb\u6b64\u8cc7\u8a0a\u3002<\/li>\n<\/ul>\n\n\n\n<h3 class=\"wp-block-heading\" data-no-translation=\"\">Publicidade Personalizada<\/h3>\n\n\n\n<p>\u4f7f\u7528\u8005\u53ef\u4ee5\u900f\u904e\u9020\u8a2a\u4ee5\u4e0b\u7db2\u7ad9\u9078\u64c7\u9000\u51fa\u500b\u4eba\u5316\u5ee3\u544a <a href=\"https:\/\/adssettings.google.com\/authenticated\">\u5ee3\u544a\u8a2d\u5b9a<\/a>\u3002\u6216\u8005\uff0c\u60a8\u53ef\u4ee5\u5f15\u5c0e\u4f7f\u7528\u8005\u9020\u8a2a\u8a72\u7db2\u7ad9 <a href=\"http:\/\/www.aboutads.info\">www.aboutads.info<\/a> \u505c\u7528\u7b2c\u4e09\u65b9\u500b\u4eba\u5316\u5ee3\u544a cookie \u7684\u4f7f\u7528\u3002<\/p>\n\n\n\n<h3 class=\"wp-block-heading\" data-no-translation=\"\">Cookies de Terceiros<\/h3>\n\n\n\n<p>\u5728\u67d0\u4e9b\u7279\u6b8a\u60c5\u6cc1\u4e0b\uff0c\u6211\u5011\u4e5f\u6703\u4f7f\u7528\u53d7\u4fe1\u4efb\u7684\u7b2c\u4e09\u65b9\u63d0\u4f9b\u7684 cookie\u3002\u4ee5\u4e0b\u90e8\u5206\u8a73\u7d30\u4ecb\u7d39\u4e86\u60a8\u53ef\u80fd\u900f\u904e\u672c\u7db2\u7ad9\u9047\u5230\u7684\u7b2c\u4e09\u65b9 cookie\u3002<\/p>\n\n\n\n<ul class=\"wp-block-list\">\n<li>\u672c\u7db2\u7ad9\u4f7f\u7528 Google Analytics\uff08\u5206\u6790\uff09\uff0c\u9019\u662f\u7db2\u8def\u4e0a\u6700\u5ee3\u6cdb\u3001\u6700\u503c\u5f97\u4fe1\u8cf4\u7684\u5206\u6790\u89e3\u6c7a\u65b9\u6848\u4e4b\u4e00\uff0c\u53ef\u5e6b\u52a9\u6211\u5011\u4e86\u89e3\u60a8\u5982\u4f55\u4f7f\u7528\u7db2\u7ad9\u4ee5\u53ca\u6211\u5011\u53ef\u4ee5\u6539\u5584\u60a8\u7684\u9ad4\u9a57\u7684\u65b9\u5f0f\u3002\u9019\u4e9b cookie \u53ef\u80fd\u6703\u8ffd\u8e64\u60a8\u5728\u7db2\u7ad9\u4e0a\u82b1\u8cbb\u7684\u6642\u9593\u4ee5\u53ca\u60a8\u8a2a\u554f\u7684\u9801\u9762\u7b49\u4fe1\u606f\uff0c\u4ee5\u4fbf\u6211\u5011\u80fd\u5920\u7e7c\u7e8c\u88fd\u4f5c\u5f15\u4eba\u5165\u52dd\u7684\u5167\u5bb9\u3002<\/li>\n<\/ul>\n\n\n\n<p>\u6709\u95dc Google Analytics cookie \u7684\u66f4\u591a\u4fe1\u606f\uff0c\u8acb\u53c3\u95b1\u5b98\u65b9 Google Analytics \u9801\u9762\u3002<\/p>\n\n\n\n<ul class=\"wp-block-list\">\n<li>\u7b2c\u4e09\u65b9\u5206\u6790\u7528\u65bc\u8ffd\u8e64\u548c\u8861\u91cf\u672c\u7db2\u7ad9\u7684\u4f7f\u7528\u60c5\u6cc1\uff0c\u4ee5\u4fbf\u6211\u5011\u80fd\u5920\u7e7c\u7e8c\u88fd\u4f5c\u5f15\u4eba\u5165\u52dd\u7684\u5167\u5bb9\u3002\u9019\u4e9b cookie \u53ef\u80fd\u6703\u8ffd\u8e64\u60a8\u5728\u7db2\u7ad9\u4e0a\u82b1\u8cbb\u7684\u6642\u9593\u6216\u8a2a\u554f\u7684\u9801\u9762\u7b49\u4fe1\u606f\uff0c\u9019\u6709\u52a9\u65bc\u6211\u5011\u4e86\u89e3\u5982\u4f55\u70ba\u60a8\u6539\u9032\u7db2\u7ad9\u3002<\/li>\n\n\n\n<li>\u6211\u5011\u5b9a\u671f\u6e2c\u8a66\u65b0\u529f\u80fd\u4e26\u5c0d\u7db2\u7ad9\u7684\u986f\u793a\u65b9\u5f0f\u9032\u884c\u7d30\u5fae\u7684\u66f4\u6539\u3002\u7576\u6211\u5011\u4ecd\u5728\u6e2c\u8a66\u65b0\u529f\u80fd\u6642\uff0c\u9019\u4e9b cookie \u53ef\u80fd\u6703\u7528\u65bc\u78ba\u4fdd\u60a8\u5728\u7db2\u7ad9\u4e0a\u7372\u5f97\u4e00\u81f4\u7684\u9ad4\u9a57\uff0c\u540c\u6642\u6211\u5011\u4e86\u89e3\u4f7f\u7528\u8005\u6700\u6b23\u8cde\u54ea\u4e9b\u512a\u5316\u3002<\/li>\n\n\n\n<li>\u7576\u6211\u5011\u92b7\u552e\u7522\u54c1\u6642\uff0c\u4e86\u89e3\u6709\u95dc\u6211\u5011\u7db2\u7ad9\u5be6\u969b\u8cfc\u8cb7\u7684\u8a2a\u5ba2\u6578\u91cf\u7684\u7d71\u8a08\u6578\u64da\u975e\u5e38\u91cd\u8981\uff0c\u56e0\u6b64\u9019\u5c31\u662f\u9019\u4e9b cookie \u5c07\u8ffd\u8e64\u7684\u8cc7\u6599\u985e\u578b\u3002\u9019\u5c0d\u60a8\u4f86\u8aaa\u5f88\u91cd\u8981\uff0c\u56e0\u70ba\u9019\u610f\u5473\u8457\u6211\u5011\u53ef\u4ee5\u6e96\u78ba\u5730\u505a\u51fa\u696d\u52d9\u9810\u6e2c\uff0c\u5f9e\u800c\u4f7f\u6211\u5011\u80fd\u5920\u5206\u6790\u6211\u5011\u7684\u5ee3\u544a\u548c\u7522\u54c1\u6210\u672c\uff0c\u4ee5\u78ba\u4fdd\u76e1\u53ef\u80fd\u6700\u4f73\u7684\u50f9\u683c\u3002<\/li>\n\n\n\n<li>\u6211\u5011\u7528\u65bc\u6295\u653e\u5ee3\u544a\u7684 Google AdSense \u670d\u52d9\u4f7f\u7528 DoubleClick cookie \u5728\u7db2\u8def\u4e0a\u6295\u653e\u66f4\u76f8\u95dc\u7684\u5ee3\u544a\uff0c\u4e26\u9650\u5236\u5411\u60a8\u986f\u793a\u7279\u5b9a\u5ee3\u544a\u7684\u6b21\u6578\u3002<br>\u6709\u95dc Google AdSense \u7684\u66f4\u591a\u4fe1\u606f\uff0c\u8acb\u53c3\u95b1\u5b98\u65b9 Google AdSense \u96b1\u79c1\u5e38\u898b\u554f\u984c\u89e3\u7b54\u3002<\/li>\n\n\n\n<li>\u6211\u5011\u4f7f\u7528\u5ee3\u544a\u4f86\u62b5\u6d88\u7d93\u71df\u7db2\u7ad9\u7684\u6210\u672c\u4e26\u70ba\u672a\u4f86\u7684\u767c\u5c55\u63d0\u4f9b\u8cc7\u91d1\u3002\u672c\u7db2\u7ad9\u4f7f\u7528\u7684\u884c\u70ba\u5ee3\u544a cookie \u65e8\u5728\u78ba\u4fdd\u6211\u5011\u900f\u904e\u533f\u540d\u8ffd\u8e64\u60a8\u7684\u8208\u8da3\u4e26\u5448\u73fe\u60a8\u53ef\u80fd\u611f\u8208\u8da3\u7684\u985e\u4f3c\u5167\u5bb9\uff0c\u76e1\u53ef\u80fd\u70ba\u60a8\u63d0\u4f9b\u6700\u76f8\u95dc\u7684\u5ee3\u544a\u3002<\/li>\n\n\n\n<li>\u591a\u500b\u5408\u4f5c\u5925\u4f34\u4ee3\u8868\u6211\u5011\u505a\u5ee3\u544a\uff0c\u800c\u806f\u76df\u8ffd\u8e64cookie \u53ea\u662f\u8b93\u6211\u5011\u4e86\u89e3\u6211\u5011\u7684\u5ba2\u6236\u662f\u5426\u900f\u904e\u6211\u5011\u5408\u4f5c\u5925\u4f34\u7684\u7db2\u7ad9\u4e4b\u4e00\u9020\u8a2a\u4e86\u8a72\u7db2\u7ad9\uff0c\u4ee5\u4fbf\u6211\u5011\u53ef\u4ee5\u9069\u7576\u5730\u8a18\u5165\u4ed6\u5011\u7684\u4fe1\u7528\uff0c\u4e26\u5728\u9069\u7528\u7684\u60c5\u6cc1\u4e0b\u5141\u8a31\u6211\u5011\u7684\u806f\u76df\u5925\u4f34\u63d0\u4f9b\u4efb\u4f55\u4fc3\u92b7\u6d3b\u52d5\uff0c\u53ef\u4ee5\u70ba\u60a8\u63d0\u4f9b\u8cfc\u8cb7\u3002<\/li>\n<\/ul>\n\n\n\n<h3 class=\"wp-block-heading\" data-no-translation=\"\">Compromisso do Usu\u00e1rio<\/h3>\n\n\n\n<p>\u4f7f\u7528\u8005\u627f\u8afe\u9069\u7576\u4f7f\u7528 Artigos Vip \u5728\u7db2\u7ad9\u4e0a\u63d0\u4f9b\u7684\u5167\u5bb9\u548c\u8a0a\u606f\uff0c\u4e26\u5177\u6709\u660e\u78ba\u4f46\u4e0d\u9650\u5236\u7684\u6027\u8cea\uff1a<\/p>\n\n\n\n<ul class=\"wp-block-list\">\n<li>A) \u4e0d\u5f9e\u4e8b\u9055\u6cd5\u6216\u9055\u53cd\u8aa0\u4fe1\u548c\u516c\u5171\u79e9\u5e8f\u7684\u6d3b\u52d5\uff1b<\/li>\n\n\n\n<li>B) \u4e0d\u6563\u64ad\u7a2e\u65cf\u4e3b\u7fa9\u3001\u4ec7\u5916\u6216\u60e1\u52a3\u6027\u8cea\u7684\u5ba3\u50b3\u6216\u5167\u5bb9\uff0c\u4efb\u4f55\u985e\u578b\u7684\u975e\u6cd5\u8272\u60c5\u5167\u5bb9\uff0c\u652f\u6301\u6050\u6016\u4e3b\u7fa9\u6216\u53cd\u5c0d\u4eba\u6b0a\uff1b<\/li>\n\n\n\n<li>C) \u4e0d\u5f97\u5c0dArtigos Vip\u3001\u5176\u4f9b\u61c9\u5546\u6216\u7b2c\u4e09\u65b9\u7684\u5be6\u9ad4\uff08\u786c\u9ad4\uff09\u548c\u908f\u8f2f\uff08\u8edf\u9ad4\uff09\u7cfb\u7d71\u9020\u6210\u640d\u5bb3\uff0c\u4e0d\u5f97\u5f15\u5165\u6216\u50b3\u64ad\u96fb\u8166\u75c5\u6bd2\u6216\u4efb\u4f55\u5176\u4ed6\u80fd\u5920\u9020\u6210\u4e0a\u8ff0\u640d\u5bb3\u7684\u786c\u9ad4\u6216\u8edf\u9ad4\u7cfb\u7d71\u3002<\/li>\n<\/ul>\n\n\n\n<h3 class=\"wp-block-heading\" data-no-translation=\"\">Mais informa\u00e7\u00f5es<\/h3>\n\n\n\n<p>\u5e0c\u671b\u9019\u4e00\u9ede\u5f88\u6e05\u695a\uff0c\u4e26\u4e14\u5982\u524d\u6240\u8ff0\uff0c\u5982\u679c\u60a8\u4e0d\u78ba\u5b9a\u662f\u5426\u9700\u8981\u67d0\u4e9b\u5167\u5bb9\uff0c\u90a3\u9ebc\u555f\u7528 cookie \u901a\u5e38\u6703\u66f4\u5b89\u5168\uff0c\u4ee5\u9632\u5b83\u8207\u60a8\u5728\u6211\u5011\u7db2\u7ad9\u4e0a\u4f7f\u7528\u7684\u529f\u80fd\u4e4b\u4e00\u4e92\u52d5\u3002<\/p>\n\n\n\n<p>\u8a72\u653f\u7b56\u81ea\u751f\u6548\u65e5\u8d77 <strong>\u4e00\u6708<\/strong>\/<strong>2022<\/strong>.<\/p>","protected":false},"excerpt":{"rendered":"<p>A sua privacidade \u00e9 importante para n\u00f3s. \u00c9 pol\u00edtica do Artigos Vip respeitar a sua privacidade em rela\u00e7\u00e3o a qualquer informa\u00e7\u00e3o sua que possamos coletar no site Artigos Vip, e outros sites que possu\u00edmos e operamos. Solicitamos informa\u00e7\u00f5es pessoais apenas quando realmente precisamos delas para lhe fornecer um servi\u00e7o. Fazemo-lo por meios justos e legais,<\/p>","protected":false},"author":1,"featured_media":0,"parent":0,"menu_order":0,"comment_status":"closed","ping_status":"closed","template":"","meta":{"footnotes":""},"class_list":["post-8036","page","type-page","status-publish"],"_links":{"self":[{"href":"https:\/\/artigosvip.com\/zh\/wp-json\/wp\/v2\/pages\/8036","targetHints":{"allow":["GET"]}}],"collection":[{"href":"https:\/\/artigosvip.com\/zh\/wp-json\/wp\/v2\/pages"}],"about":[{"href":"https:\/\/artigosvip.com\/zh\/wp-json\/wp\/v2\/types\/page"}],"author":[{"embeddable":true,"href":"https:\/\/artigosvip.com\/zh\/wp-json\/wp\/v2\/users\/1"}],"replies":[{"embeddable":true,"href":"https:\/\/artigosvip.com\/zh\/wp-json\/wp\/v2\/comments?post=8036"}],"version-history":[{"count":2,"href":"https:\/\/artigosvip.com\/zh\/wp-json\/wp\/v2\/pages\/8036\/revisions"}],"predecessor-version":[{"id":8111,"href":"https:\/\/artigosvip.com\/zh\/wp-json\/wp\/v2\/pages\/8036\/revisions\/8111"}],"wp:attachment":[{"href":"https:\/\/artigosvip.com\/zh\/wp-json\/wp\/v2\/media?parent=8036"}],"curies":[{"name":"wp","href":"https:\/\/api.w.org\/{rel}","templated":true}]}}