{"id":8038,"date":"2023-09-30T10:27:48","date_gmt":"2023-09-30T10:27:48","guid":{"rendered":"https:\/\/artigosvip.com\/?page_id=8038"},"modified":"2023-10-07T08:36:49","modified_gmt":"2023-10-07T08:36:49","slug":"%e4%bd%bf%e7%94%a8%e6%9d%a1%e6%ac%be","status":"publish","type":"page","link":"https:\/\/artigosvip.com\/zh_hk\/termos-de-uso\/","title":{"rendered":"\u4f7f\u7528\u6761\u6b3e"},"content":{"rendered":"<h3 class=\"wp-block-heading\" id=\"1-termos\" data-no-translation=\"\">1. Termos<\/h3>\n\n\n\n<p>\u8bbf\u95ee\u7f51\u7ad9\u65f6 <a href=\"https:\/\/justmobs.com\">\u8d35\u5bbe\u6587\u7ae0<\/a>\uff0c\u60a8\u540c\u610f\u9075\u5b88\u8fd9\u4e9b\u670d\u52a1\u6761\u6b3e\u3001\u6240\u6709\u9002\u7528\u7684\u6cd5\u5f8b\u548c\u6cd5\u89c4\uff0c\u5e76\u540c\u610f\u60a8\u6709\u8d23\u4efb\u9075\u5b88\u4efb\u4f55\u9002\u7528\u7684\u5f53\u5730\u6cd5\u5f8b\u3002\u5982\u679c\u60a8\u4e0d\u540c\u610f\u8fd9\u4e9b\u6761\u6b3e\u4e2d\u7684\u4efb\u4f55\u4e00\u9879\uff0c\u60a8\u5c06\u88ab\u7981\u6b62\u4f7f\u7528\u6216\u8bbf\u95ee\u672c\u7f51\u7ad9\u3002\u672c\u7f51\u7ad9\u5305\u542b\u7684\u6750\u6599\u53d7\u9002\u7528\u7684\u7248\u6743\u548c\u5546\u6807\u6cd5\u7684\u4fdd\u62a4\u3002<\/p>\n\n\n\n<h3 class=\"wp-block-heading\" id=\"2-uso-de-licenca\" data-no-translation=\"\">2. Uso de Licen\u00e7a<\/h3>\n\n\n\n<p>\u5141\u8bb8\u4e34\u65f6\u4e0b\u8f7d Articles Vip \u7f51\u7ad9\u4e0a\u7684\u6750\u6599\uff08\u4fe1\u606f\u6216\u8f6f\u4ef6\uff09\u7684\u4e00\u4efd\u526f\u672c\uff0c\u4ec5\u4f9b\u4e2a\u4eba\u3001\u975e\u5546\u4e1a\u6027\u7684\u4e34\u65f6\u67e5\u770b\u3002\u8fd9\u662f\u6388\u4e88\u8bb8\u53ef\uff0c\u800c\u4e0d\u662f\u6240\u6709\u6743\u8f6c\u8ba9\uff0c\u6839\u636e\u672c\u8bb8\u53ef\uff0c\u60a8\u4e0d\u5f97\uff1a\u00a0<\/p>\n\n\n\n<ol class=\"wp-block-list\">\n<li>\u4fee\u6539\u6216\u590d\u5236\u6750\u6599\uff1b&nbsp;<\/li>\n\n\n\n<li>\u5c06\u8fd9\u4e9b\u6750\u6599\u7528\u4e8e\u4efb\u4f55\u5546\u4e1a\u76ee\u7684\u6216\u516c\u5f00\u5c55\u793a\uff08\u5546\u4e1a\u6216\u975e\u5546\u4e1a\uff09\uff1b&nbsp;<\/li>\n\n\n\n<li>\u5c1d\u8bd5\u5bf9 Artigos Vip \u7f51\u7ad9\u4e0a\u5305\u542b\u7684\u4efb\u4f55\u8f6f\u4ef6\u8fdb\u884c\u53cd\u7f16\u8bd1\u6216\u9006\u5411\u5de5\u7a0b\uff1b\u00a0<\/li>\n\n\n\n<li>\u4ece\u6750\u6599\u4e2d\u5220\u9664\u4efb\u4f55\u7248\u6743\u6216\u5176\u4ed6\u4e13\u6709\u7b26\u53f7\uff1b\u6216\u8005&nbsp;<\/li>\n\n\n\n<li>\u5c06\u6750\u6599\u4f20\u8f93\u7ed9\u5176\u4ed6\u4eba\u6216\u5728\u4efb\u4f55\u5176\u4ed6\u670d\u52a1\u5668\u4e0a\u201c\u955c\u50cf\u201d\u6750\u6599\u3002<\/li>\n<\/ol>\n\n\n\n<p>\u5982\u679c\u60a8\u8fdd\u53cd\u4efb\u4f55\u8fd9\u4e9b\u9650\u5236\uff0c\u8be5\u8bb8\u53ef\u5c06\u81ea\u52a8\u7ec8\u6b62\uff0c\u5e76\u4e14 Artigos Vip \u53ef\u80fd\u968f\u65f6\u7ec8\u6b62\u8be5\u8bb8\u53ef\u3002\u5728\u7ec8\u6b62\u67e5\u770b\u8fd9\u4e9b\u6750\u6599\u6216\u7ec8\u6b62\u672c\u8bb8\u53ef\u540e\uff0c\u60a8\u5fc5\u987b\u5220\u9664\u60a8\u62e5\u6709\u7684\u4efb\u4f55\u4e0b\u8f7d\u6750\u6599\uff0c\u65e0\u8bba\u662f\u7535\u5b50\u683c\u5f0f\u8fd8\u662f\u5370\u5237\u683c\u5f0f\u3002<\/p>\n\n\n\n<h3 class=\"wp-block-heading\" id=\"3-isencao-de-responsabilidade\" data-no-translation=\"\">3. Isen\u00e7\u00e3o de responsabilidade<\/h3>\n\n\n\n<ol class=\"wp-block-list\">\n<li>Vip \u7f51\u7ad9\u4e0a\u7684\u6750\u6599\u6309\u201c\u539f\u6837\u201d\u63d0\u4f9b\u3002 Vip Articles \u4e0d\u4f5c\u4efb\u4f55\u660e\u793a\u6216\u6697\u793a\u7684\u4fdd\u8bc1\uff0c\u5e76\u7279\u6b64\u5426\u8ba4\u548c\u5426\u5b9a\u6240\u6709\u5176\u4ed6\u4fdd\u8bc1\uff0c\u5305\u62ec\u4f46\u4e0d\u9650\u4e8e\u9002\u9500\u6027\u3001\u7279\u5b9a\u7528\u9014\u7684\u9002\u7528\u6027\u6216\u4e0d\u4fb5\u72af\u77e5\u8bc6\u4ea7\u6743\u6216\u5176\u4ed6\u4fb5\u72af\u6743\u5229\u7684\u6697\u793a\u4fdd\u8bc1\u6216\u6761\u4ef6\u3002<\/li>\n\n\n\n<li>\u6b64\u5916\uff0cArtigos Vip \u5bf9\u5176\u7f51\u7ad9\u4e0a\u6216\u4e0e\u6b64\u7c7b\u6750\u6599\u6216\u4e0e\u672c\u7f51\u7ad9\u94fe\u63a5\u7684\u4efb\u4f55\u7f51\u7ad9\u4e0a\u7684\u6750\u6599\u4f7f\u7528\u7684\u51c6\u786e\u6027\u3001\u53ef\u80fd\u7684\u7ed3\u679c\u6216\u53ef\u9760\u6027\u4e0d\u4f5c\u4efb\u4f55\u4fdd\u8bc1\u6216\u9648\u8ff0\u3002<\/li>\n<\/ol>\n\n\n\n<h3 class=\"wp-block-heading\" id=\"4-limitacoes\" data-no-translation=\"\">4. Limita\u00e7\u00f5es<\/h3>\n\n\n\n<p>\u5728\u4efb\u4f55\u60c5\u51b5\u4e0b\uff0cArticle Vip \u6216\u5176\u4f9b\u5e94\u5546\u5747\u4e0d\u5bf9\u56e0\u4f7f\u7528\u6216\u65e0\u6cd5\u4f7f\u7528 Article Vip \u4e0a\u7684\u6750\u6599\u800c\u9020\u6210\u7684\u4efb\u4f55\u635f\u5bb3\uff08\u5305\u62ec\u4f46\u4e0d\u9650\u4e8e\u6570\u636e\u6216\u5229\u6da6\u635f\u5931\u6216\u4e1a\u52a1\u4e2d\u65ad\u9020\u6210\u7684\u635f\u5bb3\uff09\u627f\u62c5\u8d23\u4efb\uff0c\u5373\u4f7f\u5982\u679c Articles Vip \u6216 Articles Vip \u6388\u6743\u4ee3\u8868\u5df2\u88ab\u53e3\u5934\u6216\u4e66\u9762\u901a\u77e5\u53d1\u751f\u6b64\u7c7b\u635f\u5bb3\u7684\u53ef\u80fd\u6027\u3002\u7531\u4e8e\u67d0\u4e9b\u53f8\u6cd5\u7ba1\u8f96\u533a\u4e0d\u5141\u8bb8\u5bf9\u9ed8\u793a\u4fdd\u8bc1\u8fdb\u884c\u9650\u5236\uff0c\u6216\u5bf9\u95f4\u63a5\u6216\u9644\u5e26\u635f\u5bb3\u7684\u8d23\u4efb\u8fdb\u884c\u9650\u5236\uff0c\u56e0\u6b64\u8fd9\u4e9b\u9650\u5236\u53ef\u80fd\u4e0d\u9002\u7528\u4e8e\u60a8\u3002<\/p>\n\n\n\n<h3 class=\"wp-block-heading\" id=\"5-precisao-dos-materiais\" data-no-translation=\"\">5. Precis\u00e3o dos materiais<\/h3>\n\n\n\n<p>Articles Vip \u7f51\u7ad9\u4e0a\u51fa\u73b0\u7684\u6750\u6599\u53ef\u80fd\u5305\u542b\u6280\u672f\u3001\u5370\u5237\u6216\u7167\u7247\u9519\u8bef\u3002 VIP Articles \u4e0d\u4fdd\u8bc1\u5176\u7f51\u7ad9\u4e0a\u7684\u4efb\u4f55\u6750\u6599\u90fd\u662f\u51c6\u786e\u3001\u5b8c\u6574\u6216\u6700\u65b0\u7684\u3002\u6587\u7ae0VIP\u53ef\u968f\u65f6\u66f4\u6539\u5176\u7f51\u7ad9\u4e0a\u5305\u542b\u7684\u6750\u6599\uff0c\u6055\u4e0d\u53e6\u884c\u901a\u77e5\u3002\u4f46VIP\u6587\u7ae0\u4e0d\u627f\u8bfa\u66f4\u65b0\u6750\u6599\u3002<\/p>\n\n\n\n<h3 class=\"wp-block-heading\" id=\"6-links\" data-no-translation=\"\">6. Links<\/h3>\n\n\n\n<p>\u6587\u7ae0Vip\u5e76\u672a\u5ba1\u67e5\u4e0e\u5176\u7f51\u7ad9\u94fe\u63a5\u7684\u6240\u6709\u7f51\u7ad9\uff0c\u5e76\u4e14\u4e0d\u5bf9\u4efb\u4f55\u94fe\u63a5\u7f51\u7ad9\u7684\u5185\u5bb9\u8d1f\u8d23\u3002\u5305\u542b\u4efb\u4f55\u94fe\u63a5\u5e76\u4e0d\u610f\u5473\u7740 Artigos Vip \u8ba4\u53ef\u8be5\u7f51\u7ad9\u3002\u4f7f\u7528\u4efb\u4f55\u94fe\u63a5\u7f51\u7ad9\u7684\u98ce\u9669\u7531\u7528\u6237\u81ea\u884c\u627f\u62c5\u3002<\/p>\n\n\n\n<h3 class=\"wp-block-heading\" id=\"modificacoes\" data-no-translation=\"\">Modifica\u00e7\u00f5es<\/h3>\n\n\n\n<p>\u6587\u7ae0\u552f\u54c1\u4f1a\u53ef\u968f\u65f6\u4fee\u6539\u5176\u7f51\u7ad9\u7684\u8fd9\u4e9b\u670d\u52a1\u6761\u6b3e\uff0c\u6055\u4e0d\u53e6\u884c\u901a\u77e5\u3002\u4f7f\u7528\u672c\u7f51\u7ad9\u5373\u8868\u793a\u60a8\u540c\u610f\u53d7\u8fd9\u4e9b\u670d\u52a1\u6761\u6b3e\u7684\u5f53\u524d\u7248\u672c\u7684\u7ea6\u675f\u3002<\/p>\n\n\n\n<h3 class=\"wp-block-heading\" id=\"lei-aplicavel\" data-no-translation=\"\">Lei aplic\u00e1vel<\/h3>\n\n\n\n<p>\u8fd9\u4e9b\u6761\u6b3e\u548c\u6761\u4ef6\u53d7 VIP \u6cd5\u5f8b\u7ba1\u8f96\u5e76\u6839\u636e\u5176\u89e3\u91ca\uff0c\u5e76\u4e14\u60a8\u4e0d\u53ef\u64a4\u9500\u5730\u670d\u4ece\u8be5\u5dde\u6216\u5730\u70b9\u6cd5\u9662\u7684\u4e13\u5c5e\u7ba1\u8f96\u6743\u3002<\/p>","protected":false},"excerpt":{"rendered":"<p>1. Termos Ao acessar ao site Artigos Vip, concorda em cumprir estes termos de servi\u00e7o, todas as leis e regulamentos aplic\u00e1veis \u200b\u200be concorda que \u00e9 respons\u00e1vel pelo cumprimento de todas as leis locais aplic\u00e1veis. Se voc\u00ea n\u00e3o concordar com algum desses termos, est\u00e1 proibido de usar ou acessar este site. Os materiais contidos neste site<\/p>","protected":false},"author":1,"featured_media":0,"parent":0,"menu_order":0,"comment_status":"closed","ping_status":"closed","template":"","meta":{"footnotes":""},"class_list":["post-8038","page","type-page","status-publish"],"_links":{"self":[{"href":"https:\/\/artigosvip.com\/zh_hk\/wp-json\/wp\/v2\/pages\/8038","targetHints":{"allow":["GET"]}}],"collection":[{"href":"https:\/\/artigosvip.com\/zh_hk\/wp-json\/wp\/v2\/pages"}],"about":[{"href":"https:\/\/artigosvip.com\/zh_hk\/wp-json\/wp\/v2\/types\/page"}],"author":[{"embeddable":true,"href":"https:\/\/artigosvip.com\/zh_hk\/wp-json\/wp\/v2\/users\/1"}],"replies":[{"embeddable":true,"href":"https:\/\/artigosvip.com\/zh_hk\/wp-json\/wp\/v2\/comments?post=8038"}],"version-history":[{"count":2,"href":"https:\/\/artigosvip.com\/zh_hk\/wp-json\/wp\/v2\/pages\/8038\/revisions"}],"predecessor-version":[{"id":8113,"href":"https:\/\/artigosvip.com\/zh_hk\/wp-json\/wp\/v2\/pages\/8038\/revisions\/8113"}],"wp:attachment":[{"href":"https:\/\/artigosvip.com\/zh_hk\/wp-json\/wp\/v2\/media?parent=8038"}],"curies":[{"name":"wp","href":"https:\/\/api.w.org\/{rel}","templated":true}]}}